{"id":5572,"date":"2024-02-12T16:37:31","date_gmt":"2024-02-12T15:37:31","guid":{"rendered":"https:\/\/growerssupply.eu\/stornierungsbedingungen\/"},"modified":"2024-05-16T17:23:36","modified_gmt":"2024-05-16T15:23:36","slug":"stornierungsbedingungen","status":"publish","type":"page","link":"https:\/\/growerssupply.eu\/de\/stornierungsbedingungen\/","title":{"rendered":"Stornierungsbedingungen"},"content":{"rendered":"\n<p>Widerrufsbelehrung<\/p>\n\n<p>Widerrufsrecht<\/p>\n\n<p>Sie haben das Recht, binnen vierzehn Tagen ohne Angabe von Gr\u00fcnden diesen Vertrag zu widerrufen. Die Widerrufsfrist betr\u00e4gt vierzehn Tage ab dem Tag,<\/p>\n\n<ul class=\"wp-block-list\">\n<li><\/li>\n<\/ul>\n\n<ul class=\"wp-block-list\">\n<li>an dem Sie oder ein von Ihnen benannter Dritter, der nicht der Bef\u00f6rderer ist, die Waren in Besitz genommen haben bzw.. hat, sofern Sie eine oder mehrere Waren im Rahmen einer einheitlichen Bestellung bestellt haben und diese einheitlich geliefert wird bzw.. werden;<\/li>\n<\/ul>\n\n<p>Aus\u00fcbung des Widerrufsrechts<\/p>\n\n<ul class=\"wp-block-list\">\n<li><\/li>\n<\/ul>\n\n<ul class=\"wp-block-list\">\n<li>Um Ihr Widerrufsrecht auszu\u00fcben, m\u00fcssen Sie uns:<\/li>\n<\/ul>\n\n<p>j-tec GmbH<br\/>Gafadura 43<br\/>6794 Partenen<\/p>\n\n<p>E-Mail-Adresse: office@growerssupply.eu<\/p>\n\n<p>mittels einer eindeutigen Erkl\u00e4rung (z.B. mit der Post versandter Brief oder E-Mail) \u00fcber Ihren Entschluss, diesen Vertrag zu widerrufen, informieren.<\/p>\n\n<ul class=\"wp-block-list\">\n<li><\/li>\n<\/ul>\n\n<ul class=\"wp-block-list\">\n<li>Die Wahl des Informationsmittels liegt in Ihrem Ermessen, wir bieten Ihnen jedoch die Verwendung des beiliegenden Formulars (bei der Empfangsbest\u00e4tigung Ihrer Bestellung als pdf angeh\u00e4ngt).<\/li>\n<\/ul>\n\n<ul class=\"wp-block-list\">\n<li>Sie k\u00f6nnen das Muster-Widerrufsformular oder eine andere eindeutige Erkl\u00e4rung auch auf unserer Webseite www.foxline.eu elektronisch ausf\u00fcllen und \u00fcbermitteln. Machen Sie von dieser M\u00f6glichkeit Gebrauch, so werden wir Ihnen unverz\u00fcglich (z. B. per E-Mail) eine Best\u00e4tigung \u00fcber den Eingang eines solchen Widerrufs \u00fcbermitteln.<\/li>\n<\/ul>\n\n<ul class=\"wp-block-list\">\n<li>Zur Wahrung der Widerrufsfrist reicht es aus, dass Sie die Mitteilung \u00fcber die Aus\u00fcbung des Widerrufsrechts vor Ablauf der Widerrufsfrist absenden.<\/li>\n<\/ul>\n\n<p>Folgen des Widerrufs<\/p>\n\n<ul class=\"wp-block-list\">\n<li><\/li>\n<\/ul>\n\n<ul class=\"wp-block-list\">\n<li>Wenn Sie diesen Vertrag widerrufen, haben wir Ihnen alle Zahlungen, die wir von Ihnen erhalten haben, einschliesslich der Lieferkosten (mit Ausnahme der zus\u00e4tzlichen Kosten, die sich daraus ergeben, dass Sie eine andere Art der Lieferung als die von uns angebotene, g\u00fcnstigste Standardlieferung gew\u00e4hlt haben), unverz\u00fcglich und sp\u00e4testens binnen vierzehn Tagen ab dem Tag zur\u00fcckzuzahlen, an dem die Mitteilung \u00fcber Ihren Widerruf dieses Vertrags bei uns eingegangen ist. F\u00fcr diese R\u00fcckzahlung verwenden wir dasselbe Zahlungsmittel, das Sie bei der urspr\u00fcnglichen Transaktion eingesetzt haben, es sei denn, mit Ihnen wurde ausdr\u00fccklich etwas anderes vereinbart; in keinem Fall werden Ihnen wegen dieser R\u00fcckzahlung Entgelte verrechnet.<\/li>\n<\/ul>\n\n<ul class=\"wp-block-list\">\n<li>Wir k\u00f6nnen die R\u00fcckzahlung verweigern, bis wir die Waren wieder zur\u00fcckerhalten haben oder bis Sie den Nachweis erbracht haben, dass Sie die Waren zur\u00fcckgesandt haben, je nachdem, welcher der fr\u00fchere Zeitpunkt ist.<\/li>\n<\/ul>\n\n<ul class=\"wp-block-list\">\n<li>Sie haben die Waren unverz\u00fcglich und in jedem Fall sp\u00e4testens binnen vierzehn Tagen ab dem Tag, an dem Sie uns \u00fcber den Widerruf dieses Vertrages unterrichten, an zur\u00fcckzusenden oder zu \u00fcbergeben. Die Frist ist gewahrt, wenn Sie die Waren vor Ablauf der Frist von vierzehn Tagen absenden.<\/li>\n<\/ul>\n\n<ul class=\"wp-block-list\">\n<li>Sie tragen die unmittelbaren Kosten der R\u00fccksendung paketversandf\u00e4higer Waren sowie die unmittelbaren Kosten der R\u00fccksendung nicht paketversandf\u00e4higer Waren. Die Kosten f\u00fcr nicht paketversandf\u00e4hige Waren werden auf h\u00f6chstens etwa 150 EUR gesch\u00e4tzt.<\/li>\n<\/ul>\n\n<ul class=\"wp-block-list\">\n<li>Sie m\u00fcssen f\u00fcr einen etwaigen Wertverlust der Waren nur aufkommen, wenn dieser Wertverlust auf einen zur Pr\u00fcfung der Beschaffenheit, Eigenschaften und Funktionsweise der Waren nicht notwendigen Umgang mit ihnen zur\u00fcckzuf\u00fchren ist.<\/li>\n<\/ul>\n\n<p>Ausschluss- bzw. Erl\u00f6schensgr\u00fcnde<\/p>\n\n<p>Das Widerrufsrecht besteht nicht bei Vertr\u00e4gen<\/p>\n\n<ul class=\"wp-block-list\">\n<li><\/li>\n<\/ul>\n\n<ul class=\"wp-block-list\">\n<li>zur Lieferung von Waren, die nicht vorgefertigt sind und f\u00fcr deren Herstellung eine individuelle Auswahl oder Bestimmung durch den Verbraucher ma\u00dfgeblich ist oder die eindeutig auf die pers\u00f6nlichen Bed\u00fcrfnisse des Verbrauchers zugeschnitten sind;<\/li>\n<\/ul>\n\n<ul class=\"wp-block-list\">\n<li>zur Lieferung von Waren, die schnell verderben k\u00f6nnen oder deren Verfallsdatum schnell \u00fcberschritten w\u00fcrde;<\/li>\n<\/ul>\n\n<ul class=\"wp-block-list\">\n<li>zur Lieferung alkoholischer Getr\u00e4nke, deren Preis bei Vertragsschluss vereinbart wurde, die aber fr\u00fchestens 30 Tage nach Vertragsschluss geliefert werden k\u00f6nnen und deren aktueller Wert von Schwankungen auf dem Markt abh\u00e4ngt, auf die der Unternehmer keinen Einfluss hat;<\/li>\n<\/ul>\n\n<ul class=\"wp-block-list\">\n<li>zur Lieferung von Zeitungen, Zeitschriften oder Illustrierten mit Ausnahme von Abonnement-Vertr\u00e4gen.<\/li>\n<\/ul>\n\n<p>Das Widerrufsrecht wird vorl\u00e4ufig bei Vertr\u00e4gen erlischt<\/p>\n\n<ul class=\"wp-block-list\">\n<li><\/li>\n<\/ul>\n\n<ul class=\"wp-block-list\">\n<li>zur Lieferung versiegelter Waren, die aus Gr\u00fcnden des Gesundheitsschutzes oder der Hygiene nicht zur R\u00fcckgabe geeignet sind, wenn ihre Versiegelung nach der Lieferung entfernt wurde;<\/li>\n<\/ul>\n\n<ul class=\"wp-block-list\">\n<li>zur Lieferung von Waren, wenn diese nach der Lieferung aufgrund ihrer Beschaffenheit untrennbar mit anderen G\u00fctern vermischt wurden;<\/li>\n<\/ul>\n\n<ul class=\"wp-block-list\">\n<li>zur Lieferung von Ton- oder Videoaufnahmen oder Computersoftware in einer versiegelten Packung, wenn die Versiegelung nach der Lieferung entfernt wurde.<\/li>\n<\/ul>\n\n<p>Muster-Widerrufsformular<\/p>\n\n<p>Wenn Sie den Vertrag widerrufen wollen, dann f\u00fcllen Sie bitte das nachstehende Formular aus und senden Sie es an nachstehende E-Mail-Adresse: rma@growerssupply.eu<\/p>\n\n<p>Eine<\/p>\n\n<p>j-tec Gmh<br\/>Gafadura 43<br\/>6794 Partnen<\/p>\n\n<p>Hiermit widerrufe(n) ich\/wir* den von mir\/uns* abgeschlossenen Vertrag \u00fcber den Kauf der folgenden Waren* \/ die Erbringung der folgenden Dienstleistung*.<\/p>\n\n<p>&#8230;&#8230;&#8230;&#8230;&#8230;&#8230;&#8230;&#8230;&#8230;&#8230;&#8230;&#8230;&#8230;&#8230;&#8230;&#8230;&#8230;&#8230;&#8230;&#8230;&#8230;&#8230;&#8230;&#8230;&#8230;&#8230;&#8230;&#8230;&#8230;&#8230;&#8230;&#8230;&#8230;&#8230;&#8230;&#8230;&#8230;&#8230;&#8230;&#8230;&#8230;&#8230;&#8230;&#8230;&#8230;&#8230;&#8230;&#8230;&#8230;&#8230;&#8230;&#8230;&#8230;&#8230;&#8230;&#8230;&#8230;&#8230;&#8230;&#8230;&#8230;&#8230;&#8230;&#8230;&#8230;&#8230;&#8230;&#8230;&#8230;&#8230;&#8230;&#8230;&#8230;..<\/p>\n\n<p>bestellt am &#8230;&#8230;&#8230;&#8230;&#8230;&#8230;&#8230;&#8230;&#8230;&#8230;&#8230;&#8230;&#8230; , erhalten am &#8230;&#8230;&#8230;&#8230;&#8230;&#8230;&#8230;&#8230;&#8230;&#8230;&#8230;&#8230;&#8230;&#8230;&#8230;&#8230;&#8230;.<\/p>\n\n<p>&#8230;&#8230;&#8230;&#8230;&#8230;&#8230;&#8230;&#8230;&#8230;&#8230;&#8230;&#8230;&#8230;&#8230;&#8230;&#8230;&#8230;&#8230;&#8230;&#8230;&#8230;&#8230;&#8230;&#8230;&#8230;&#8230;&#8230;&#8230;&#8230;&#8230;&#8230;&#8230;&#8230;&#8230;&#8230;&#8230;&#8230;&#8230;&#8230;&#8230;&#8230;&#8230;&#8230;&#8230;&#8230;&#8230;&#8230;&#8230;..<\/p>\n\n<p>Name des\/der Verbraucher(s)<\/p>\n\n<p>&#8230;&#8230;&#8230;&#8230;&#8230;&#8230;&#8230;&#8230;&#8230;&#8230;&#8230;&#8230;&#8230;&#8230;&#8230;&#8230;&#8230;&#8230;&#8230;&#8230;&#8230;&#8230;&#8230;&#8230;&#8230;&#8230;&#8230;&#8230;&#8230;&#8230;&#8230;&#8230;&#8230;&#8230;&#8230;&#8230;&#8230;&#8230;&#8230;&#8230;&#8230;&#8230;&#8230;&#8230;&#8230;&#8230;&#8230;&#8230;..<\/p>\n\n<p>Anschrift des\/der Verbraucher(s)<\/p>\n\n<p>&#8230;&#8230;&#8230;&#8230;&#8230;&#8230;&#8230;&#8230;&#8230;&#8230;&#8230;&#8230;&#8230;&#8230;&#8230;&#8230;&#8230;&#8230;&#8230;&#8230;&#8230;&#8230;&#8230;&#8230;. \u00a0 \u00a0 \u00a0 \u00a0 \u00a0 \u00a0 \u00a0 \u00a0 \u00a0 \u00a0 \u00a0 \u00a0\u00a0 &#8230;&#8230;&#8230;&#8230;&#8230;&#8230;&#8230;&#8230;&#8230;&#8230;&#8230;&#8230;&#8230;&#8230;.<\/p>\n\n<p>Unterschrift des\/der Verbaucher(s) Datum<\/p>\n","protected":false},"excerpt":{"rendered":"<p>Widerrufsbelehrung Widerrufsrecht Sie haben das Recht, binnen vierzehn Tagen ohne Angabe von Gr\u00fcnden diesen Vertrag zu widerrufen. Die Widerrufsfrist betr\u00e4gt vierzehn Tage ab dem Tag, Aus\u00fcbung des Widerrufsrechts j-tec GmbHGafadura 436794 Partenen E-Mail-Adresse: office@growerssupply.eu mittels einer eindeutigen Erkl\u00e4rung (z.B. mit der Post versandter Brief oder E-Mail) \u00fcber Ihren Entschluss, diesen Vertrag zu widerrufen, informieren. Folgen [&hellip;]<\/p>\n","protected":false},"author":1,"featured_media":0,"parent":0,"menu_order":0,"comment_status":"closed","ping_status":"closed","template":"","meta":{"footnotes":""},"class_list":["post-5572","page","type-page","status-publish","hentry"],"jetpack_sharing_enabled":true,"_links":{"self":[{"href":"https:\/\/growerssupply.eu\/de\/wp-json\/wp\/v2\/pages\/5572","targetHints":{"allow":["GET"]}}],"collection":[{"href":"https:\/\/growerssupply.eu\/de\/wp-json\/wp\/v2\/pages"}],"about":[{"href":"https:\/\/growerssupply.eu\/de\/wp-json\/wp\/v2\/types\/page"}],"author":[{"embeddable":true,"href":"https:\/\/growerssupply.eu\/de\/wp-json\/wp\/v2\/users\/1"}],"replies":[{"embeddable":true,"href":"https:\/\/growerssupply.eu\/de\/wp-json\/wp\/v2\/comments?post=5572"}],"version-history":[{"count":1,"href":"https:\/\/growerssupply.eu\/de\/wp-json\/wp\/v2\/pages\/5572\/revisions"}],"predecessor-version":[{"id":5575,"href":"https:\/\/growerssupply.eu\/de\/wp-json\/wp\/v2\/pages\/5572\/revisions\/5575"}],"wp:attachment":[{"href":"https:\/\/growerssupply.eu\/de\/wp-json\/wp\/v2\/media?parent=5572"}],"curies":[{"name":"wp","href":"https:\/\/api.w.org\/{rel}","templated":true}]}}