{"id":5582,"date":"2016-06-13T16:11:07","date_gmt":"2016-06-13T14:11:07","guid":{"rendered":"https:\/\/growerssupply.eu\/ueber-uns\/"},"modified":"2024-05-16T17:23:39","modified_gmt":"2024-05-16T15:23:39","slug":"ueber-uns","status":"publish","type":"page","link":"https:\/\/growerssupply.eu\/de\/ueber-uns\/","title":{"rendered":"\u00dcber uns"},"content":{"rendered":"\t\t<div data-elementor-type=\"wp-page\" data-elementor-id=\"5582\" class=\"elementor elementor-5582 elementor-58\">\n\t\t\t\t\t\t<section class=\"elementor-section elementor-top-section elementor-element elementor-element-72860c2 elementor-section-boxed elementor-section-height-default elementor-section-height-default\" data-id=\"72860c2\" data-element_type=\"section\" data-e-type=\"section\">\r\n\t\t\r\n\t\t\t\t\t\t\t<div class=\"elementor-container elementor-column-gap-default\">\r\n\t\t\t\t\t\t\t\t\t\t\t<div class=\"elementor-column elementor-col-33 elementor-top-column elementor-element elementor-element-7ecdab3\" data-id=\"7ecdab3\" data-element_type=\"column\" data-e-type=\"column\">\r\n\t\t\t\t\t<div class=\"elementor-widget-wrap elementor-element-populated\">\r\n\t\t\t\t\t\t\t\t<div class=\"elementor-element elementor-element-705f01d mb-0 elementor-widget elementor-widget-porto_ultimate_heading\" data-id=\"705f01d\" data-element_type=\"widget\" data-e-type=\"widget\" data-widget_type=\"porto_ultimate_heading.default\">\n\t\t\t\t<div class=\"elementor-widget-container\">\n\t\t\t\t\t<div class=\"porto-u-heading  porto-u-7cde7bb859728a21207628191890e260\"><div class=\"porto-u-main-heading\"><h2    style=\"margin-bottom: 20px;\">\u00dcBER UNS<\/h2><\/div><div class=\"porto-u-sub-heading\" style=\"\"><p>Wir liefern, ausgew\u00e4hltes Grow-Zubeh\u00f6r.<\/p><\/div><style>.porto-u-7cde7bb859728a21207628191890e260.porto-u-heading{text-align:left}<\/style><\/div>\t\t\t\t<\/div>\n\t\t\t\t<\/div>\n\t\t\t\t<div class=\"elementor-element elementor-element-946d2cc elementor-widget elementor-widget-text-editor\" data-id=\"946d2cc\" data-element_type=\"widget\" data-e-type=\"widget\" data-widget_type=\"text-editor.default\">\n\t\t\t\t<div class=\"elementor-widget-container\">\n\t\t\t\t\t\t\t\t\t<p>Wir liefern sorgf\u00e4ltig ausgew\u00e4hltes Equipment, das Ihnen bei Ihren Bem\u00fchungen um den Indoor-Gartenbau zum Erfolg verhilft. Unsere Auswahl wurde so zusammengestellt, dass Qualit\u00e4t und Effektivit\u00e4t gew\u00e4hrleistet sind und die Z\u00fcchter mit Zuversicht anbauen k\u00f6nnen.<\/p>\n\t\t\t\t\t\t\t\t<\/div>\n\t\t\t\t<\/div>\n\t\t\t\t\t<\/div>\r\n\t\t\t\t<\/div>\r\n\t\t\t\t<div class=\"elementor-column elementor-col-33 elementor-top-column elementor-element elementor-element-f9297fe\" data-id=\"f9297fe\" data-element_type=\"column\" data-e-type=\"column\">\r\n\t\t\t\t\t<div class=\"elementor-widget-wrap elementor-element-populated\">\r\n\t\t\t\t\t\t\t\t<div class=\"elementor-element elementor-element-5c09928 mb-4 elementor-widget elementor-widget-image\" data-id=\"5c09928\" data-element_type=\"widget\" data-e-type=\"widget\" data-widget_type=\"image.default\">\n\t\t\t\t<div class=\"elementor-widget-container\">\n\t\t\t\t\t\t\t\t\t\t\t\t\t\t\t<img fetchpriority=\"high\" decoding=\"async\" width=\"307\" height=\"371\" src=\"https:\/\/growerssupply.eu\/wp-content\/uploads\/2018\/03\/shop12_about_us_img.jpg\" class=\"attachment-full size-full wp-image-4907\" alt=\"\" title=\"\">\t\t\t\t\t\t\t\t\t\t\t\t\t\t\t<\/div>\n\t\t\t\t<\/div>\n\t\t\t\t\t<\/div>\r\n\t\t\t\t<\/div>\r\n\t\t\t\t<div class=\"elementor-column elementor-col-33 elementor-top-column elementor-element elementor-element-cf01109\" data-id=\"cf01109\" data-element_type=\"column\" data-e-type=\"column\">\r\n\t\t\t\t\t<div class=\"elementor-widget-wrap elementor-element-populated\">\r\n\t\t\t\t\t\t\t\t<div class=\"elementor-element elementor-element-12f4296 elementor-widget elementor-widget-toggle\" data-id=\"12f4296\" data-element_type=\"widget\" data-e-type=\"widget\" data-widget_type=\"toggle.default\">\n\t\t\t\t<div class=\"elementor-widget-container\">\n\t\t\t\t\t\t\t<div class=\"elementor-toggle\">\n\t\t\t\t\t\t\t<div class=\"elementor-toggle-item\">\n\t\t\t\t\t<div id=\"elementor-tab-title-1981\" class=\"elementor-tab-title\" data-tab=\"1\" role=\"button\" aria-controls=\"elementor-tab-content-1981\" aria-expanded=\"false\">\n\t\t\t\t\t\t\t\t\t\t\t\t<span class=\"elementor-toggle-icon elementor-toggle-icon-right\" aria-hidden=\"true\">\n\t\t\t\t\t\t\t\t\t\t\t\t\t\t\t<span class=\"elementor-toggle-icon-closed\"><i class=\"fas fa-plus-circle\"><\/i><\/span>\n\t\t\t\t\t\t\t\t<span class=\"elementor-toggle-icon-opened\"><i class=\"elementor-toggle-icon-opened fas fa-minus-circle\"><\/i><\/span>\n\t\t\t\t\t\t\t\t\t\t\t\t\t<\/span>\n\t\t\t\t\t\t\t\t\t\t\t\t<a class=\"elementor-toggle-title\" tabindex=\"0\">Geschichte des Unternehmens<\/a>\n\t\t\t\t\t<\/div>\n\n\t\t\t\t\t<div id=\"elementor-tab-content-1981\" class=\"elementor-tab-content elementor-clearfix\" data-tab=\"1\" role=\"region\" aria-labelledby=\"elementor-tab-title-1981\"><p>Gegr\u00fcndet im Jahr 2024, widmet sich growersSupply der Bereitstellung von Grow-Zubeh\u00f6r f\u00fcr Ihren erfolgreichen Indoor- oder Outdoor-Garten.<\/p>\n<\/div>\n\t\t\t\t<\/div>\n\t\t\t\t\t\t\t<div class=\"elementor-toggle-item\">\n\t\t\t\t\t<div id=\"elementor-tab-title-1982\" class=\"elementor-tab-title\" data-tab=\"2\" role=\"button\" aria-controls=\"elementor-tab-content-1982\" aria-expanded=\"false\">\n\t\t\t\t\t\t\t\t\t\t\t\t<span class=\"elementor-toggle-icon elementor-toggle-icon-right\" aria-hidden=\"true\">\n\t\t\t\t\t\t\t\t\t\t\t\t\t\t\t<span class=\"elementor-toggle-icon-closed\"><i class=\"fas fa-plus-circle\"><\/i><\/span>\n\t\t\t\t\t\t\t\t<span class=\"elementor-toggle-icon-opened\"><i class=\"elementor-toggle-icon-opened fas fa-minus-circle\"><\/i><\/span>\n\t\t\t\t\t\t\t\t\t\t\t\t\t<\/span>\n\t\t\t\t\t\t\t\t\t\t\t\t<a class=\"elementor-toggle-title\" tabindex=\"0\">Unsere Vision<\/a>\n\t\t\t\t\t<\/div>\n\n\t\t\t\t\t<div id=\"elementor-tab-content-1982\" class=\"elementor-tab-content elementor-clearfix\" data-tab=\"2\" role=\"region\" aria-labelledby=\"elementor-tab-title-1982\"><p>Wir stellen uns eine Welt vor, in der jeder Z\u00fcchter, unabh\u00e4ngig von seinen F\u00e4higkeiten, erfolgreich sein kann. Mit unserem Online-Shop m\u00f6chten wir eine Gemeinschaft von leidenschaftlichen Erzeugern aufbauen, die sich gegenseitig und die Umwelt unterst\u00fctzen. Unser Ziel ist es, mit Qualit\u00e4tsprodukten, hilfreichem Service und einer gr\u00fcneren Zukunft f\u00fcr alle eine Vorreiterrolle zu spielen.<\/p>\n<\/div>\n\t\t\t\t<\/div>\n\t\t\t\t\t\t\t<div class=\"elementor-toggle-item\">\n\t\t\t\t\t<div id=\"elementor-tab-title-1983\" class=\"elementor-tab-title\" data-tab=\"3\" role=\"button\" aria-controls=\"elementor-tab-content-1983\" aria-expanded=\"false\">\n\t\t\t\t\t\t\t\t\t\t\t\t<span class=\"elementor-toggle-icon elementor-toggle-icon-right\" aria-hidden=\"true\">\n\t\t\t\t\t\t\t\t\t\t\t\t\t\t\t<span class=\"elementor-toggle-icon-closed\"><i class=\"fas fa-plus-circle\"><\/i><\/span>\n\t\t\t\t\t\t\t\t<span class=\"elementor-toggle-icon-opened\"><i class=\"elementor-toggle-icon-opened fas fa-minus-circle\"><\/i><\/span>\n\t\t\t\t\t\t\t\t\t\t\t\t\t<\/span>\n\t\t\t\t\t\t\t\t\t\t\t\t<a class=\"elementor-toggle-title\" tabindex=\"0\">Unser Auftrag<\/a>\n\t\t\t\t\t<\/div>\n\n\t\t\t\t\t<div id=\"elementor-tab-content-1983\" class=\"elementor-tab-content elementor-clearfix\" data-tab=\"3\" role=\"region\" aria-labelledby=\"elementor-tab-title-1983\"><p>In unserem Online-Growshop sind wir hier, um allen Growern zum Erfolg zu verhelfen. Wir bieten erstklassige Produkte, fachkundige Beratung und freundliche Unterst\u00fctzung, um die Gartenarbeit im Haus einfach und angenehm zu gestalten. Unser Ziel ist es, Ihr zuverl\u00e4ssiger Partner zu sein, der Ihnen alles bietet, was Sie f\u00fcr einen erfolgreichen und nachhaltigen Anbau ben\u00f6tigen.<\/p>\n<\/div>\n\t\t\t\t<\/div>\n\t\t\t\t\t\t\t<div class=\"elementor-toggle-item\">\n\t\t\t\t\t<div id=\"elementor-tab-title-1984\" class=\"elementor-tab-title\" data-tab=\"4\" role=\"button\" aria-controls=\"elementor-tab-content-1984\" aria-expanded=\"false\">\n\t\t\t\t\t\t\t\t\t\t\t\t<span class=\"elementor-toggle-icon elementor-toggle-icon-right\" aria-hidden=\"true\">\n\t\t\t\t\t\t\t\t\t\t\t\t\t\t\t<span class=\"elementor-toggle-icon-closed\"><i class=\"fas fa-plus-circle\"><\/i><\/span>\n\t\t\t\t\t\t\t\t<span class=\"elementor-toggle-icon-opened\"><i class=\"elementor-toggle-icon-opened fas fa-minus-circle\"><\/i><\/span>\n\t\t\t\t\t\t\t\t\t\t\t\t\t<\/span>\n\t\t\t\t\t\t\t\t\t\t\t\t<a class=\"elementor-toggle-title\" tabindex=\"0\">Funcfacts<\/a>\n\t\t\t\t\t<\/div>\n\n\t\t\t\t\t<div id=\"elementor-tab-content-1984\" class=\"elementor-tab-content elementor-clearfix\" data-tab=\"4\" role=\"region\" aria-labelledby=\"elementor-tab-title-1984\"><p>Sprung in den elektronischen Schriftsatz, der im Wesentlichen unver\u00e4ndert blieb. Sie wurde in den 1960er Jahren durch die Ver\u00f6ffentlichung von Letraset-B\u00f6gen mit Lorem Ipsum-Passagen popul\u00e4r, und in j\u00fcngerer Zeit durch den Desktop.<\/p>\n<\/div>\n\t\t\t\t<\/div>\n\t\t\t\t\t\t\t\t<\/div>\n\t\t\t\t\t\t<\/div>\n\t\t\t\t<\/div>\n\t\t\t\t\t<\/div>\r\n\t\t\t\t<\/div>\r\n\t\t\t\t\t<\/div>\r\n\t\t\t\t<\/section>\r\n\t\t\t\t<section class=\"elementor-section elementor-top-section elementor-element elementor-element-344c539 elementor-section-boxed elementor-section-height-default elementor-section-height-default\" data-id=\"344c539\" data-element_type=\"section\" data-e-type=\"section\" data-settings=\"{&quot;background_background&quot;:&quot;classic&quot;}\">\r\n\t\t\r\n\t\t\t\t\t\t\t<div class=\"elementor-container elementor-column-gap-no\">\r\n\t\t\t\t\t\t\t\t\t\t\t<div class=\"elementor-column elementor-col-100 elementor-top-column elementor-element elementor-element-153ca2b\" data-id=\"153ca2b\" data-element_type=\"column\" data-e-type=\"column\">\r\n\t\t\t\t\t<div class=\"elementor-widget-wrap elementor-element-populated\">\r\n\t\t\t\t\t\t\t\t<div class=\"elementor-element elementor-element-871eb94 mb-4 elementor-widget elementor-widget-heading\" data-id=\"871eb94\" data-element_type=\"widget\" data-e-type=\"widget\" data-widget_type=\"heading.default\">\n\t\t\t\t<div class=\"elementor-widget-container\">\n\t\t\t\t\t<h2 class=\"elementor-heading-title elementor-size-default\">UNSER TEAM<\/h2>\t\t\t\t<\/div>\n\t\t\t\t<\/div>\n\t\t\t\t<div class=\"elementor-element elementor-element-7e4339a elementor-widget elementor-widget-shortcode\" data-id=\"7e4339a\" data-element_type=\"widget\" data-e-type=\"widget\" data-widget_type=\"shortcode.default\">\n\t\t\t\t<div class=\"elementor-widget-container\">\n\t\t\t\t\t\t\t<div class=\"elementor-shortcode\"><div class=\"porto-members porto-memberskvbw wpb_content_element \">\r\n\t<div class=\"page-members clearfix\" id=\"porto_members_3hoh\">\r\n\r\n\t\t\r\n\t\t\r\n\t\t\r\n\t\t\t\t\t<div class=\"members-container member-row row ccols-wrap ccols-sm-2 ccols-md-3 ccols-xl-4 ccols-1\">\r\n\t\t\t\r\n\t<article class=\"member marketing post-48 type-member status-publish has-post-thumbnail hentry member_cat-marketing\">\r\n\t\t\t\t<h3 class=\"entry-title\" style=\"display: none;\">Aisha Bamford<\/h3><span class=\"vcard\" style=\"display: none;\"><span class=\"fn\"><a href=\"https:\/\/growerssupply.eu\/de\/author\/growerssupply\/\" title=\"Beitr\u00e4ge von Growers\" rel=\"author\">Growers<\/a><\/span><\/span><span class=\"updated\" style=\"display:none\">2024-05-17T15:40:09+02:00<\/span>\t\t<div class=\"member-item  align-center member-item-2\">\r\n\t\t\t<div class=\"thumb-info thumb-info-hide-wrapper-bg\">\r\n\r\n\t\t\t\t<div class=\"thumb-info-wrapper \">\r\n\t\t\t\t\t\t\t\t\t\t<div class=\"thumb-member-container \">\r\n\t\t\t\t\t\t<a class=\"text-decoration-none member-image\" aria-label=\"Go To Single Member\" href=\"https:\/\/growerssupply.eu\/de\/member\/aisha-b\/\">\r\n\t\t\t\t\t\t<img decoding=\"async\" class=\"img-responsive\" width=\"367\" height=\"367\" src=\"https:\/\/growerssupply.eu\/wp-content\/uploads\/2016\/06\/Default_A_photorealistic_fullbodyimage_of_a_very_beautiful_25y_2-5-e1712409686371-367x367.jpg\" alt=\"AI-Model-GS\" title=\"\">\r\n\t\t\t\t\t\t<\/a>\r\n\r\n\t\t\t\t\t\t\t\t\t\t\t<\/div>\r\n\t\t\t\t\t<a aria-label=\"Go To the single member\" class=\"text-decoration-none member-info-container\" href=\"https:\/\/growerssupply.eu\/de\/member\/aisha-b\/\">\r\n\t\t\t\t\t\t\t\t\t\t\t\t\t\t\t\t\t<span class=\"zoom\" data-src=\"https:\/\/growerssupply.eu\/wp-content\/uploads\/2016\/06\/Default_A_photorealistic_fullbodyimage_of_a_very_beautiful_25y_2-5-e1712409686371.jpg\" data-title=\"AI-Model-GS\"><i class=\"fas fa-search\"><\/i><\/span>\r\n\t\t\t\t\t\t\t\t\t\t<\/a>\r\n\t\t\t\t<\/div>\r\n\t\t\t\t<!--Thumb info wrapper end-->\r\n\t\t\t\t<!--Thumb info container -->\r\n\t\t\t\t<div class=\"thumb-info-container\"> \r\n\t\t\t\t\t<a aria-label=\"Aisha Bamford\" class=\"text-decoration-none member-info-container\" href=\"https:\/\/growerssupply.eu\/de\/member\/aisha-b\/\">\r\n\t\t\t\t\t\t\t\t\t\t\t\t<h4 aria-level=\"3\" class=\"member-name m-t-md m-b-none\">Aisha Bamford<\/h4>\r\n\t\t\t\t\t\t\t\t\t\t\t\t\t\t<p class=\"member-role m-b-sm color-body\">Ai Model<\/p>\r\n\t\t\t\t\t\t\t\t\t\t\t\t\t\t\t\t\t\t\t\t\t\t<\/a>\r\n\r\n\t\t\t\t\t\t\t\t\t\t\t\t\t\t<\/div>\r\n\t\t\t<\/div>\r\n\t\t<\/div>\r\n\t<\/article>\r\n\t\r\n\t<article class=\"member marketing post-47 type-member status-publish has-post-thumbnail hentry member_cat-marketing\">\r\n\t\t\t\t<h3 class=\"entry-title\" style=\"display: none;\">Katrine Sennett Vance<\/h3><span class=\"vcard\" style=\"display: none;\"><span class=\"fn\"><a href=\"https:\/\/growerssupply.eu\/de\/author\/growerssupply\/\" title=\"Beitr\u00e4ge von Growers\" rel=\"author\">Growers<\/a><\/span><\/span><span class=\"updated\" style=\"display:none\">2024-05-17T15:40:28+02:00<\/span>\t\t<div class=\"member-item  align-center member-item-2\">\r\n\t\t\t<div class=\"thumb-info thumb-info-hide-wrapper-bg\">\r\n\r\n\t\t\t\t<div class=\"thumb-info-wrapper \">\r\n\t\t\t\t\t\t\t\t\t\t<div class=\"thumb-member-container \">\r\n\t\t\t\t\t\t<a class=\"text-decoration-none member-image\" aria-label=\"Go To Single Member\" href=\"https:\/\/growerssupply.eu\/de\/member\/katrine-s-vance\/\">\r\n\t\t\t\t\t\t<img decoding=\"async\" class=\"img-responsive\" width=\"367\" height=\"367\" src=\"https:\/\/growerssupply.eu\/wp-content\/uploads\/2016\/06\/Default_a_Selfie_of_A_photorealistic_fullbodyphoto_of_a_stunni_0-1-367x367.jpg\" alt=\"Katrine Sennett Vance\" title=\"\">\r\n\t\t\t\t\t\t<\/a>\r\n\r\n\t\t\t\t\t\t\t\t\t\t\t<\/div>\r\n\t\t\t\t\t<a aria-label=\"Go To the single member\" class=\"text-decoration-none member-info-container\" href=\"https:\/\/growerssupply.eu\/de\/member\/katrine-s-vance\/\">\r\n\t\t\t\t\t\t\t\t\t\t\t\t\t\t\t\t\t<span class=\"zoom\" data-src=\"https:\/\/growerssupply.eu\/wp-content\/uploads\/2016\/06\/Default_a_Selfie_of_A_photorealistic_fullbodyphoto_of_a_stunni_0-1-e1712419391682.jpg\" data-title=\"Katrine Sennett Vance\"><i class=\"fas fa-search\"><\/i><\/span>\r\n\t\t\t\t\t\t\t\t\t\t<\/a>\r\n\t\t\t\t<\/div>\r\n\t\t\t\t<!--Thumb info wrapper end-->\r\n\t\t\t\t<!--Thumb info container -->\r\n\t\t\t\t<div class=\"thumb-info-container\"> \r\n\t\t\t\t\t<a aria-label=\"Katrine Sennett Vance\" class=\"text-decoration-none member-info-container\" href=\"https:\/\/growerssupply.eu\/de\/member\/katrine-s-vance\/\">\r\n\t\t\t\t\t\t\t\t\t\t\t\t<h4 aria-level=\"3\" class=\"member-name m-t-md m-b-none\">Katrine Sennett Vance<\/h4>\r\n\t\t\t\t\t\t\t\t\t\t\t\t\t\t<p class=\"member-role m-b-sm color-body\">PRO-Stoner<\/p>\r\n\t\t\t\t\t\t\t\t\t\t\t\t\t\t\t\t\t\t\t\t\t\t<\/a>\r\n\r\n\t\t\t\t\t\t\t\t\t\t\t\t\t\t<\/div>\r\n\t\t\t<\/div>\r\n\t\t<\/div>\r\n\t<\/article>\r\n\t\t\t\t<\/div>\r\n\t\t\r\n\t\t\r\n\t<\/div>\r\n\r\n\t\r\n\t<\/div><\/div>\n\t\t\t\t\t\t<\/div>\n\t\t\t\t<\/div>\n\t\t\t\t<div class=\"elementor-element elementor-element-212f029 elementor-widget elementor-widget-porto_button\" data-id=\"212f029\" data-element_type=\"widget\" data-e-type=\"widget\" data-settings=\"{&quot;align&quot;:&quot;center&quot;}\" data-widget_type=\"porto_button.default\">\n\t\t\t\t<div class=\"elementor-widget-container\">\n\t\t\t\t\t<a class=\"btn btn-md btn-dark btn-modern\" href=\"#\"><span >Unserem Team beitreten<\/span><\/a>\t\t\t\t<\/div>\n\t\t\t\t<\/div>\n\t\t\t\t\t<\/div>\r\n\t\t\t\t<\/div>\r\n\t\t\t\t\t<\/div>\r\n\t\t\t\t<\/section>\r\n\t\t\t\t<section class=\"elementor-section elementor-top-section elementor-element elementor-element-be681ec elementor-section-boxed elementor-section-height-default elementor-section-height-default\" data-id=\"be681ec\" data-element_type=\"section\" data-e-type=\"section\">\r\n\t\t\r\n\t\t\t\t\t\t\t<div class=\"elementor-container elementor-column-gap-default\">\r\n\t\t\t\t\t\t\t\t\t\t\t<div class=\"elementor-column elementor-col-100 elementor-top-column elementor-element elementor-element-57b0b1a\" data-id=\"57b0b1a\" data-element_type=\"column\" data-e-type=\"column\">\r\n\t\t\t\t\t<div class=\"elementor-widget-wrap elementor-element-populated\">\r\n\t\t\t\t\t\t\t\t<div class=\"elementor-element elementor-element-bf90aaa mb-4 elementor-widget elementor-widget-heading\" data-id=\"bf90aaa\" data-element_type=\"widget\" data-e-type=\"widget\" data-widget_type=\"heading.default\">\n\t\t\t\t<div class=\"elementor-widget-container\">\n\t\t\t\t\t<h2 class=\"elementor-heading-title elementor-size-default\">TESTIMONIALS<\/h2>\t\t\t\t<\/div>\n\t\t\t\t<\/div>\n\t\t\t\t<div class=\"elementor-element elementor-element-f6b7bf7 elementor-widget elementor-widget-testimonial\" data-id=\"f6b7bf7\" data-element_type=\"widget\" data-e-type=\"widget\" data-widget_type=\"testimonial.default\">\n\t\t\t\t<div class=\"elementor-widget-container\">\n\t\t\t\t\t\t\t<div class=\"elementor-testimonial-wrapper\">\n\t\t\t\t\t\t\t<div class=\"elementor-testimonial-content\"><p>Es ist eine altbekannte Tatsache, dass ein Leser vom lesbaren Inhalt einer Seite abgelenkt wird, wenn er sich das Layout ansieht. Der Sinn der Verwendung von Lorem Ipsum ist, dass es eine mehr oder weniger normale Verteilung der Buchstaben hat, im Gegensatz zur Verwendung von 'Inhalt hier, Inhalt da<\/p>\n<\/div>\n\t\t\t\n\t\t\t\t\t\t<div class=\"elementor-testimonial-meta elementor-has-image elementor-testimonial-image-position-top\">\n\t\t\t\t<div class=\"elementor-testimonial-meta-inner\">\n\t\t\t\t\t\t\t\t\t\t\t<div class=\"elementor-testimonial-image\">\n\t\t\t\t\t\t\t<img loading=\"lazy\" decoding=\"async\" width=\"72\" height=\"72\" src=\"https:\/\/growerssupply.eu\/wp-content\/uploads\/2018\/03\/shop12_author.jpg\" class=\"attachment-full size-full wp-image-1434\" alt=\"\" title=\"\">\t\t\t\t\t\t<\/div>\n\t\t\t\t\t\n\t\t\t\t\t\t\t\t\t\t<div class=\"elementor-testimonial-details\">\n\t\t\t\t\t\t\t\t\t\t\t\t\t\t<div class=\"elementor-testimonial-name\">Unbekannter<\/div>\n\t\t\t\t\t\t\t\t\t\t\t\t\t\t\t\t\t\t\t\t\t\t<div class=\"elementor-testimonial-job\">Gr\u00fcnder von Porto<\/div>\n\t\t\t\t\t\t\t\t\t\t\t\t\t<\/div>\n\t\t\t\t\t\t\t\t\t<\/div>\n\t\t\t<\/div>\n\t\t\t\t\t<\/div>\n\t\t\t\t\t\t<\/div>\n\t\t\t\t<\/div>\n\t\t\t\t\t<\/div>\r\n\t\t\t\t<\/div>\r\n\t\t\t\t\t<\/div>\r\n\t\t\t\t<\/section>\r\n\t\t\t\t<\/div>\n\t\t","protected":false},"excerpt":{"rendered":"<p>\u00dcBER UNS Wir liefern, ausgew\u00e4hltes Grow-Zubeh\u00f6r. Wir liefern sorgf\u00e4ltig ausgew\u00e4hltes Equipment, damit Sie bei Ihren Indoor-G\u00e4rtnereibem\u00fchungen erfolgreich sein k\u00f6nnen. Unsere Auswahl wurde so zusammengestellt, dass Qualit\u00e4t und Effektivit\u00e4t gew\u00e4hrleistet sind und die Z\u00fcchter mit Zuversicht anbauen k\u00f6nnen. Geschichte des Unternehmens Gegr\u00fcndet im Jahr 2024, widmet sich growersSupply der Bereitstellung von Grow-Ausr\u00fcstung f\u00fcr Ihren erfolgreichen Indoor- [&hellip;]<\/p>\n","protected":false},"author":1,"featured_media":0,"parent":0,"menu_order":7,"comment_status":"closed","ping_status":"closed","template":"","meta":{"footnotes":""},"class_list":["post-5582","page","type-page","status-publish","hentry"],"jetpack_sharing_enabled":true,"_links":{"self":[{"href":"https:\/\/growerssupply.eu\/de\/wp-json\/wp\/v2\/pages\/5582","targetHints":{"allow":["GET"]}}],"collection":[{"href":"https:\/\/growerssupply.eu\/de\/wp-json\/wp\/v2\/pages"}],"about":[{"href":"https:\/\/growerssupply.eu\/de\/wp-json\/wp\/v2\/types\/page"}],"author":[{"embeddable":true,"href":"https:\/\/growerssupply.eu\/de\/wp-json\/wp\/v2\/users\/1"}],"replies":[{"embeddable":true,"href":"https:\/\/growerssupply.eu\/de\/wp-json\/wp\/v2\/comments?post=5582"}],"version-history":[{"count":4,"href":"https:\/\/growerssupply.eu\/de\/wp-json\/wp\/v2\/pages\/5582\/revisions"}],"predecessor-version":[{"id":5601,"href":"https:\/\/growerssupply.eu\/de\/wp-json\/wp\/v2\/pages\/5582\/revisions\/5601"}],"wp:attachment":[{"href":"https:\/\/growerssupply.eu\/de\/wp-json\/wp\/v2\/media?parent=5582"}],"curies":[{"name":"wp","href":"https:\/\/api.w.org\/{rel}","templated":true}]}}