{"id":5643,"date":"2024-03-28T10:54:20","date_gmt":"2024-03-28T09:54:20","guid":{"rendered":"https:\/\/growerssupply.eu\/product\/outdoorpro40-ghp-probox-outdoor-balkon-growbox-40x40x140cm\/"},"modified":"2024-03-28T10:54:20","modified_gmt":"2024-03-28T09:54:20","slug":"outdoorpro40-ghp-probox-outdoor-balkon-growbox-40x40x140cm","status":"publish","type":"product","link":"https:\/\/growerssupply.eu\/de\/produkt\/outdoorpro40-ghp-probox-outdoor-balkon-growbox-40x40x140cm\/","title":{"rendered":"Outdoorpro40 | GHP Probox | Outdoor &amp; Balkon Growbox | 40x40x140cm"},"content":{"rendered":"<h1>Gardenhighpro pr\u00e4sentiert OUTDOORPRO: Ihre ultimative Growbox f\u00fcr drau\u00dfen und den Balkon<\/h1>\n<p>Ein ma\u00dfgeschneidertes Zuchtzelt f\u00fcr den Balkon, mit einem Sonnenschutznetz und einer Vollverkleidung, die sowohl f\u00fcr den Anbau im Freien als auch f\u00fcr den Innenbereich geeignet ist.<\/p>\n<p>PROBOX OUTDOOR ist die perfekte L\u00f6sung f\u00fcr Balkone, Terrassen und andere \u00fcberdachte Bereiche mit Zugang zum Sonnenlicht. Genie\u00dfen Sie nat\u00fcrliches Licht und senken Sie gleichzeitig die Energiekosten, dank des dickeren Materials und des stabileren Rahmens im Vergleich zu den meisten Alternativen der ECO-Klasse. Au\u00dferdem profitieren Sie von den hochwertigen Schl\u00f6ssern, die typischerweise in hochwertigen Grow-Zelten zu finden sind.<\/p>\n<h2>Anpassbare Konfiguration mit PROBOX OUTDOOR:<\/h2>\n<p>Diese vielseitige Growbox erm\u00f6glicht eine flexible Konfiguration mit ihren 3 unabh\u00e4ngig voneinander zu \u00f6ffnenden Seiten. Jede Seite bietet 3 \u00d6ffnungsebenen und erm\u00f6glicht so eine ma\u00dfgeschneiderte Einrichtung:<\/p>\n<ul>\n<li>Vollst\u00e4ndig geschlossene Seite<\/li>\n<li>Seite mit Folie (Sonnenlicht durchlassend)<\/li>\n<li>Seite mit Netz (reduziert die Hitze und l\u00e4sst Licht herein, gesch\u00fctzt durch eine Netzbarriere gegen unerw\u00fcnschte Insekten)<\/li>\n<\/ul>\n<p>Zus\u00e4tzlich verf\u00fcgt jede Box \u00fcber eine zu \u00f6ffnende Klappe auf dem Dach (mit 3 Schichten, \u00e4hnlich wie an den Seiten), wodurch zus\u00e4tzliches Sonnenlicht eindringen kann.<\/p>\n<h2>Wichtige Merkmale:<\/h2>\n<ul>\n<li>2 passive Einl\u00e4sse mit eingebauten Mesh-Insektenschutzgittern<\/li>\n<li>Die innere Schicht ist mit einer silbernen Beschichtung verziert, die wie eine Orangenschale strukturiert ist.<\/li>\n<li>Gepr\u00e4gtes Mylar mit PearlPro-Struktur sorgt f\u00fcr eine au\u00dfergew\u00f6hnliche Lichtreflexion von bis zu 97%.<\/li>\n<li>4 Bel\u00fcftungsh\u00fclsen, jede mit einem maximalen Durchmesser von 150 mm<\/li>\n<li>2 Kabelt\u00fcllen mit einem Durchmesser von je 90 mm<\/li>\n<li>Bequeme und robuste Abziehvorrichtungen an jeder H\u00fclse<\/li>\n<li>Inklusive 2 Querrohre f\u00fcr Filter und Lampenfassungen<\/li>\n<li>Wird mit einem Baldachin geliefert<\/li>\n<\/ul>\n","protected":false},"excerpt":{"rendered":"<ul>\n<li>2 passive Einl\u00e4sse mit Mesh-Insektenschutzgittern<\/li>\n<li>Innere Schicht aus Silber mit Orangenschalen-Struktur<\/li>\n<li>Gepr\u00e4gtes Mylar mit PearlPro-Struktur bietet eine au\u00dfergew\u00f6hnliche Lichtreflexion von bis zu 97%.<\/li>\n<li>4 Bel\u00fcftungsh\u00fclsen, jede mit einem maximalen Durchmesser von 150 mm<\/li>\n<li>2 Kabelt\u00fcllen mit einem Durchmesser von je 90 mm<\/li>\n<li>Bequeme und haltbare Abziehvorrichtungen an jeder H\u00fclle<\/li>\n<li>Ausgestattet mit 2 Querrohren f\u00fcr Filter und Lampenfassungen<\/li>\n<li>Inklusive Vordachabdeckung<\/li>\n<\/ul>\n","protected":false},"featured_media":5475,"comment_status":"closed","ping_status":"closed","template":"","meta":[],"product_brand":[],"product_cat":[409,413,455],"product_tag":[414],"class_list":{"0":"post-5643","1":"product","2":"type-product","3":"status-publish","4":"has-post-thumbnail","6":"product_cat-garden-highpro","7":"product_cat-draussen","8":"product_cat-garten-highpro-de","9":"product_tag-outdoorpro40-de","10":"product_shipping_class-parzelle","12":"first","13":"outofstock","14":"taxable","15":"shipping-taxable","16":"purchasable","17":"product-type-simple"},"jetpack_sharing_enabled":true,"_links":{"self":[{"href":"https:\/\/growerssupply.eu\/de\/wp-json\/wp\/v2\/product\/5643","targetHints":{"allow":["GET"]}}],"collection":[{"href":"https:\/\/growerssupply.eu\/de\/wp-json\/wp\/v2\/product"}],"about":[{"href":"https:\/\/growerssupply.eu\/de\/wp-json\/wp\/v2\/types\/product"}],"replies":[{"embeddable":true,"href":"https:\/\/growerssupply.eu\/de\/wp-json\/wp\/v2\/comments?post=5643"}],"wp:featuredmedia":[{"embeddable":true,"href":"https:\/\/growerssupply.eu\/de\/wp-json\/wp\/v2\/media\/5475"}],"wp:attachment":[{"href":"https:\/\/growerssupply.eu\/de\/wp-json\/wp\/v2\/media?parent=5643"}],"wp:term":[{"taxonomy":"product_brand","embeddable":true,"href":"https:\/\/growerssupply.eu\/de\/wp-json\/wp\/v2\/product_brand?post=5643"},{"taxonomy":"product_cat","embeddable":true,"href":"https:\/\/growerssupply.eu\/de\/wp-json\/wp\/v2\/product_cat?post=5643"},{"taxonomy":"product_tag","embeddable":true,"href":"https:\/\/growerssupply.eu\/de\/wp-json\/wp\/v2\/product_tag?post=5643"}],"curies":[{"name":"wp","href":"https:\/\/api.w.org\/{rel}","templated":true}]}}