{"id":5645,"date":"2024-03-28T10:54:20","date_gmt":"2024-03-28T09:54:20","guid":{"rendered":"https:\/\/growerssupply.eu\/product\/outdoorpro80-ghp-probox-outdoor-balkon-growbox-80x80x180cm\/"},"modified":"2024-03-28T10:54:20","modified_gmt":"2024-03-28T09:54:20","slug":"outdoorpro80-ghp-probox-outdoor-balkon-growbox-80x80x180cm","status":"publish","type":"product","link":"https:\/\/growerssupply.eu\/de\/produkt\/outdoorpro80-ghp-probox-outdoor-balkon-growbox-80x80x180cm\/","title":{"rendered":"Outdoorpro80 | GHP Probox | Outdoor &amp; Balkon Growbox | 80x80x180cm"},"content":{"rendered":"<h1>Wir stellen vor: die OUTDOORPRO Growbox f\u00fcr Au\u00dfenbereiche und Balkone von Gardenhighpro<\/h1>\n<p>Ein vielseitiges Growzelt, das speziell auf Ihren Balkon zugeschnitten ist. Es verf\u00fcgt \u00fcber ein Sonnenschutznetz und eine Vollverkleidung, die sich sowohl f\u00fcr den Anbau im Freien als auch im Haus eignet.<\/p>\n<p>Die PROBOX OUTDOOR ist ideal f\u00fcr Balkone, Terrassen und andere \u00fcberdachte Strukturen mit Zugang zum Sonnenlicht geeignet. Nutzen Sie das nat\u00fcrliche Licht und senken Sie die Energiekosten durch das dickere Material und den stabileren Rahmen im Vergleich zu den meisten Alternativen der ECO-Klasse. Profitieren Sie au\u00dferdem von den unbestreitbaren Vorteilen der hochwertigen Schl\u00f6sser, die typischerweise in hochwertigen Zelten zu finden sind.<\/p>\n<h2>Flexible Konfiguration mit PROBOX OUTDOOR:<\/h2>\n<p>Diese innovative Growbox kann dank ihrer 3 unabh\u00e4ngig voneinander zu \u00f6ffnenden Seiten frei konfiguriert werden. Jede Seite bietet 3 \u00d6ffnungsebenen und erm\u00f6glicht so eine individuelle Gestaltung:<\/p>\n<ul>\n<li>Vollst\u00e4ndig geschlossene Seite<\/li>\n<li>Seite mit Folie (Sonnenlicht durchlassend)<\/li>\n<li>Seite mit Mesh (reduziert die Hitze und l\u00e4sst gleichzeitig Licht herein, gesch\u00fctzt durch eine Netzbarriere gegen unerw\u00fcnschte Insekten)<\/li>\n<\/ul>\n<p>Au\u00dferdem ist jede Box mit einer \u00d6ffnungsklappe auf dem Dach ausgestattet (mit 3 Lagen, \u00e4hnlich wie an den Seiten), wodurch zus\u00e4tzliches Sonnenlicht eindringen kann.<\/p>\n<h2>Merkmale:<\/h2>\n<ul>\n<li>2 passive Einl\u00e4sse mit eingebauten Mesh-Insektenschutzgittern<\/li>\n<li>Die innere Schicht ist mit einer silbernen Beschichtung verziert, die wie eine Orangenschale strukturiert ist.<\/li>\n<li>Gepr\u00e4gtes Mylar mit PearlPro-Struktur sorgt f\u00fcr eine au\u00dfergew\u00f6hnliche Lichtreflexion von bis zu 97%.<\/li>\n<li>4 Ventilationsh\u00fclsen mit einem maximalen Durchmesser von 150 mm<\/li>\n<li>2 Kabelt\u00fcllen mit einem Durchmesser von je 90 mm<\/li>\n<li>Praktische und robuste Abziehvorrichtungen an jeder H\u00fclse<\/li>\n<li>Inklusive 2 Querrohre f\u00fcr Filter und Lampenfassungen<\/li>\n<li>Wird mit einem Baldachin geliefert<\/li>\n<\/ul>\n","protected":false},"excerpt":{"rendered":"<ul>\n<li>Wasserfeste Basis<\/li>\n<li>2 passive Einl\u00e4sse mit Mesh-Insektenschutzgittern<\/li>\n<li>Innere Schicht aus Silber mit Orangenschalen-Struktur<\/li>\n<li>Hohe Lichtreflexion, die bis zu 97% erreicht, dank gepr\u00e4gtem Mylar mit PearlPro-Struktur<\/li>\n<li>4 Bel\u00fcftungsh\u00fclsen, jede mit einem maximalen Durchmesser von 150 mm<\/li>\n<li>2 Kabelt\u00fcllen mit einem Durchmesser von je 90 mm<\/li>\n<li>Bequeme und robuste Abziehvorrichtungen an jeder H\u00fclle<\/li>\n<li>Ausgestattet mit 2 Querrohren f\u00fcr Filter und Lampenfassungen<\/li>\n<li>Inklusive Schutzdach<\/li>\n<\/ul>\n","protected":false},"featured_media":5475,"comment_status":"closed","ping_status":"closed","template":"","meta":[],"product_brand":[],"product_cat":[409,413],"product_tag":[418],"class_list":{"0":"post-5645","1":"product","2":"type-product","3":"status-publish","4":"has-post-thumbnail","6":"product_cat-garden-highpro","7":"product_cat-draussen","8":"product_tag-outdoorpro80-de","9":"product_shipping_class-parzelle","11":"first","12":"outofstock","13":"taxable","14":"shipping-taxable","15":"purchasable","16":"product-type-simple"},"jetpack_sharing_enabled":true,"_links":{"self":[{"href":"https:\/\/growerssupply.eu\/de\/wp-json\/wp\/v2\/product\/5645","targetHints":{"allow":["GET"]}}],"collection":[{"href":"https:\/\/growerssupply.eu\/de\/wp-json\/wp\/v2\/product"}],"about":[{"href":"https:\/\/growerssupply.eu\/de\/wp-json\/wp\/v2\/types\/product"}],"replies":[{"embeddable":true,"href":"https:\/\/growerssupply.eu\/de\/wp-json\/wp\/v2\/comments?post=5645"}],"wp:featuredmedia":[{"embeddable":true,"href":"https:\/\/growerssupply.eu\/de\/wp-json\/wp\/v2\/media\/5475"}],"wp:attachment":[{"href":"https:\/\/growerssupply.eu\/de\/wp-json\/wp\/v2\/media?parent=5645"}],"wp:term":[{"taxonomy":"product_brand","embeddable":true,"href":"https:\/\/growerssupply.eu\/de\/wp-json\/wp\/v2\/product_brand?post=5645"},{"taxonomy":"product_cat","embeddable":true,"href":"https:\/\/growerssupply.eu\/de\/wp-json\/wp\/v2\/product_cat?post=5645"},{"taxonomy":"product_tag","embeddable":true,"href":"https:\/\/growerssupply.eu\/de\/wp-json\/wp\/v2\/product_tag?post=5645"}],"curies":[{"name":"wp","href":"https:\/\/api.w.org\/{rel}","templated":true}]}}