{"id":5648,"date":"2024-03-28T10:54:20","date_gmt":"2024-03-28T09:54:20","guid":{"rendered":"https:\/\/growerssupply.eu\/product\/outdoorpro240s-ghp-probox-outdoor-growzelt-fuer-6-pflanzen-240x60x220cm\/"},"modified":"2024-03-28T10:54:20","modified_gmt":"2024-03-28T09:54:20","slug":"outdoorpro240s-ghp-probox-outdoor-growzelt-fuer-6-pflanzen-240x60x220cm","status":"publish","type":"product","link":"https:\/\/growerssupply.eu\/de\/produkt\/outdoorpro240s-ghp-probox-outdoor-growzelt-fuer-6-pflanzen-240x60x220cm\/","title":{"rendered":"Outdoorpro240S | GHP Probox | Outdoor-Growzelt f\u00fcr 6 Pflanzen | 240x60x220cm"},"content":{"rendered":"<h1>Entdecken Sie die OUTDOORPRO Growbox f\u00fcr den Au\u00dfenbereich und Balkon von Gardenhighpro<\/h1>\n<p>Ein vielseitiges Growzelt, das speziell f\u00fcr den Anbau auf dem Balkon entwickelt wurde. Es verf\u00fcgt \u00fcber ein Sonnenschutznetz und eine Vollverkleidung, die sowohl f\u00fcr den Innen- als auch f\u00fcr den Au\u00dfenanbau geeignet ist.<\/p>\n<p>Die PROBOX OUTDOOR ist ideal f\u00fcr Balkone, Terrassen und \u00fcberdachte R\u00e4ume mit Zugang zum Sonnenlicht. Mit dickerem Material und einem robusteren Rahmen als die typischen Alternativen der ECO-Klasse bietet es auch hochwertige Verschl\u00fcsse, wie man sie bei Premium-Grow-Zelten findet.<\/p>\n<h2>Flexible Konfiguration mit PROBOX OUTDOOR:<\/h2>\n<p>Diese innovative Growbox verf\u00fcgt \u00fcber 3 unabh\u00e4ngig voneinander zu \u00f6ffnende Seiten f\u00fcr individuell anpassbare Setups:<\/p>\n<ul>\n<li>Vollst\u00e4ndig geschlossene Seite<\/li>\n<li>Seite mit Folie (f\u00fcr Sonnenlicht)<\/li>\n<li>Seite mit Netz (reduziert die Hitze und h\u00e4lt gleichzeitig unerw\u00fcnschte Insekten ab)<\/li>\n<\/ul>\n<p>Jede Box verf\u00fcgt \u00fcber eine \u00d6ffnungsklappe am Dach (\u00e4hnlich wie an den Seiten), durch die zus\u00e4tzliches Sonnenlicht eindringen kann.<\/p>\n<h2>Wichtige Merkmale:<\/h2>\n<ul>\n<li>2 passive Einl\u00e4sse mit integriertem Mesh-Insektenschutzgitter<\/li>\n<li>Die innere Schicht ist mit einer silbernen Beschichtung versehen, die wie eine Orangenschale strukturiert ist.<\/li>\n<li>Gepr\u00e4gtes Mylar mit PearlPro-Struktur sorgt f\u00fcr eine au\u00dfergew\u00f6hnliche Lichtreflexion von bis zu 97%.<\/li>\n<li>4 Bel\u00fcftungsh\u00fclsen, jede mit einem maximalen Durchmesser von 150 mm<\/li>\n<li>2 Kabelt\u00fcllen mit einem Durchmesser von je 90 mm<\/li>\n<li>Bequeme und robuste Abziehvorrichtungen an jeder H\u00fclse<\/li>\n<li>Inklusive 2 Querrohre f\u00fcr Filter und Lampenfassungen<\/li>\n<li>Wird mit einem Baldachin geliefert<\/li>\n<\/ul>\n","protected":false},"excerpt":{"rendered":"<ul>\n<li>Wasserdichte Basis<\/li>\n<li>2 passive Einl\u00e4sse mit Mesh-Insektenschutzgittern<\/li>\n<li>Innere Schicht aus Silber mit Orangenschalen-Struktur<\/li>\n<li>Gepr\u00e4gtes Mylar mit PearlPro-Struktur sorgt f\u00fcr eine hohe Lichtreflexion, die bis zu 97% erreicht<\/li>\n<li>4 Bel\u00fcftungsh\u00fclsen, jede mit einem maximalen Durchmesser von 150 mm<\/li>\n<li>2 Kabelt\u00fcllen mit einem Durchmesser von je 90 mm<\/li>\n<li>Bequeme und robuste Abziehvorrichtungen an jeder H\u00fclle<\/li>\n<li>Ausgestattet mit 2 Querrohren f\u00fcr Filter und Lampenfassungen<\/li>\n<li>Enth\u00e4lt ein Kanu<\/li>\n<\/ul>\n","protected":false},"featured_media":5496,"comment_status":"closed","ping_status":"closed","template":"","meta":[],"product_brand":[],"product_cat":[409,413],"product_tag":[428],"class_list":{"0":"post-5648","1":"product","2":"type-product","3":"status-publish","4":"has-post-thumbnail","6":"product_cat-garden-highpro","7":"product_cat-draussen","8":"product_tag-outdoorpr240s-de","9":"product_shipping_class-parzelle","11":"first","12":"outofstock","13":"taxable","14":"shipping-taxable","15":"purchasable","16":"product-type-simple"},"jetpack_sharing_enabled":true,"_links":{"self":[{"href":"https:\/\/growerssupply.eu\/de\/wp-json\/wp\/v2\/product\/5648","targetHints":{"allow":["GET"]}}],"collection":[{"href":"https:\/\/growerssupply.eu\/de\/wp-json\/wp\/v2\/product"}],"about":[{"href":"https:\/\/growerssupply.eu\/de\/wp-json\/wp\/v2\/types\/product"}],"replies":[{"embeddable":true,"href":"https:\/\/growerssupply.eu\/de\/wp-json\/wp\/v2\/comments?post=5648"}],"wp:featuredmedia":[{"embeddable":true,"href":"https:\/\/growerssupply.eu\/de\/wp-json\/wp\/v2\/media\/5496"}],"wp:attachment":[{"href":"https:\/\/growerssupply.eu\/de\/wp-json\/wp\/v2\/media?parent=5648"}],"wp:term":[{"taxonomy":"product_brand","embeddable":true,"href":"https:\/\/growerssupply.eu\/de\/wp-json\/wp\/v2\/product_brand?post=5648"},{"taxonomy":"product_cat","embeddable":true,"href":"https:\/\/growerssupply.eu\/de\/wp-json\/wp\/v2\/product_cat?post=5648"},{"taxonomy":"product_tag","embeddable":true,"href":"https:\/\/growerssupply.eu\/de\/wp-json\/wp\/v2\/product_tag?post=5648"}],"curies":[{"name":"wp","href":"https:\/\/api.w.org\/{rel}","templated":true}]}}