{"id":5651,"date":"2024-04-08T15:35:06","date_gmt":"2024-04-08T13:35:06","guid":{"rendered":"https:\/\/growerssupply.eu\/product\/150x150cm-grow-kit-bundle-225m%c2%b2-leicht-konfigurierbar\/"},"modified":"2024-04-08T15:35:06","modified_gmt":"2024-04-08T13:35:06","slug":"150x150cm-grow-kit-bundle-225m%c2%b2-leicht-konfigurierbar","status":"publish","type":"product","link":"https:\/\/growerssupply.eu\/de\/produkt\/150x150cm-grow-kit-bundle-225m%c2%b2-leicht-konfigurierbar\/","title":{"rendered":"150x150cm Grow kit Bundle | 2,25m\u00b2 | leicht konfigurierbar"},"content":{"rendered":"<h1>150x150cm Grow kit Bundle<\/h1>\n<ul>\n<li>LED-Zuchtlampen (hortiONe oder SANlight EVO)<\/li>\n<li>Growtent<\/li>\n<li>Auspuff-L\u00fcfter<\/li>\n<li>Kohlefilter<\/li>\n<li>Kanal<\/li>\n<\/ul>\n<h2>LED-Anbauleuchten: hortiONE ODER SANlight?<\/h2>\n<p><strong>hortiONE ist eine hochwertige und preisg\u00fcnstige LED, hergestellt in \u00d6sterreich<\/strong>. Hohe Wirksamkeit von 2,9\u00b5mol\/J.<br \/>\nEinfach aufr\u00fcstbar, g\u00fcnstiger Preis, sehr geringes Gewicht und H\u00f6he! Externer Treiber.<\/p>\n<h3>SANlight:<\/h3>\n<p>Marktf\u00fchrer bei LED-Anbauleuchten. Hergestellt in \u00d6sterreich. H\u00f6chste Effizienz (&gt;3\u00b5mol\/J, Qualit\u00e4t, Haltbarkeit und Langlebigkeit (90.000h, LM90) sind einige der wichtigsten Vorteile der SANlight EVO Sereies.<br \/>\nHocheffiziente Sekund\u00e4roptik. <strong>SANlights einzigartige Optik<\/strong> sch\u00fctzt die LED nicht nur vor Staub und Wasser, sondern bietet auch eine <strong>ausgekl\u00fcgelte Lichtlenkung<\/strong>. Einzigartig auf dem Markt!<\/p>\n<h3>Growtent (Growbox): HOMEbox oder Gardenhighpro<\/h3>\n<p>Die HOMEbox-Zuchtzelte werden in Deutschland entwickelt. Es handelt sich um qualitativ hochwertige Wachstumszelte, die dank ihres einzigartigen wei\u00df-grauen Designs gut in Ihr Wohnzimmer passen.<br \/>\nDie <strong>PAR+ Technologie <\/strong>sorgt f\u00fcr eine verbesserte Lichtbrechung, diffuses Licht in Ihrem Growschrank und geringere Verluste durch die Refraktion.<\/p>\n<h3>GHP, Gardenhighpro Grow-Zelte:<\/h3>\n<p>GHP bietet verschiedene Preis- und Qualit\u00e4tsvarianten f\u00fcr jeden Bereich an. Schwarze Anbauzelte. Ideal f\u00fcr Einsteiger und Anf\u00e4nger.<\/p>\n<p>&nbsp;<\/p>\n<h3>Abluftventilator, Kan\u00e4le und Kohlefilter (150mm)<\/h3>\n<p>Verschiedene Optionen f\u00fcr Abluftventilatoren. je nach Ihrem Budget und Ihren Anforderungen.<br \/>\nNormaler oder schalldichter Kanal.<br \/>\nKohlefilter mit oder ohne austauschbaren Vorfilter.<\/p>\n<p>&nbsp;<\/p>\n<h3>Warum 150x150cm Grow kit Bundle ?<\/h3>\n<p>Gro\u00dfe Anbaufl\u00e4che mit 2,25m\u00b2.<br \/>\nBis zu 16 Pflanzen. Oder gr\u00f6\u00dfere B\u00e4ume.<\/p>\n<p>&nbsp;<\/p>\n<p>Alle Elemente konfigurierbar<\/p>\n","protected":false},"excerpt":{"rendered":"<h1>150x150cm Grow kit Bundle<\/h1>\n<ul>\n<li>LED-Zuchtlampen (hortiONe oder SANlight EVO)<\/li>\n<li>Growtent<\/li>\n<li>Auspuff-L\u00fcfter<\/li>\n<li>Kohlefilter<\/li>\n<li>Kanal<\/li>\n<li>\n<\/li>\n<\/ul>\n<p>&nbsp;<\/p>\n<p>Alle Elemente konfigurierbar<\/p>\n","protected":false},"featured_media":5532,"comment_status":"open","ping_status":"closed","template":"","meta":[],"product_brand":[],"product_cat":[404],"product_tag":[],"class_list":{"0":"post-5651","1":"product","2":"type-product","3":"status-publish","4":"has-post-thumbnail","6":"product_cat-growbox-komplettset","8":"first","9":"instock","10":"taxable","11":"shipping-taxable","12":"purchasable","13":"product-type-easy_product_bundle"},"jetpack_sharing_enabled":true,"_links":{"self":[{"href":"https:\/\/growerssupply.eu\/de\/wp-json\/wp\/v2\/product\/5651","targetHints":{"allow":["GET"]}}],"collection":[{"href":"https:\/\/growerssupply.eu\/de\/wp-json\/wp\/v2\/product"}],"about":[{"href":"https:\/\/growerssupply.eu\/de\/wp-json\/wp\/v2\/types\/product"}],"replies":[{"embeddable":true,"href":"https:\/\/growerssupply.eu\/de\/wp-json\/wp\/v2\/comments?post=5651"}],"wp:featuredmedia":[{"embeddable":true,"href":"https:\/\/growerssupply.eu\/de\/wp-json\/wp\/v2\/media\/5532"}],"wp:attachment":[{"href":"https:\/\/growerssupply.eu\/de\/wp-json\/wp\/v2\/media?parent=5651"}],"wp:term":[{"taxonomy":"product_brand","embeddable":true,"href":"https:\/\/growerssupply.eu\/de\/wp-json\/wp\/v2\/product_brand?post=5651"},{"taxonomy":"product_cat","embeddable":true,"href":"https:\/\/growerssupply.eu\/de\/wp-json\/wp\/v2\/product_cat?post=5651"},{"taxonomy":"product_tag","embeddable":true,"href":"https:\/\/growerssupply.eu\/de\/wp-json\/wp\/v2\/product_tag?post=5651"}],"curies":[{"name":"wp","href":"https:\/\/api.w.org\/{rel}","templated":true}]}}