{"id":5653,"date":"2024-04-05T14:19:27","date_gmt":"2024-04-05T12:19:27","guid":{"rendered":"https:\/\/growerssupply.eu\/product\/exhaust-fan-bundle-100mm-einfach-konfigurierbar\/"},"modified":"2024-04-05T14:19:27","modified_gmt":"2024-04-05T12:19:27","slug":"exhaust-fan-bundle-100mm-einfach-konfigurierbar","status":"publish","type":"product","link":"https:\/\/growerssupply.eu\/de\/produkt\/exhaust-fan-bundle-100mm-einfach-konfigurierbar\/","title":{"rendered":"EXHAUST-FAN Bundle 100mm | einfach konfigurierbar!"},"content":{"rendered":"<div>\n<p>  W\u00e4hlen Sie einfach Ihren Ventilator, Ihren Filter und Ihre Kan\u00e4le aus, und schon sind Sie fertig! Alle Komponenten sind kompatibel, so dass die Montage ein Kinderspiel ist. Verabschieden Sie sich von stickiger Luft &#8211; kaufen Sie unser FAN Bundle 100mm<\/p>\n<\/div>\n<h2>Abluftventilator B\u00fcndel 100mm<\/h2>\n<p>Der Hauptzweck eines Abluftventilators in einem Indoor-Grow-Setup besteht darin, den Luftstrom zu regulieren und Hitze, Feuchtigkeit und Ger\u00fcche aus dem Grow-Raum zu kontrollieren. Dies tr\u00e4gt zur Aufrechterhaltung optimaler Umweltbedingungen f\u00fcr das Pflanzenwachstum bei und sorgt f\u00fcr die richtige Luftzirkulation f\u00fcr eine gesunde Pflanzenentwicklung. Dar\u00fcber hinaus k\u00f6nnen Abluftventilatoren dazu beitragen, die Temperatur und Luftfeuchtigkeit zu kontrollieren, entscheidende Faktoren f\u00fcr die Maximierung von Ertrag und Qualit\u00e4t der Pflanzen.<\/p>\n<h2>Der richtige Kanal:<\/h2>\n<p>Der Hauptzweck von Kan\u00e4len besteht in diesem Zusammenhang darin, eine angemessene Luftzirkulation, Bel\u00fcftung und Temperatur-\/Feuchtigkeitsregelung im Grow-Raum zu erm\u00f6glichen. Hier sind einige g\u00e4ngige Arten von Kan\u00e4len, die in Indoor-Grow-Setups verwendet werden:<\/p>\n<ul>\n<li><strong>Flexible Rohre:<\/strong> Diese Rohre werden h\u00e4ufig f\u00fcr den Anschluss von Abluftventilatoren, Kohlefiltern und anderen L\u00fcftungskomponenten verwendet. Sie sind flexibel und leicht zu man\u00f6vrieren, so dass sie sich gut zum Umfahren von Hindernissen im Grow Room eignen.<\/li>\n<li><strong>PVC-Rohre:<\/strong> PVC-Rohre sind korrosionsbest\u00e4ndig und k\u00f6nnen hoher Luftfeuchtigkeit standhalten, so dass sie sich f\u00fcr den Einsatz in Umgebungen mit hoher Feuchtigkeit eignen. Sie werden oft in Verbindung mit Abluftventilatoren verwendet, um die hei\u00dfe, feuchte Luft aus dem Zuchtraum abzuf\u00fchren.<\/li>\n<li><strong>Acoustic Professional Ducting:<\/strong> Acoustic Professional Ducting wie <a href=\"https:\/\/growerssupply.de\/produkt\/gas-schalldaemmung-5m-100mm-315mm-global-air-supply\/\" target=\"_blank\" rel=\"noopener\">G.A.S Soundproof Ducts<\/a> bietet hochwertige Kanall\u00f6sungen, die f\u00fcr ihre hervorragenden schalld\u00e4mpfenden Eigenschaften bekannt sind und sich dadurch von anderen Marken unterscheiden. Diese Kan\u00e4le sind frei von Glaswolle und sorgen f\u00fcr eine nicht-allergene Umgebung, w\u00e4hrend sie gleichzeitig den Ger\u00e4uschpegel effektiv minimieren. Entscheiden Sie sich f\u00fcr Acoustic Professional Ducting, um eine unvergleichliche Leistung zu erzielen und sich keine Sorgen zu machen.<\/li>\n<\/ul>\n<h2>Kohlefilter:<\/h2>\n<p>Kohlefilter erf\u00fcllen einen wichtigen Zweck: Sie entfernen Ger\u00fcche und filtern Schwebeteilchen aus der Luft, die im Growraum zirkuliert. Aktivkohlefilter tragen zur Wahrung der Diskretion bei und minimieren das Risiko, dass unerw\u00fcnschte Ger\u00fcche aus dem Anbaubereich entweichen.<\/p>\n<ul>\n<li><strong>Inline-Kohlefilter:<\/strong> Diese Filter sind so konzipiert, dass sie in das Bel\u00fcftungssystem eingebaut werden k\u00f6nnen und in der Regel an einen Abluftventilator angeschlossen sind. W\u00e4hrend die Luft durch den Filter str\u00f6mt, f\u00e4ngt die Aktivkohle Geruchsmolek\u00fcle und andere Verunreinigungen ab und sorgt so daf\u00fcr, dass nur saubere Luft aus dem Wachstumsraum ausgesto\u00dfen wird.<\/li>\n<li><strong>Auswechselbarer Vorfilter:<\/strong> Kohlefilter m\u00fcssen je nach Anwendung regelm\u00e4\u00dfig ausgetauscht werden. Einige Modelle verf\u00fcgen \u00fcber einen austauschbaren Vorfilter, w\u00e4hrend andere komplett ausgetauscht werden m\u00fcssen.<\/li>\n<\/ul>\n","protected":false},"excerpt":{"rendered":"<p>Konfigurierbares FAN-Bundle 100mm Bel\u00fcftungssystem<\/p>\n<ul>\n<li>Abluft-Ventilator Grow-Zelt Bel\u00fcftung (1mm)<\/li>\n<li>Kohlefilter<\/li>\n<li>Kanal Variationen<\/li>\n<\/ul>\n","protected":false},"featured_media":5530,"comment_status":"open","ping_status":"closed","template":"","meta":[],"product_brand":[],"product_cat":[405,416],"product_tag":[],"class_list":{"0":"post-5653","1":"product","2":"type-product","3":"status-publish","4":"has-post-thumbnail","6":"product_cat-belueftung-luftregulierung","7":"product_cat-abluft-set","9":"first","10":"instock","11":"taxable","12":"shipping-taxable","13":"purchasable","14":"product-type-easy_product_bundle"},"jetpack_sharing_enabled":true,"_links":{"self":[{"href":"https:\/\/growerssupply.eu\/de\/wp-json\/wp\/v2\/product\/5653","targetHints":{"allow":["GET"]}}],"collection":[{"href":"https:\/\/growerssupply.eu\/de\/wp-json\/wp\/v2\/product"}],"about":[{"href":"https:\/\/growerssupply.eu\/de\/wp-json\/wp\/v2\/types\/product"}],"replies":[{"embeddable":true,"href":"https:\/\/growerssupply.eu\/de\/wp-json\/wp\/v2\/comments?post=5653"}],"wp:featuredmedia":[{"embeddable":true,"href":"https:\/\/growerssupply.eu\/de\/wp-json\/wp\/v2\/media\/5530"}],"wp:attachment":[{"href":"https:\/\/growerssupply.eu\/de\/wp-json\/wp\/v2\/media?parent=5653"}],"wp:term":[{"taxonomy":"product_brand","embeddable":true,"href":"https:\/\/growerssupply.eu\/de\/wp-json\/wp\/v2\/product_brand?post=5653"},{"taxonomy":"product_cat","embeddable":true,"href":"https:\/\/growerssupply.eu\/de\/wp-json\/wp\/v2\/product_cat?post=5653"},{"taxonomy":"product_tag","embeddable":true,"href":"https:\/\/growerssupply.eu\/de\/wp-json\/wp\/v2\/product_tag?post=5653"}],"curies":[{"name":"wp","href":"https:\/\/api.w.org\/{rel}","templated":true}]}}