{"id":5654,"date":"2024-03-28T10:54:20","date_gmt":"2024-03-28T09:54:20","guid":{"rendered":"https:\/\/growerssupply.eu\/product\/outdoorpro60-ghp-probox-outdoor-balkon-growzelt-60x60x160cm\/"},"modified":"2024-03-28T10:54:20","modified_gmt":"2024-03-28T09:54:20","slug":"outdoorpro60-ghp-probox-outdoor-balkon-growzelt-60x60x160cm","status":"publish","type":"product","link":"https:\/\/growerssupply.eu\/de\/produkt\/outdoorpro60-ghp-probox-outdoor-balkon-growzelt-60x60x160cm\/","title":{"rendered":"Outdoorpro60 | GHP Probox | Outdoor &amp; Balkon Growzelt | 60x60x160cm"},"content":{"rendered":"<h1>Entdecken Sie OUTDOORPRO: Die ultimative Growbox f\u00fcr drau\u00dfen und den Balkon von Gardenhighpro<\/h1>\n<p>Ein exklusives, auf den Balkon zugeschnittenes Growzelt mit einem Sonnenschutznetz und einer Vollverkleidung, die sich f\u00fcr den Anbau im Freien und im Haus eignet.<\/p>\n<p>PROBOX OUTDOOR ist die ideale L\u00f6sung f\u00fcr Balkone, Terrassen und \u00fcberdachte Bereiche mit Zugang zum Sonnenlicht. Maximieren Sie das nat\u00fcrliche Licht und minimieren Sie die Energiekosten mit seinem dickeren Material und dem robusten Rahmen, der die meisten Alternativen der ECO-Klasse \u00fcbertrifft. Genie\u00dfen Sie au\u00dferdem die hochwertigen Schl\u00f6sser, die typischerweise in erstklassigen Grow-Zelten zu finden sind.<\/p>\n<h2>Flexible Konfigurationsm\u00f6glichkeiten mit PROBOX OUTDOOR:<\/h2>\n<p>Diese innovative Growbox bietet mit ihren 3 unabh\u00e4ngig voneinander zu \u00f6ffnenden Seiten eine anpassbare Konfiguration. Jede Seite bietet 3 \u00d6ffnungsebenen f\u00fcr personalisierte Aufstellungen:<\/p>\n<ul>\n<li>Vollst\u00e4ndig geschlossene Seite<\/li>\n<li>Seite mit Folie (die das Sonnenlicht durchl\u00e4sst)<\/li>\n<li>Seite mit Mesh (reduziert die W\u00e4rme und l\u00e4sst gleichzeitig Licht eindringen, gesch\u00fctzt durch eine Netzbarriere gegen Insekten)<\/li>\n<\/ul>\n<p>Dar\u00fcber hinaus verf\u00fcgt jede Box \u00fcber eine Klappe zum \u00d6ffnen des Daches (mit 3 Lagen, \u00e4hnlich wie an den Seiten), die eine zus\u00e4tzliche Sonneneinstrahlung erm\u00f6glicht.<\/p>\n<h2>Hervorgehobene Eigenschaften:<\/h2>\n<ul>\n<li>2 passive Einl\u00e4sse mit integriertem Mesh-Insektenschutzgitter<\/li>\n<li>Die innere Schicht ist mit einer silbernen Beschichtung verziert, deren Struktur an eine Orangenschale erinnert.<\/li>\n<li>Gepr\u00e4gtes Mylar mit PearlPro-Struktur sorgt f\u00fcr eine hervorragende Lichtreflexion von bis zu 97%.<\/li>\n<li>4 Bel\u00fcftungsh\u00fclsen, jede mit einem maximalen Durchmesser von 150 mm<\/li>\n<li>2 Kabelt\u00fcllen mit einem Durchmesser von je 90 mm<\/li>\n<li>Bequeme und robuste Abziehvorrichtungen an jeder H\u00fclle<\/li>\n<li>Inklusive 2 Querrohre f\u00fcr Filter und Lampenfassungen<\/li>\n<li>Wird mit einem Baldachin geliefert<\/li>\n<\/ul>\n","protected":false},"excerpt":{"rendered":"<ul>\n<li>Wasserdichte Basis<\/li>\n<li>2 passive Einl\u00e4sse mit integriertem Mesh-Insektenschutzgitter<\/li>\n<li>Die innere Schicht ist mit einer silbernen Beschichtung verziert, die an eine Orangenschale erinnert.<\/li>\n<li>Gepr\u00e4gtes Mylar mit PearlPro-Struktur sorgt f\u00fcr eine hervorragende Lichtreflexion, die bis zu 97% erreicht<\/li>\n<li>4 Ventilationsh\u00fclsen mit einem maximalen Durchmesser von 150 mm<\/li>\n<li>2 Kabelt\u00fcllen mit einem Durchmesser von je 90 mm<\/li>\n<li>Jede H\u00fclse verf\u00fcgt \u00fcber einen benutzerfreundlichen und robusten Abzieher<\/li>\n<li>Ausgestattet mit 2 Querrohren f\u00fcr Filter und Lampenfassungen<\/li>\n<li>Wird mit einem Baldachin geliefert<\/li>\n<\/ul>\n","protected":false},"featured_media":5475,"comment_status":"closed","ping_status":"closed","template":"","meta":[],"product_brand":[],"product_cat":[409,413],"product_tag":[443],"class_list":{"0":"post-5654","1":"product","2":"type-product","3":"status-publish","4":"has-post-thumbnail","6":"product_cat-garden-highpro","7":"product_cat-draussen","8":"product_tag-outdoorpro60-de","9":"product_shipping_class-parzelle","11":"first","12":"outofstock","13":"taxable","14":"shipping-taxable","15":"purchasable","16":"product-type-simple"},"jetpack_sharing_enabled":true,"_links":{"self":[{"href":"https:\/\/growerssupply.eu\/de\/wp-json\/wp\/v2\/product\/5654","targetHints":{"allow":["GET"]}}],"collection":[{"href":"https:\/\/growerssupply.eu\/de\/wp-json\/wp\/v2\/product"}],"about":[{"href":"https:\/\/growerssupply.eu\/de\/wp-json\/wp\/v2\/types\/product"}],"replies":[{"embeddable":true,"href":"https:\/\/growerssupply.eu\/de\/wp-json\/wp\/v2\/comments?post=5654"}],"wp:featuredmedia":[{"embeddable":true,"href":"https:\/\/growerssupply.eu\/de\/wp-json\/wp\/v2\/media\/5475"}],"wp:attachment":[{"href":"https:\/\/growerssupply.eu\/de\/wp-json\/wp\/v2\/media?parent=5654"}],"wp:term":[{"taxonomy":"product_brand","embeddable":true,"href":"https:\/\/growerssupply.eu\/de\/wp-json\/wp\/v2\/product_brand?post=5654"},{"taxonomy":"product_cat","embeddable":true,"href":"https:\/\/growerssupply.eu\/de\/wp-json\/wp\/v2\/product_cat?post=5654"},{"taxonomy":"product_tag","embeddable":true,"href":"https:\/\/growerssupply.eu\/de\/wp-json\/wp\/v2\/product_tag?post=5654"}],"curies":[{"name":"wp","href":"https:\/\/api.w.org\/{rel}","templated":true}]}}