{"id":5657,"date":"2024-03-28T10:54:20","date_gmt":"2024-03-28T09:54:20","guid":{"rendered":"https:\/\/growerssupply.eu\/product\/outdoorpro120l-ghp-probox-outdoor-growbox-fuer-3-pflanzen-120x60x220cm\/"},"modified":"2024-03-28T10:54:20","modified_gmt":"2024-03-28T09:54:20","slug":"outdoorpro120l-ghp-probox-outdoor-growbox-fuer-3-pflanzen-120x60x220cm","status":"publish","type":"product","link":"https:\/\/growerssupply.eu\/de\/produkt\/outdoorpro120l-ghp-probox-outdoor-growbox-fuer-3-pflanzen-120x60x220cm\/","title":{"rendered":"Outdoorpro120L | GHP Probox | Outdoor Growbox f\u00fcr 3 Pflanzen | 120x60x220cm"},"content":{"rendered":"<h1>Entdecken Sie die OUTDOORPRO120L Growbox f\u00fcr Au\u00dfenbereiche und Balkone von Gardenhighpro<\/h1>\n<p>Ein vielseitiges Zuchtzelt f\u00fcr den Balkon, mit einem Sonnenschutznetz und einer Vollverkleidung, die sich sowohl f\u00fcr den Innen- als auch f\u00fcr den Au\u00dfenanbau eignet.<\/p>\n<p>Die PROBOX OUTDOOR ist ideal f\u00fcr Balkone, Terrassen und \u00fcberdachte Bereiche mit Sonneneinstrahlung geeignet. Es verf\u00fcgt \u00fcber ein dickeres Material und einen stabileren Rahmen als die meisten Alternativen der ECO-Klasse und ist au\u00dferdem mit hochwertigen Schl\u00f6ssern ausgestattet, wie man sie bei hochwertigen Zelten findet.<\/p>\n<h2>Anpassbare Konfiguration mit PROBOX OUTDOOR:<\/h2>\n<p>Diese innovative Growbox bietet 3 unabh\u00e4ngig voneinander zu \u00f6ffnende Seiten f\u00fcr vielseitige Aufstellungen:<\/p>\n<ul>\n<li>Vollst\u00e4ndig geschlossene Seite<\/li>\n<li>Seite mit Folie (Sonnenlicht durchlassend)<\/li>\n<li>Seite mit Mesh (reduziert die Hitze und l\u00e4sst gleichzeitig Licht herein, gesch\u00fctzt durch eine Netzbarriere gegen unerw\u00fcnschte Insekten)<\/li>\n<\/ul>\n<p>Jede Box verf\u00fcgt au\u00dferdem \u00fcber eine Klappe auf dem Dach (mit 3 Schichten, \u00e4hnlich wie an den Seiten), durch die zus\u00e4tzliches Sonnenlicht eindringen kann.<\/p>\n<h2>Wichtige Merkmale:<\/h2>\n<ul>\n<li>2 passive Einl\u00e4sse mit integriertem Mesh-Insektenschutzgitter<\/li>\n<li>Die innere Schicht ist mit einer silbernen Beschichtung versehen, die wie eine Orangenschale strukturiert ist.<\/li>\n<li>Gepr\u00e4gtes Mylar mit PearlPro-Struktur sorgt f\u00fcr eine au\u00dfergew\u00f6hnliche Lichtreflexion von bis zu 97%.<\/li>\n<li>4 Bel\u00fcftungsh\u00fclsen, jede mit einem maximalen Durchmesser von 150 mm<\/li>\n<li>2 Kabelt\u00fcllen mit einem Durchmesser von je 90 mm<\/li>\n<li>Bequeme und robuste Abziehvorrichtungen an jeder H\u00fclle<\/li>\n<li>Inklusive 2 Querrohre f\u00fcr Filter und Lampenfassungen<\/li>\n<li>Wird mit einem Baldachin geliefert<\/li>\n<\/ul>\n","protected":false},"excerpt":{"rendered":"<ul>\n<li>2 passive Einl\u00e4sse mit eingebauten Mesh-Insektenschutzgittern<\/li>\n<li>Die innere Schicht ist mit einer silbernen Beschichtung verziert, die wie eine Orangenschale strukturiert ist.<\/li>\n<li>Gepr\u00e4gtes Mylar mit PearlPro Textur garantiert eine au\u00dfergew\u00f6hnliche Lichtreflexion von bis zu 97%.<\/li>\n<li>4 Ventilationsh\u00fclsen mit einem maximalen Durchmesser von 150 mm<\/li>\n<li>2 Kabelt\u00fcllen mit einem Durchmesser von je 90 mm<\/li>\n<li>Praktische und robuste Abziehvorrichtungen an jeder H\u00fclse<\/li>\n<li>Mit 2 Querrohren f\u00fcr Filter- und Lampenfassungen<\/li>\n<li>Wird mit einem Baldachin geliefert<\/li>\n<\/ul>\n","protected":false},"featured_media":5494,"comment_status":"closed","ping_status":"closed","template":"","meta":[],"product_brand":[],"product_cat":[409,413],"product_tag":[450],"class_list":{"0":"post-5657","1":"product","2":"type-product","3":"status-publish","4":"has-post-thumbnail","6":"product_cat-garden-highpro","7":"product_cat-draussen","8":"product_tag-outdoorpro120l-de","9":"product_shipping_class-parzelle","11":"first","12":"outofstock","13":"taxable","14":"shipping-taxable","15":"purchasable","16":"product-type-simple"},"jetpack_sharing_enabled":true,"_links":{"self":[{"href":"https:\/\/growerssupply.eu\/de\/wp-json\/wp\/v2\/product\/5657","targetHints":{"allow":["GET"]}}],"collection":[{"href":"https:\/\/growerssupply.eu\/de\/wp-json\/wp\/v2\/product"}],"about":[{"href":"https:\/\/growerssupply.eu\/de\/wp-json\/wp\/v2\/types\/product"}],"replies":[{"embeddable":true,"href":"https:\/\/growerssupply.eu\/de\/wp-json\/wp\/v2\/comments?post=5657"}],"wp:featuredmedia":[{"embeddable":true,"href":"https:\/\/growerssupply.eu\/de\/wp-json\/wp\/v2\/media\/5494"}],"wp:attachment":[{"href":"https:\/\/growerssupply.eu\/de\/wp-json\/wp\/v2\/media?parent=5657"}],"wp:term":[{"taxonomy":"product_brand","embeddable":true,"href":"https:\/\/growerssupply.eu\/de\/wp-json\/wp\/v2\/product_brand?post=5657"},{"taxonomy":"product_cat","embeddable":true,"href":"https:\/\/growerssupply.eu\/de\/wp-json\/wp\/v2\/product_cat?post=5657"},{"taxonomy":"product_tag","embeddable":true,"href":"https:\/\/growerssupply.eu\/de\/wp-json\/wp\/v2\/product_tag?post=5657"}],"curies":[{"name":"wp","href":"https:\/\/api.w.org\/{rel}","templated":true}]}}