{"id":5658,"date":"2024-03-28T10:54:20","date_gmt":"2024-03-28T09:54:20","guid":{"rendered":"https:\/\/growerssupply.eu\/product\/outdoorpro240l-ghp-probox-outdoor-growbox-240x120x220cm\/"},"modified":"2024-03-28T10:54:20","modified_gmt":"2024-03-28T09:54:20","slug":"outdoorpro240l-ghp-probox-outdoor-growbox-240x120x220cm","status":"publish","type":"product","link":"https:\/\/growerssupply.eu\/de\/produkt\/outdoorpro240l-ghp-probox-outdoor-growbox-240x120x220cm\/","title":{"rendered":"Outdoorpro240L | GHP Probox | Outdoor Growbox | 240x120x220cm"},"content":{"rendered":"<h1>Growbox f\u00fcr drau\u00dfen und den Balkon: OUTDOORPRO von Gardenhighpro<\/h1>\n<p>Verbessern Sie Ihr Balkon-Gartenerlebnis mit der OUTDOORPRO Growbox, die f\u00fcr den Au\u00dfenbereich und den Balkon konzipiert wurde. Ausgestattet mit einem Sonnenschutznetz und einer Vollverkleidung ist dieses Growzelt auch f\u00fcr den Innenanbau perfekt geeignet.<\/p>\n<p>Mit ihrem dickeren Material und dem robusten Rahmen bietet die PROBOX OUTDOOR im Vergleich zu anderen Optionen der ECO-Klasse eine h\u00f6here Haltbarkeit. Genie\u00dfen Sie die zus\u00e4tzliche Sicherheit von hochwertigen Schl\u00f6ssern, die Sie normalerweise in hochwertigen Zelten finden.<\/p>\n<h2>Anpassbare Konfiguration:<\/h2>\n<p>Konfigurieren Sie die PROBOX OUTDOOR ganz nach Ihren Bed\u00fcrfnissen mit ihren 3 unabh\u00e4ngig voneinander zu \u00f6ffnenden Seiten:<\/p>\n<ul>\n<li>Vollst\u00e4ndig geschlossene Seite<\/li>\n<li>Seite mit Folie (Sonnenlicht durchlassend)<\/li>\n<li>Seite mit Netz (reduziert die Hitze und h\u00e4lt unerw\u00fcnschte Insekten fern)<\/li>\n<\/ul>\n<p>Au\u00dferdem verf\u00fcgt jede Box \u00fcber eine Klappe auf dem Dach, durch die zus\u00e4tzliches Sonnenlicht eindringen kann.<\/p>\n<h2>Wichtige Merkmale:<\/h2>\n<ul>\n<li>2 passive Einl\u00e4sse mit integriertem Mesh-Insektenschutzgitter<\/li>\n<li>Die innere Schicht ist mit einer silbernen Beschichtung versehen, die wie eine Orangenschale strukturiert ist.<\/li>\n<li>Gepr\u00e4gtes Mylar mit PearlPro-Struktur sorgt f\u00fcr eine au\u00dfergew\u00f6hnliche Lichtreflexion von bis zu 97%.<\/li>\n<li>4 Bel\u00fcftungsh\u00fclsen, jede mit einem maximalen Durchmesser von 150 mm<\/li>\n<li>2 Kabelt\u00fcllen mit einem Durchmesser von je 90 mm<\/li>\n<li>Bequeme und robuste Abziehvorrichtungen an jeder H\u00fclle<\/li>\n<li>Inklusive 2 Querrohre f\u00fcr Filter und Lampenfassungen<\/li>\n<li>Wird mit einem Baldachin geliefert<\/li>\n<\/ul>\n","protected":false},"excerpt":{"rendered":"<ul>\n<li>Basis mit wasserfesten Eigenschaften<\/li>\n<li>2 passive Einl\u00e4sse mit integriertem Mesh-Insektenschutzgitter<\/li>\n<li>Die innere Schicht ist mit Silber beschichtet und \u00e4hnelt einer Orangenschalen-Struktur<\/li>\n<li>Hohe Lichtreflexion von bis zu 97% durch gepr\u00e4gtes Mylar mit PearlPro-Struktur<\/li>\n<li>4 Ventilationsh\u00fclsen mit einem maximalen Durchmesser von 150 mm<\/li>\n<li>2 Kabelt\u00fcllen mit einem Durchmesser von je 90 mm<\/li>\n<li>Bequeme und haltbare Abziehvorrichtungen an jeder H\u00fclle<\/li>\n<li>Ausgestattet mit 2 Querrohren f\u00fcr Filter und Lampenfassungen<\/li>\n<li>Wird mit einem Baldachin geliefert<\/li>\n<\/ul>\n","protected":false},"featured_media":5496,"comment_status":"closed","ping_status":"closed","template":"","meta":[],"product_brand":[],"product_cat":[409,413],"product_tag":[452],"class_list":{"0":"post-5658","1":"product","2":"type-product","3":"status-publish","4":"has-post-thumbnail","6":"product_cat-garden-highpro","7":"product_cat-draussen","8":"product_tag-outdoorpro240l-de","9":"product_shipping_class-parzelle","11":"first","12":"outofstock","13":"taxable","14":"shipping-taxable","15":"purchasable","16":"product-type-simple"},"jetpack_sharing_enabled":true,"_links":{"self":[{"href":"https:\/\/growerssupply.eu\/de\/wp-json\/wp\/v2\/product\/5658","targetHints":{"allow":["GET"]}}],"collection":[{"href":"https:\/\/growerssupply.eu\/de\/wp-json\/wp\/v2\/product"}],"about":[{"href":"https:\/\/growerssupply.eu\/de\/wp-json\/wp\/v2\/types\/product"}],"replies":[{"embeddable":true,"href":"https:\/\/growerssupply.eu\/de\/wp-json\/wp\/v2\/comments?post=5658"}],"wp:featuredmedia":[{"embeddable":true,"href":"https:\/\/growerssupply.eu\/de\/wp-json\/wp\/v2\/media\/5496"}],"wp:attachment":[{"href":"https:\/\/growerssupply.eu\/de\/wp-json\/wp\/v2\/media?parent=5658"}],"wp:term":[{"taxonomy":"product_brand","embeddable":true,"href":"https:\/\/growerssupply.eu\/de\/wp-json\/wp\/v2\/product_brand?post=5658"},{"taxonomy":"product_cat","embeddable":true,"href":"https:\/\/growerssupply.eu\/de\/wp-json\/wp\/v2\/product_cat?post=5658"},{"taxonomy":"product_tag","embeddable":true,"href":"https:\/\/growerssupply.eu\/de\/wp-json\/wp\/v2\/product_tag?post=5658"}],"curies":[{"name":"wp","href":"https:\/\/api.w.org\/{rel}","templated":true}]}}