{"id":5660,"date":"2024-03-25T15:02:24","date_gmt":"2024-03-25T14:02:24","guid":{"rendered":"https:\/\/growerssupply.eu\/product\/ghp-probox-outdoor-120-balkon-growbox-120x120x220cm\/"},"modified":"2024-06-08T19:47:39","modified_gmt":"2024-06-08T17:47:39","slug":"ghp-probox-outdoor-120-balkon-growbox-120x120x220cm","status":"publish","type":"product","link":"https:\/\/growerssupply.eu\/de\/produkt\/ghp-probox-outdoor-120-balkon-growbox-120x120x220cm\/","title":{"rendered":"GHP PROBOX OUTDOOR 120 | Balkon-Growbox | 120x120x220cm"},"content":{"rendered":"<h2>Growbox f\u00fcr drau\u00dfen und den Balkon OUTDOORPRO von Gardenhighpro<\/h2>\n<p>Growtent f\u00fcr Ihren Balkon<br \/>\nSonnenschutznetz<br \/>\nFull-Cover, auch f\u00fcr den Innenanbau geeignet<\/p>\n<p>&nbsp;<\/p>\n<p>PROBOX OUTDOOR ist ideal f\u00fcr Balkone, Terrassen und andere \u00fcberdachte Strukturen mit Zugang zu Sonnenlicht geeignet. Profitieren Sie von nat\u00fcrlichem Licht und sparen Sie Energiekosten. PROBOX OUTDOOR hat ein dickeres Material und einen robusteren Rahmen als die meisten vergleichbaren Modelle der ECO-Klasse. Die PROBOX hat au\u00dferdem den unbestreitbaren Vorteil, dass sie mit hochwertigen Schl\u00f6ssern ausgestattet ist, die normalerweise nur in hochwertigen Zelten zu finden sind.<\/p>\n<p>&nbsp;<\/p>\n<h3>PROBOX OUTDOOR kann dank seiner 3 unabh\u00e4ngig voneinander zu \u00f6ffnenden Seiten frei konfiguriert werden:<\/h3>\n<p>Jede Seite besteht aus 3 \u00d6ffnungsebenen, so dass wir jede beliebige Konfiguration f\u00fcr uns verwenden k\u00f6nnen:<\/p>\n<p>Vollst\u00e4ndig geschlossene Seite<br \/>\nSeite mit Folie (Sonnenlicht tritt ein)<br \/>\nSeite mit Mesh (verringert die Hitze im Zelt. Au\u00dferdem kommt Licht herein, aber dank des sch\u00fctzenden Netzes gelangen keine unerw\u00fcnschten Insekten, Wanzen und dergleichen hinein)<br \/>\nAu\u00dferdem ist jede Box mit einer \u00d6ffnungsklappe auf dem Dach ausgestattet (3 Lagen wie bei den Seiten), dank derer wir zus\u00e4tzliches Sonnenlicht hereinlassen k\u00f6nnen<\/p>\n<p>&nbsp;<\/p>\n<h4>Merkmale:<\/h4>\n<ul>\n<li>Abmessungen: 100x100xh200cm<\/li>\n<li>Wasserdichter Boden<\/li>\n<li>2 passive Einl\u00e4sse (Mesh-Insektenschutzgitter)<\/li>\n<li>Innere Schicht: Silber (Textur: Orangenschale)<\/li>\n<li>Hohe Lichtreflexion von bis zu 97% &#8211; dank gepr\u00e4gtem Mylar mit PearlPro-Struktur<\/li>\n<li>4 Bel\u00fcftungsschl\u00e4uche mit max. Durchmesser 150 mm<\/li>\n<li>2 Kabelt\u00fcllen mit Durchmesser: 90mm<\/li>\n<li>Jede H\u00fclse hat einen komfortablen und robusten Abzieher<\/li>\n<li>Filter und Lampenfassung: 2 Querrohre<\/li>\n<li>Vordach Abdeckung<\/li>\n<\/ul>\n<p>&nbsp;<\/p>\n","protected":false},"excerpt":{"rendered":"<h2>Growbox f\u00fcr drau\u00dfen und den Balkon OUTDOORPRO von Gardenhighpro<\/h2>\n<p>Growtent f\u00fcr Ihren Balkon<br \/>\nSonnenschutznetz<br \/>\nFull-Cover, auch f\u00fcr den Indoor-Anbau geeignet.<\/p>\n<p>&nbsp;<\/p>\n","protected":false},"featured_media":5475,"comment_status":"open","ping_status":"closed","template":"","meta":[],"product_brand":[],"product_cat":[409,413,455],"product_tag":[],"class_list":{"0":"post-5660","1":"product","2":"type-product","3":"status-publish","4":"has-post-thumbnail","6":"product_cat-garden-highpro","7":"product_cat-draussen","8":"product_cat-garten-highpro-de","10":"first","11":"outofstock","12":"taxable","13":"shipping-taxable","14":"purchasable","15":"product-type-simple"},"jetpack_sharing_enabled":true,"_links":{"self":[{"href":"https:\/\/growerssupply.eu\/de\/wp-json\/wp\/v2\/product\/5660","targetHints":{"allow":["GET"]}}],"collection":[{"href":"https:\/\/growerssupply.eu\/de\/wp-json\/wp\/v2\/product"}],"about":[{"href":"https:\/\/growerssupply.eu\/de\/wp-json\/wp\/v2\/types\/product"}],"replies":[{"embeddable":true,"href":"https:\/\/growerssupply.eu\/de\/wp-json\/wp\/v2\/comments?post=5660"}],"wp:featuredmedia":[{"embeddable":true,"href":"https:\/\/growerssupply.eu\/de\/wp-json\/wp\/v2\/media\/5475"}],"wp:attachment":[{"href":"https:\/\/growerssupply.eu\/de\/wp-json\/wp\/v2\/media?parent=5660"}],"wp:term":[{"taxonomy":"product_brand","embeddable":true,"href":"https:\/\/growerssupply.eu\/de\/wp-json\/wp\/v2\/product_brand?post=5660"},{"taxonomy":"product_cat","embeddable":true,"href":"https:\/\/growerssupply.eu\/de\/wp-json\/wp\/v2\/product_cat?post=5660"},{"taxonomy":"product_tag","embeddable":true,"href":"https:\/\/growerssupply.eu\/de\/wp-json\/wp\/v2\/product_tag?post=5660"}],"curies":[{"name":"wp","href":"https:\/\/api.w.org\/{rel}","templated":true}]}}