{"id":5670,"date":"2024-02-15T16:37:51","date_gmt":"2024-02-15T15:37:51","guid":{"rendered":"https:\/\/growerssupply.eu\/product\/flex-ii-4-way-y-splitter-wdc21male-4xwdc19female\/"},"modified":"2024-02-15T16:37:51","modified_gmt":"2024-02-15T15:37:51","slug":"flex-ii-4-way-y-splitter-wdc21male-4xwdc19female","status":"publish","type":"product","link":"https:\/\/growerssupply.eu\/de\/produkt\/flex-ii-4-way-y-splitter-wdc21male-4xwdc19female\/","title":{"rendered":"FLEX II | 4 Way Y-Splitter | WDC21male\/4xWDC19female"},"content":{"rendered":"<p>4 Wege Y-Verteiler WDC21male\/4xWDC19female<\/p>\n<p>&nbsp;<\/p>\n<p>Vorgeschlagen f\u00fcr gr\u00f6\u00dfere Setups<\/p>\n","protected":false},"excerpt":{"rendered":"<p>4 Wege Y-Verteiler WDC21male\/4xWDC19female<\/p>\n","protected":false},"featured_media":5073,"comment_status":"closed","ping_status":"closed","template":"","meta":[],"product_brand":[],"product_cat":[464],"product_tag":[419,460],"class_list":{"0":"post-5670","1":"product","2":"type-product","3":"status-publish","4":"has-post-thumbnail","6":"product_cat-flex-de-2","7":"product_tag-sanlight-de","8":"product_tag-flex-de","10":"first","11":"instock","12":"taxable","13":"shipping-taxable","14":"purchasable","15":"product-type-simple"},"jetpack_sharing_enabled":true,"_links":{"self":[{"href":"https:\/\/growerssupply.eu\/de\/wp-json\/wp\/v2\/product\/5670","targetHints":{"allow":["GET"]}}],"collection":[{"href":"https:\/\/growerssupply.eu\/de\/wp-json\/wp\/v2\/product"}],"about":[{"href":"https:\/\/growerssupply.eu\/de\/wp-json\/wp\/v2\/types\/product"}],"replies":[{"embeddable":true,"href":"https:\/\/growerssupply.eu\/de\/wp-json\/wp\/v2\/comments?post=5670"}],"wp:featuredmedia":[{"embeddable":true,"href":"https:\/\/growerssupply.eu\/de\/wp-json\/wp\/v2\/media\/5073"}],"wp:attachment":[{"href":"https:\/\/growerssupply.eu\/de\/wp-json\/wp\/v2\/media?parent=5670"}],"wp:term":[{"taxonomy":"product_brand","embeddable":true,"href":"https:\/\/growerssupply.eu\/de\/wp-json\/wp\/v2\/product_brand?post=5670"},{"taxonomy":"product_cat","embeddable":true,"href":"https:\/\/growerssupply.eu\/de\/wp-json\/wp\/v2\/product_cat?post=5670"},{"taxonomy":"product_tag","embeddable":true,"href":"https:\/\/growerssupply.eu\/de\/wp-json\/wp\/v2\/product_tag?post=5670"}],"curies":[{"name":"wp","href":"https:\/\/api.w.org\/{rel}","templated":true}]}}