{"id":5679,"date":"2024-02-22T17:55:56","date_gmt":"2024-02-22T16:55:56","guid":{"rendered":"https:\/\/growerssupply.eu\/product\/660w-bundle-3x-hortione-600-v3-led-1800%c2%b5mol-s\/"},"modified":"2026-03-15T19:00:13","modified_gmt":"2026-03-15T18:00:13","slug":"660w-bundle-3x-hortione-600-v3-led-1800%c2%b5mol-s","status":"publish","type":"product","link":"https:\/\/growerssupply.eu\/de\/produkt\/660w-bundle-3x-hortione-600-v3-led-1800%c2%b5mol-s\/","title":{"rendered":"660W &#8211; BUNDLE: 3x hortiONE 600 V3 LED 1800\u00b5mol\/s"},"content":{"rendered":"<h1>3x hortiONE 600<\/h1>\n<p>&nbsp;<\/p>\n<p>Extra langes (940mm) und um 45\u00b0 abgewinkeltes LED-Panel f\u00fcr den Innenanbau. Der Reflektor unterst\u00fctzt eine diffuse Beleuchtung, was zu einer gr\u00f6\u00dferen Homogenit\u00e4t und einer h\u00f6heren Lichtausbeute in Ihrem Anbaugebiet f\u00fchrt. Aufgrund der L\u00e4nge kann ein hohes Ma\u00df an Gleichm\u00e4\u00dfigkeit in gro\u00dfen Bereichen erreicht werden. Hybridkonstruktion mit Vollspektrum- und Hochleistungs-MID-Power-LEDs (3030C Plattform mit 4000K) gemischt mit OSRAM High-Power-LEDs (660nm) f\u00fcr gute Lichtergebnisse. Geeignet f\u00fcr die vegetative und generative Phase (voller Zyklus). Hohe Lichtleistung f\u00fcr ein kleines Budget. Neutralwei\u00dfes Licht f\u00fcr eine echte Farbwiedergabe und eine nat\u00fcrliche Entwicklung Ihrer Pflanzen<\/p>\n<p>&nbsp;<\/p>\n<h2>Au\u00dfergew\u00f6hnlicher Wert mit der hortiONE LED<\/h2>\n<p>Sind Sie auf der Suche nach einer Beleuchtungsl\u00f6sung, die unvergleichliche Leistung zu einem niedrigen Preis bietet? Suchen Sie nicht weiter als die hortiONE LED &#8211; ein innovatives Kraftpaket, das einen hervorragenden Wert f\u00fcr Ihre Investitionen in den Anbau bietet.<\/p>\n<h3>Hohe Lichtleistung, niedrige Kosten<\/h3>\n<p>Die hortiONE LED bietet eine bemerkenswerte Kombination aus hoher Lichtleistung und Erschwinglichkeit. Erleben Sie \u00fcppige Ertr\u00e4ge, ohne Ihr Budget zu belasten.<\/p>\n<h3>M\u00fchelose Einrichtung, Herstellergarantie<\/h3>\n<p>Die hortiONE LED wurde f\u00fcr den Plug-and-Play-Komfort entwickelt und verf\u00fcgt \u00fcber eine Herstellergarantie f\u00fcr zus\u00e4tzlichen Seelenfrieden.<\/p>\n<h3>Optimierte Effizienz f\u00fcr Einsparungen<\/h3>\n<p>Mit einer beeindruckenden Effizienz von 2,9\u00b5mol\/J garantiert die hortiONE LED maximale Leistung bei minimalen Kosten. Genie\u00dfen Sie erhebliche Einsparungen bei Ihren Energierechnungen und maximieren Sie gleichzeitig das Potenzial Ihrer Ernte &#8211; eine Win-Win-Situation.<\/p>\n<h3>Erweiterte Deckung, verbessertes Wachstum<\/h3>\n<p>Die hortiONE LED verf\u00fcgt \u00fcber ein langes LED-Panel, das eine umfassende Abdeckung f\u00fcr Ihren Anbauraum bietet. In Kombination mit dem um 45\u00b0 abgewinkelten Paneeldesign genie\u00dfen Sie eine diffusere Lichtverteilung, die eine gleichm\u00e4\u00dfige Ausleuchtung und Wachstum f\u00f6rdert.<\/p>\n<h3>Qualit\u00e4tskomponenten f\u00fcr Zuverl\u00e4ssigkeit<\/h3>\n<p>Vertrauen Sie auf die Strapazierf\u00e4higkeit und Langlebigkeit der hortiONE LED, denn es werden nur die besten Komponenten verwendet. Von den Seoul 3030C bis hin zu den OSRAM GIANT 660nm Hochleistungs-LEDs k\u00f6nnen Sie sicher sein, dass Ihre Investition langlebig ist und Ernte f\u00fcr Ernte eine gleichbleibende Leistung erbringt.<\/p>\n<h3>Widerstandsf\u00e4higkeit in herausfordernden Umgebungen<\/h3>\n<p>Der Anbau in Innenr\u00e4umen kann verschiedene Herausforderungen mit sich bringen, aber die hortiONE LED meistert diese Herausforderung. Durch die hohe Resistenz gegen VOCs und Schwefel ist diese Beleuchtungsl\u00f6sung so gebaut, dass sie rauen Bedingungen standh\u00e4lt und eine jahrelange Haltbarkeit und Langlebigkeit gew\u00e4hrleistet.<\/p>\n<h3>Anpassungsf\u00e4higes und skalierbares Design<\/h3>\n<p>Wachsen Sie mit der Gewissheit, dass die hortiONE LED \u00fcber ein modulares Design verf\u00fcgt, das eine einfache Anpassung und Erweiterung erm\u00f6glicht, wenn sich Ihre Anbaubed\u00fcrfnisse weiterentwickeln. Passen Sie sich an wechselnde Anforderungen an und skalieren Sie Ihren Betrieb nahtlos.<\/p>\n<p>&nbsp;<\/p>\n<div class=\"_df_book df-lite\" id=\"df_4809\"  _slug=\"4809\" data-title=\"\" wpoptions=\"true\" thumbtype=\"\" ><\/div><script class=\"df-shortcode-script\" nowprocket type=\"application\/javascript\">window.option_df_4809 = {\"outline\":[],\"backgroundColor\":\"#ffffff\",\"autoEnableOutline\":\"false\",\"autoEnableThumbnail\":\"false\",\"overwritePDFOutline\":\"false\",\"direction\":\"1\",\"pageSize\":\"0\",\"source\":\"https:\\\/\\\/growerssupply.eu\\\/wp-content\\\/uploads\\\/2024\\\/04\\\/hortiONE-Catalogue-2022.2-EN-RGB-1.pdf\",\"wpOptions\":\"true\"}; if(window.DFLIP && window.DFLIP.parseBooks){window.DFLIP.parseBooks();}<\/script>\n","protected":false},"excerpt":{"rendered":"<h2>3x hortiONE 600<\/h2>\n<p>&nbsp;<\/p>\n<ul>\n<li>660W LED<\/li>\n<li>1800\u00b5mol\/s<\/li>\n<li>Ideal f\u00fcr 120x120cm bis 150x150cm<\/li>\n<\/ul>\n<p>220W Modulares LED-Panel von hortiONE. Hohe Qualit\u00e4t, niedriger Preis.<\/p>\n","protected":false},"featured_media":5179,"comment_status":"open","ping_status":"closed","template":"","meta":[],"product_brand":[],"product_cat":[459,402],"product_tag":[467,468,469,470],"class_list":{"0":"post-5679","1":"product","2":"type-product","3":"status-publish","4":"has-post-thumbnail","6":"product_cat-hortione-de","7":"product_cat-led-pflanzenlampen","8":"product_tag-quantenbrett","9":"product_tag-hortione-de","10":"product_tag-growlight-de","11":"product_tag-kit-de","13":"first","14":"instock","15":"sale","16":"taxable","17":"shipping-taxable","18":"purchasable","19":"product-type-easy_product_bundle"},"jetpack_sharing_enabled":true,"_links":{"self":[{"href":"https:\/\/growerssupply.eu\/de\/wp-json\/wp\/v2\/product\/5679","targetHints":{"allow":["GET"]}}],"collection":[{"href":"https:\/\/growerssupply.eu\/de\/wp-json\/wp\/v2\/product"}],"about":[{"href":"https:\/\/growerssupply.eu\/de\/wp-json\/wp\/v2\/types\/product"}],"replies":[{"embeddable":true,"href":"https:\/\/growerssupply.eu\/de\/wp-json\/wp\/v2\/comments?post=5679"}],"wp:featuredmedia":[{"embeddable":true,"href":"https:\/\/growerssupply.eu\/de\/wp-json\/wp\/v2\/media\/5179"}],"wp:attachment":[{"href":"https:\/\/growerssupply.eu\/de\/wp-json\/wp\/v2\/media?parent=5679"}],"wp:term":[{"taxonomy":"product_brand","embeddable":true,"href":"https:\/\/growerssupply.eu\/de\/wp-json\/wp\/v2\/product_brand?post=5679"},{"taxonomy":"product_cat","embeddable":true,"href":"https:\/\/growerssupply.eu\/de\/wp-json\/wp\/v2\/product_cat?post=5679"},{"taxonomy":"product_tag","embeddable":true,"href":"https:\/\/growerssupply.eu\/de\/wp-json\/wp\/v2\/product_tag?post=5679"}],"curies":[{"name":"wp","href":"https:\/\/api.w.org\/{rel}","templated":true}]}}