{"id":5684,"date":"2024-02-13T11:53:50","date_gmt":"2024-02-13T10:53:50","guid":{"rendered":"https:\/\/growerssupply.eu\/product\/sanlight-evo-magnetischer-dimmer-inkl-schluessel\/"},"modified":"2025-01-29T11:49:49","modified_gmt":"2025-01-29T10:49:49","slug":"sanlight-evo-magnetischer-dimmer-inkl-schluessel","status":"publish","type":"product","link":"https:\/\/growerssupply.eu\/de\/produkt\/sanlight-evo-magnetischer-dimmer-inkl-schluessel\/","title":{"rendered":"SANlight EVO &#8211; Magnetischer Dimmer &#8211; inkl. Schl\u00fcssel"},"content":{"rendered":"<p>Magnetischer Dimmer EVO Serie inkl. Taste (M-Dimmer) Wenn Sie sich f\u00fcr den SANlight M-Dimmer entscheiden, haben Sie die ideale Erg\u00e4nzung f\u00fcr Ihr LED-Wachstumslicht der EVO-Serie gew\u00e4hlt, die entwickelt wurde, um Ihr Wachstumserlebnis mit Pr\u00e4zision und Leichtigkeit zu verbessern. Mit diesem vielseitigen Dimmer k\u00f6nnen Sie die Lichtintensit\u00e4t an jede Phase des Pflanzenwachstums anpassen, um optimale Ergebnisse zu erzielen und gleichzeitig Energie zu sparen.<\/p>\n","protected":false},"excerpt":{"rendered":"<p>Magnetischer Dimmer EVO Serie inkl. Taste (M-Dimmer) Wenn Sie sich f\u00fcr den SANlight M-Dimmer entscheiden, haben Sie die ideale Erg\u00e4nzung f\u00fcr Ihr LED-Wachstumslicht der EVO-Serie gew\u00e4hlt, die entwickelt wurde, um Ihr Wachstumserlebnis mit Pr\u00e4zision und Leichtigkeit zu verbessern. Mit diesem vielseitigen Dimmer k\u00f6nnen Sie die Lichtintensit\u00e4t an jede Phase des Pflanzenwachstums anpassen, um optimale Ergebnisse [&hellip;]<\/p>\n","protected":false},"featured_media":7296,"comment_status":"closed","ping_status":"closed","template":"","meta":[],"product_brand":[],"product_cat":[423,422],"product_tag":[481,419],"class_list":{"0":"post-5684","1":"product","2":"type-product","3":"status-publish","4":"has-post-thumbnail","6":"product_cat-evo-de","7":"product_cat-sanlight-de","8":"product_tag-zubehor","9":"product_tag-sanlight-de","11":"first","12":"instock","13":"taxable","14":"shipping-taxable","15":"purchasable","16":"product-type-simple"},"jetpack_sharing_enabled":true,"_links":{"self":[{"href":"https:\/\/growerssupply.eu\/de\/wp-json\/wp\/v2\/product\/5684","targetHints":{"allow":["GET"]}}],"collection":[{"href":"https:\/\/growerssupply.eu\/de\/wp-json\/wp\/v2\/product"}],"about":[{"href":"https:\/\/growerssupply.eu\/de\/wp-json\/wp\/v2\/types\/product"}],"replies":[{"embeddable":true,"href":"https:\/\/growerssupply.eu\/de\/wp-json\/wp\/v2\/comments?post=5684"}],"wp:featuredmedia":[{"embeddable":true,"href":"https:\/\/growerssupply.eu\/de\/wp-json\/wp\/v2\/media\/7296"}],"wp:attachment":[{"href":"https:\/\/growerssupply.eu\/de\/wp-json\/wp\/v2\/media?parent=5684"}],"wp:term":[{"taxonomy":"product_brand","embeddable":true,"href":"https:\/\/growerssupply.eu\/de\/wp-json\/wp\/v2\/product_brand?post=5684"},{"taxonomy":"product_cat","embeddable":true,"href":"https:\/\/growerssupply.eu\/de\/wp-json\/wp\/v2\/product_cat?post=5684"},{"taxonomy":"product_tag","embeddable":true,"href":"https:\/\/growerssupply.eu\/de\/wp-json\/wp\/v2\/product_tag?post=5684"}],"curies":[{"name":"wp","href":"https:\/\/api.w.org\/{rel}","templated":true}]}}