{"id":5704,"date":"2024-02-13T11:35:30","date_gmt":"2024-02-13T10:35:30","guid":{"rendered":"https:\/\/growerssupply.eu\/product\/sanlight-evo-5-120-version-1-5\/"},"modified":"2025-01-29T11:33:31","modified_gmt":"2025-01-29T10:33:31","slug":"sanlight-evo-5-120-version-1-5","status":"publish","type":"product","link":"https:\/\/growerssupply.eu\/de\/produkt\/sanlight-evo-5-120-version-1-5\/","title":{"rendered":"SANlight EVO 5-120 | Version 1.5"},"content":{"rendered":"<h2>SANlight EVO 5-120 1.5<\/h2>\n<p>Das SANlight EVO 5-120: Pr\u00e4zisionsbeleuchtung f\u00fcr Projekte und extreme Zeltanwendungen Das EVO 5-120 wurde urspr\u00fcnglich f\u00fcr Gro\u00dfprojekte entwickelt, eignet sich aber auch hervorragend f\u00fcr hochintensive Zeltaufbauten. Beim Einsatz von zwei EVO 5-120 in einem 1,2 x 1,2 m gro\u00dfen Zelt k\u00f6nnen Sie einen beeindruckenden durchschnittlichen PPFDe-Wert von 1.160 \u00b5mol\/m\u00b2\/s erreichen. Bei dieser Konfiguration ist die Dimmerfunktion unerl\u00e4sslich, um die Lichtintensit\u00e4t effektiv zu steuern. Unsere Forschung zeigt, dass es selbst bei diesen hohen Lichtwerten m\u00f6glich ist, ohne CO\u2082-Zugabe zu wachsen. F\u00fcr optimale Ergebnisse empfehlen wir jedoch dringend eine CO\u2082-Begasung, um die Ertr\u00e4ge und die Pflanzengesundheit zu maximieren.<\/p>\n<p><strong>Hauptmerkmale und Empfehlungen:<\/strong><\/p>\n<ul>\n<li>Konzipiert f\u00fcr hohe R\u00e4ume und offene Fl\u00e4chen, perfekt f\u00fcr Gro\u00dfprojekte.<\/li>\n<li>Die Verwendung von CO\u2082-Zus\u00e4tzen und Dimmern wird f\u00fcr den Einsatz in Zelten dringend empfohlen.<\/li>\n<li>Beim Betrieb ohne CO\u2082 ist zus\u00e4tzliche g\u00e4rtnerische Sorgfalt geboten, um den Erfolg der Pflanzen zu gew\u00e4hrleisten.<\/li>\n<li>Individuelle Empfehlungen f\u00fcr andere Zelt- oder Raumgr\u00f6\u00dfen sind m\u00f6glich &#8211; fragen Sie einfach nach!<\/li>\n<li>Liefert 340 W Leistung mit einem Output von 915 \u00b5mol\/s, was reichlich Energie f\u00fcr kr\u00e4ftiges Wachstum und Bl\u00fcte liefert.<\/li>\n<\/ul>\n<p><strong>Flexibilit\u00e4t bei der Installation:<\/strong><br \/>\nKabel und Zubeh\u00f6r sind separat erh\u00e4ltlich, so dass Sie Ihre Installation an Ihre speziellen Bed\u00fcrfnisse anpassen k\u00f6nnen, um eine breite Palette von Konfigurationen zu erm\u00f6glichen. Ob Sie ein gro\u00dfes Projekt in Angriff nehmen oder die Grenzen des Zeltanbaus ausloten, die SANlight EVO 5-120 bietet un\u00fcbertroffene Leistung und Anpassungsf\u00e4higkeit. Erh\u00f6hen Sie Ihren Anbau mit einer Pr\u00e4zisionsbeleuchtung, die f\u00fcr professionelle Ergebnisse entwickelt wurde.<\/p>\n<table class=\"wso-table-data\">\n<tbody>\n<tr>\n<td>Verbrauch<\/td>\n<td>320<\/td>\n<\/tr>\n<tr>\n<td>PPF*<\/td>\n<td>870<\/td>\n<\/tr>\n<tr>\n<td>Weight<\/td>\n<td>5.9<\/td>\n<\/tr>\n<tr>\n<td>Length (mm)<\/td>\n<td>1018<\/td>\n<\/tr>\n<tr>\n<td>Breite (mm)<\/td>\n<td>291<\/td>\n<\/tr>\n<tr>\n<td>H\u00f6he (mm)<\/td>\n<td>116<\/td>\n<\/tr>\n<tr>\n<td>Schutzklasse<\/td>\n<td>IP65<\/td>\n<\/tr>\n<\/tbody>\n<\/table>\n<style>.elementor-widget-heading .elementor-heading-title{font-family:var( --e-global-typography-primary-font-family ), Poppins;font-size:var( --e-global-typography-primary-font-size );font-weight:var( --e-global-typography-primary-font-weight );color:var( --e-global-color-primary );}.elementor-widget-text-editor{font-family:var( --e-global-typography-text-font-family ), Poppins;font-size:var( --e-global-typography-text-font-size );font-weight:var( --e-global-typography-text-font-weight );color:var( --e-global-color-text );}.elementor-widget-text-editor.elementor-drop-cap-view-stacked .elementor-drop-cap{background-color:var( --e-global-color-primary );}.elementor-widget-text-editor.elementor-drop-cap-view-framed .elementor-drop-cap, .elementor-widget-text-editor.elementor-drop-cap-view-default .elementor-drop-cap{color:var( --e-global-color-primary );border-color:var( --e-global-color-primary );}.elementor-widget-image .widget-image-caption{color:var( --e-global-color-text );font-family:var( --e-global-typography-text-font-family ), Poppins;font-size:var( --e-global-typography-text-font-size );font-weight:var( --e-global-typography-text-font-weight );}.elementor-2764 .elementor-element.elementor-element-efa85da{width:var( --container-widget-width, 112.356% );max-width:112.356%;--container-widget-width:112.356%;--container-widget-flex-grow:0;}.elementor-2764 .elementor-element.elementor-element-3be8d8d{width:var( --container-widget-width, 80.379% );max-width:80.379%;--container-widget-width:80.379%;--container-widget-flex-grow:0;}@media(max-width:991px){.elementor-widget-heading .elementor-heading-title{font-size:var( --e-global-typography-primary-font-size );}.elementor-widget-text-editor{font-size:var( --e-global-typography-text-font-size );}.elementor-widget-image .widget-image-caption{font-size:var( --e-global-typography-text-font-size );}}@media(max-width:767px){.elementor-widget-heading .elementor-heading-title{font-size:var( --e-global-typography-primary-font-size );}.elementor-widget-text-editor{font-size:var( --e-global-typography-text-font-size );}.elementor-widget-image .widget-image-caption{font-size:var( --e-global-typography-text-font-size );}}<\/style><div class=\"porto-block\" data-id=\"2764\">\t\t<div data-elementor-type=\"wp-post\" data-elementor-id=\"2764\" class=\"elementor elementor-2764\">\n\t\t\t\t\t\t<section class=\"elementor-section elementor-top-section elementor-element elementor-element-efdeedd elementor-section-boxed elementor-section-height-default elementor-section-height-default\" data-id=\"efdeedd\" data-element_type=\"section\" data-e-type=\"section\">\r\n\t\t\r\n\t\t\t\t\t\t\t<div class=\"elementor-container elementor-column-gap-default\">\r\n\t\t\t\t\t\t\t\t\t\t\t<div class=\"elementor-column elementor-col-100 elementor-top-column elementor-element elementor-element-625605b\" data-id=\"625605b\" data-element_type=\"column\" data-e-type=\"column\">\r\n\t\t\t\t\t<div class=\"elementor-widget-wrap elementor-element-populated\">\r\n\t\t\t\t\t\t\t\t<div class=\"elementor-element elementor-element-8744cad elementor-widget elementor-widget-heading\" data-id=\"8744cad\" data-element_type=\"widget\" data-e-type=\"widget\" data-widget_type=\"heading.default\">\n\t\t\t\t<div class=\"elementor-widget-container\">\n\t\t\t\t\t<h2 class=\"elementor-heading-title elementor-size-default\">SANlight EVO-Series Description<\/h2>\t\t\t\t<\/div>\n\t\t\t\t<\/div>\n\t\t\t\t<div class=\"elementor-element elementor-element-4428ae3 elementor-widget elementor-widget-heading\" data-id=\"4428ae3\" data-element_type=\"widget\" data-e-type=\"widget\" data-widget_type=\"heading.default\">\n\t\t\t\t<div class=\"elementor-widget-container\">\n\t\t\t\t\t<h3 class=\"elementor-heading-title elementor-size-default\">General product description EVO-Series<\/h3>\t\t\t\t<\/div>\n\t\t\t\t<\/div>\n\t\t\t\t<div class=\"elementor-element elementor-element-94c1508 elementor-widget elementor-widget-text-editor\" data-id=\"94c1508\" data-element_type=\"widget\" data-e-type=\"widget\" data-widget_type=\"text-editor.default\">\n\t\t\t\t<div class=\"elementor-widget-container\">\n\t\t\t\t\t\t\t\t\t<p>Introducing the EVO-Series, SANlight unveils groundbreaking technological advancements, marking &#8222;the peak of evolution&#8220;. Tailored for specific applications, each luminaire in the EVO-Series excels in performance, solidifying SANlight&#8217;s position as the premier brand for LED plant lighting.<\/p>\t\t\t\t\t\t\t\t<\/div>\n\t\t\t\t<\/div>\n\t\t\t\t<div class=\"elementor-element elementor-element-e1bc69f elementor-widget elementor-widget-heading\" data-id=\"e1bc69f\" data-element_type=\"widget\" data-e-type=\"widget\" data-widget_type=\"heading.default\">\n\t\t\t\t<div class=\"elementor-widget-container\">\n\t\t\t\t\t<h3 class=\"elementor-heading-title elementor-size-default\">Perfect light control with protective function<\/h3>\t\t\t\t<\/div>\n\t\t\t\t<\/div>\n\t\t\t\t<div class=\"elementor-element elementor-element-8d91c29 elementor-widget elementor-widget-text-editor\" data-id=\"8d91c29\" data-element_type=\"widget\" data-e-type=\"widget\" data-widget_type=\"text-editor.default\">\n\t\t\t\t<div class=\"elementor-widget-container\">\n\t\t\t\t\t\t\t\t\t<p>LED contamination significantly impacts light output more than chip aging. Uncovered LED luminaires experience substantial light loss in a short time. SANlight&#8217;s EVO-Series features advanced three-dimensional secondary optics, capturing over 95% of emitted photons and directing them effectively to plants. This minimizes light losses, including reflections off tent walls, and safeguards LEDs from contamination. Additionally, the material is easy to clean with a damp cloth, ensuring prolonged efficiency.<\/p>\t\t\t\t\t\t\t\t<\/div>\n\t\t\t\t<\/div>\n\t\t\t\t<div class=\"elementor-element elementor-element-366bb22 elementor-widget elementor-widget-heading\" data-id=\"366bb22\" data-element_type=\"widget\" data-e-type=\"widget\" data-widget_type=\"heading.default\">\n\t\t\t\t<div class=\"elementor-widget-container\">\n\t\t\t\t\t<h3 class=\"elementor-heading-title elementor-size-default\">Passive cooling<\/h3>\t\t\t\t<\/div>\n\t\t\t\t<\/div>\n\t\t\t\t<div class=\"elementor-element elementor-element-5986644 elementor-widget elementor-widget-text-editor\" data-id=\"5986644\" data-element_type=\"widget\" data-e-type=\"widget\" data-widget_type=\"text-editor.default\">\n\t\t\t\t<div class=\"elementor-widget-container\">\n\t\t\t\t\t\t\t\t\t<p>SANlight continues to utilize the highly effective passive cooling aluminum heat sink, maximizing energy efficiency and lifespan. Passive cooling not only reduces error susceptibility, risk, and noise levels but also ensures optimal performance over time.<\/p>\t\t\t\t\t\t\t\t<\/div>\n\t\t\t\t<\/div>\n\t\t\t\t<div class=\"elementor-element elementor-element-39aa71a elementor-widget elementor-widget-heading\" data-id=\"39aa71a\" data-element_type=\"widget\" data-e-type=\"widget\" data-widget_type=\"heading.default\">\n\t\t\t\t<div class=\"elementor-widget-container\">\n\t\t\t\t\t<h3 class=\"elementor-heading-title elementor-size-default\">Best efficiencies and robust chip technology <\/h3>\t\t\t\t<\/div>\n\t\t\t\t<\/div>\n\t\t\t\t<div class=\"elementor-element elementor-element-9075b98 elementor-widget elementor-widget-text-editor\" data-id=\"9075b98\" data-element_type=\"widget\" data-e-type=\"widget\" data-widget_type=\"text-editor.default\">\n\t\t\t\t<div class=\"elementor-widget-container\">\n\t\t\t\t\t\t\t\t\t<p>By integrating the latest OSRAM\u00a0 technology and Seoul Semiconductor&#8217;s patented WICOP technology, our modules achieve efficiencies exceeding 3\u00b5mol\/s within a white broadband spectrum. Seoul&#8217;s mid-power LED chips are highly resilient and shielded from environmental factors, primarily due to the titanium oxide coating. This robust design ensures a realistic lifespan of over <span style=\"font-weight: normal;\">90,000 hours (LM90).<\/span><\/p>\t\t\t\t\t\t\t\t<\/div>\n\t\t\t\t<\/div>\n\t\t\t\t<div class=\"elementor-element elementor-element-3d4ad77 elementor-widget elementor-widget-heading\" data-id=\"3d4ad77\" data-element_type=\"widget\" data-e-type=\"widget\" data-widget_type=\"heading.default\">\n\t\t\t\t<div class=\"elementor-widget-container\">\n\t\t\t\t\t<h3 class=\"elementor-heading-title elementor-size-default\">Daisy chaining of the EVO-Series <\/h3>\t\t\t\t<\/div>\n\t\t\t\t<\/div>\n\t\t\t\t<div class=\"elementor-element elementor-element-230f1d3 elementor-widget elementor-widget-text-editor\" data-id=\"230f1d3\" data-element_type=\"widget\" data-e-type=\"widget\" data-widget_type=\"text-editor.default\">\n\t\t\t\t<div class=\"elementor-widget-container\">\n\t\t\t\t\t\t\t\t\t<p>The SANlight EVO Series offers different connection options, prompting us to deliberately exclude a power cord from each luminaire. This decision not only reduces unnecessary pollution but also conserves valuable resources. It provides you with the flexibility to create a customized plug-and-play system according to your requirements. For confined spaces, we recommend utilizing angled supply cables and extension cords. Rest assured, all connections with SANlight products boast IP65 certification, ensuring protection against dust and water jets, making them suitable for use in high humidity environments. The only exception is the power plug, as household socket tightness cannot be guaranteed.<\/p>\t\t\t\t\t\t\t\t<\/div>\n\t\t\t\t<\/div>\n\t\t\t\t<div class=\"elementor-element elementor-element-d0ffee3 elementor-widget elementor-widget-image\" data-id=\"d0ffee3\" data-element_type=\"widget\" data-e-type=\"widget\" data-widget_type=\"image.default\">\n\t\t\t\t<div class=\"elementor-widget-container\">\n\t\t\t\t\t\t\t\t\t\t\t\t\t\t\t<img fetchpriority=\"high\" decoding=\"async\" width=\"1000\" height=\"633\" src=\"https:\/\/growerssupply.eu\/wp-content\/uploads\/2024\/02\/SANlight-EVO-Series-Connection-Accessories.jpg\" class=\"attachment-large size-large wp-image-2770\" alt=\"SANlight-EVO-Series-Connection-Accessories\" srcset=\"https:\/\/growerssupply.eu\/wp-content\/uploads\/2024\/02\/SANlight-EVO-Series-Connection-Accessories.jpg 1000w, https:\/\/growerssupply.eu\/wp-content\/uploads\/2024\/02\/SANlight-EVO-Series-Connection-Accessories-600x380.jpg 600w, https:\/\/growerssupply.eu\/wp-content\/uploads\/2024\/02\/SANlight-EVO-Series-Connection-Accessories-768x486.jpg 768w, https:\/\/growerssupply.eu\/wp-content\/uploads\/2024\/02\/SANlight-EVO-Series-Connection-Accessories-640x405.jpg 640w, https:\/\/growerssupply.eu\/wp-content\/uploads\/2024\/02\/SANlight-EVO-Series-Connection-Accessories-400x253.jpg 400w\" sizes=\"(max-width: 1000px) 100vw, 1000px\" title=\"\">\t\t\t\t\t\t\t\t\t\t\t\t\t\t\t<\/div>\n\t\t\t\t<\/div>\n\t\t\t\t<div class=\"elementor-element elementor-element-3524c3b elementor-widget elementor-widget-heading\" data-id=\"3524c3b\" data-element_type=\"widget\" data-e-type=\"widget\" data-widget_type=\"heading.default\">\n\t\t\t\t<div class=\"elementor-widget-container\">\n\t\t\t\t\t<h3 class=\"elementor-heading-title elementor-size-default\">Ready-to-dim <\/h3>\t\t\t\t<\/div>\n\t\t\t\t<\/div>\n\t\t\t\t<section class=\"elementor-section elementor-inner-section elementor-element elementor-element-e93ba61 elementor-section-boxed elementor-section-height-default elementor-section-height-default\" data-id=\"e93ba61\" data-element_type=\"section\" data-e-type=\"section\">\r\n\t\t\r\n\t\t\t\t\t\t\t<div class=\"elementor-container elementor-column-gap-default\">\r\n\t\t\t\t\t\t\t\t\t\t\t<div class=\"elementor-column elementor-col-50 elementor-inner-column elementor-element elementor-element-db08fcb\" data-id=\"db08fcb\" data-element_type=\"column\" data-e-type=\"column\">\r\n\t\t\t\t\t<div class=\"elementor-widget-wrap elementor-element-populated\">\r\n\t\t\t\t\t\t\t\t<div class=\"elementor-element elementor-element-efa85da elementor-widget__width-initial elementor-widget elementor-widget-text-editor\" data-id=\"efa85da\" data-element_type=\"widget\" data-e-type=\"widget\" data-widget_type=\"text-editor.default\">\n\t\t\t\t<div class=\"elementor-widget-container\">\n\t\t\t\t\t\t\t\t\t<p>In 2021, SANlight introduced two new dimmer options for enhanced control: starting July 2021, the reliable Magnetic Dimmer will be compatible with the EVO-Series, followed by the app-controlled Bluetooth Dimmer available from August 2021.<\/p><p>SANlight Magnetic Dimmer: Ideal for smaller setups of up to approximately 10 luminaires, SANlight recommends this dimmer. Once connected to the luminaire, it enables dimming in 20% increments from 100% down to 40%. Additionally, users can activate a soft start (simulated sunrise) using the included magnetic key.<\/p><p>SANlight Bluetooth Dimmer (from August 2021): Specifically designed for larger installations, this Bluetooth Dimmer allows for easy setup and dimming of individual exposure groups, providing seamless control.<\/p>\t\t\t\t\t\t\t\t<\/div>\n\t\t\t\t<\/div>\n\t\t\t\t\t<\/div>\r\n\t\t\t\t<\/div>\r\n\t\t\t\t<div class=\"elementor-column elementor-col-50 elementor-inner-column elementor-element elementor-element-6db0c43\" data-id=\"6db0c43\" data-element_type=\"column\" data-e-type=\"column\">\r\n\t\t\t\t\t<div class=\"elementor-widget-wrap elementor-element-populated\">\r\n\t\t\t\t\t\t\t\t<div class=\"elementor-element elementor-element-3be8d8d elementor-widget__width-initial elementor-widget elementor-widget-image\" data-id=\"3be8d8d\" data-element_type=\"widget\" data-e-type=\"widget\" data-widget_type=\"image.default\">\n\t\t\t\t<div class=\"elementor-widget-container\">\n\t\t\t\t\t\t\t\t\t\t\t\t\t\t\t<img decoding=\"async\" width=\"500\" height=\"354\" src=\"https:\/\/growerssupply.eu\/wp-content\/uploads\/2024\/02\/General-product-description-EVO-Series_en-dimming-e1707926482845.png\" class=\"attachment-large size-large wp-image-2766\" alt=\"SANlight EVO Series dimming\" title=\"\">\t\t\t\t\t\t\t\t\t\t\t\t\t\t\t<\/div>\n\t\t\t\t<\/div>\n\t\t\t\t\t<\/div>\r\n\t\t\t\t<\/div>\r\n\t\t\t\t\t<\/div>\r\n\t\t\t\t<\/section>\r\n\t\t\t\t<div class=\"elementor-element elementor-element-3c5f5b5 elementor-widget elementor-widget-heading\" data-id=\"3c5f5b5\" data-element_type=\"widget\" data-e-type=\"widget\" data-widget_type=\"heading.default\">\n\t\t\t\t<div class=\"elementor-widget-container\">\n\t\t\t\t\t<h3 class=\"elementor-heading-title elementor-size-default\">IP65 <\/h3>\t\t\t\t<\/div>\n\t\t\t\t<\/div>\n\t\t\t\t<div class=\"elementor-element elementor-element-82ca218 elementor-widget elementor-widget-text-editor\" data-id=\"82ca218\" data-element_type=\"widget\" data-e-type=\"widget\" data-widget_type=\"text-editor.default\">\n\t\t\t\t<div class=\"elementor-widget-container\">\n\t\t\t\t\t\t\t\t\t<p>All connections made with SANlight products are IP65 certified. This means that your SANlight System is protected against dust and water jets.<\/p>\t\t\t\t\t\t\t\t<\/div>\n\t\t\t\t<\/div>\n\t\t\t\t<div class=\"elementor-element elementor-element-d428c14 elementor-widget elementor-widget-heading\" data-id=\"d428c14\" data-element_type=\"widget\" data-e-type=\"widget\" data-widget_type=\"heading.default\">\n\t\t\t\t<div class=\"elementor-widget-container\">\n\t\t\t\t\t<h2 class=\"elementor-heading-title elementor-size-default\">Technical overview EVO SERIES<\/h2>\t\t\t\t<\/div>\n\t\t\t\t<\/div>\n\t\t\t\t<div class=\"elementor-element elementor-element-f212893 elementor-widget elementor-widget-image\" data-id=\"f212893\" data-element_type=\"widget\" data-e-type=\"widget\" data-widget_type=\"image.default\">\n\t\t\t\t<div class=\"elementor-widget-container\">\n\t\t\t\t\t\t\t\t\t\t\t\t\t\t\t<img decoding=\"async\" width=\"1024\" height=\"737\" src=\"https:\/\/growerssupply.eu\/wp-content\/uploads\/2024\/02\/SANlight-EVO-Series-Technical-Electrical-properties-1024x737.jpg\" class=\"attachment-large size-large wp-image-2765\" alt=\"SANlight-EVO-Series-Technical-Electrical-properties\" srcset=\"https:\/\/growerssupply.eu\/wp-content\/uploads\/2024\/02\/SANlight-EVO-Series-Technical-Electrical-properties-1024x737.jpg 1024w, https:\/\/growerssupply.eu\/wp-content\/uploads\/2024\/02\/SANlight-EVO-Series-Technical-Electrical-properties-600x432.jpg 600w, https:\/\/growerssupply.eu\/wp-content\/uploads\/2024\/02\/SANlight-EVO-Series-Technical-Electrical-properties-768x553.jpg 768w, https:\/\/growerssupply.eu\/wp-content\/uploads\/2024\/02\/SANlight-EVO-Series-Technical-Electrical-properties-640x461.jpg 640w, https:\/\/growerssupply.eu\/wp-content\/uploads\/2024\/02\/SANlight-EVO-Series-Technical-Electrical-properties-400x288.jpg 400w\" sizes=\"(max-width: 1024px) 100vw, 1024px\" title=\"\">\t\t\t\t\t\t\t\t\t\t\t\t\t\t\t<\/div>\n\t\t\t\t<\/div>\n\t\t\t\t\t<\/div>\r\n\t\t\t\t<\/div>\r\n\t\t\t\t\t<\/div>\r\n\t\t\t\t<\/section>\r\n\t\t\t\t<\/div>\n\t\t<\/div>\n","protected":false},"excerpt":{"rendered":"<p>SANlight EVO 5-120 1.5 Das SANlight EVO 5-120: Pr\u00e4zisionsbeleuchtung f\u00fcr Projekte und extreme Zeltanwendungen Das EVO 5-120 wurde urspr\u00fcnglich f\u00fcr Gro\u00dfprojekte entwickelt, eignet sich aber auch hervorragend f\u00fcr hochintensive Zeltaufbauten. Beim Einsatz von zwei EVO 5-120 in einem 1,2 x 1,2 m gro\u00dfen Zelt k\u00f6nnen Sie einen beeindruckenden durchschnittlichen PPFDe-Wert von 1.160 \u00b5mol\/m\u00b2\/s erreichen. Bei [&hellip;]<\/p>\n","protected":false},"featured_media":5506,"comment_status":"closed","ping_status":"closed","template":"","meta":[],"product_brand":[],"product_cat":[549,422,423],"product_tag":[419],"class_list":{"0":"post-5704","1":"product","2":"type-product","3":"status-publish","4":"has-post-thumbnail","6":"product_cat-csc-de","7":"product_cat-sanlight-de","8":"product_cat-evo-de","9":"product_tag-sanlight-de","11":"first","12":"instock","13":"taxable","14":"shipping-taxable","15":"purchasable","16":"product-type-simple"},"jetpack_sharing_enabled":true,"_links":{"self":[{"href":"https:\/\/growerssupply.eu\/de\/wp-json\/wp\/v2\/product\/5704","targetHints":{"allow":["GET"]}}],"collection":[{"href":"https:\/\/growerssupply.eu\/de\/wp-json\/wp\/v2\/product"}],"about":[{"href":"https:\/\/growerssupply.eu\/de\/wp-json\/wp\/v2\/types\/product"}],"replies":[{"embeddable":true,"href":"https:\/\/growerssupply.eu\/de\/wp-json\/wp\/v2\/comments?post=5704"}],"wp:featuredmedia":[{"embeddable":true,"href":"https:\/\/growerssupply.eu\/de\/wp-json\/wp\/v2\/media\/5506"}],"wp:attachment":[{"href":"https:\/\/growerssupply.eu\/de\/wp-json\/wp\/v2\/media?parent=5704"}],"wp:term":[{"taxonomy":"product_brand","embeddable":true,"href":"https:\/\/growerssupply.eu\/de\/wp-json\/wp\/v2\/product_brand?post=5704"},{"taxonomy":"product_cat","embeddable":true,"href":"https:\/\/growerssupply.eu\/de\/wp-json\/wp\/v2\/product_cat?post=5704"},{"taxonomy":"product_tag","embeddable":true,"href":"https:\/\/growerssupply.eu\/de\/wp-json\/wp\/v2\/product_tag?post=5704"}],"curies":[{"name":"wp","href":"https:\/\/api.w.org\/{rel}","templated":true}]}}