{"id":5712,"date":"2023-03-26T14:16:55","date_gmt":"2023-03-26T12:16:55","guid":{"rendered":"https:\/\/growerssupply.eu\/product\/hortione-knopf-bluetooth-dimmer\/"},"modified":"2024-06-18T08:50:04","modified_gmt":"2024-06-18T06:50:04","slug":"hortione-knopf-bluetooth-dimmer","status":"publish","type":"product","link":"https:\/\/growerssupply.eu\/de\/produkt\/hortione-knopf-bluetooth-dimmer\/","title":{"rendered":"hortiONE Knopf + Bluetooth Dimmer"},"content":{"rendered":"<p>horitONE Dimmer Knob &amp; Bluetooth kann gleichzeitig bis zu 3 LED-Treiber steuern. Die hortiONE 420 \/ 600 Modelle sind Plug &amp; Play. Die Versorgungsspannung kommt entweder direkt von einem Treiber mit 12V AUX. Wenn dies nicht verf\u00fcgbar ist, k\u00f6nnen Sie ein USB-Ladeger\u00e4t mit USB-A-Schnittstelle verwenden. Daher ist der Dimmer mit allen 0-10V dimmbaren Treibern kompatibel. Im Lieferumfang sind 3 Kabel f\u00fcr hortiONE LED enthalten. Diese k\u00f6nnen optional entfernt werden und alle kompatiblen Treiber k\u00f6nnen angeschlossen werden (DiY). Es gibt 3 Funktionsmodi: 1. KNOPF, 2. Bluetooth (direkt vom Smartphone zum Dimmer) mit Timing- und Sonnenaufgangs-\/Sonnenuntergangsfunktion. 3. Bluetooth mit Gateway (Smart), damit der Dimmer \u00fcber eine Cloud gesteuert und auch mit externen Sensoren verbunden werden kann.<\/p>\n<p>&nbsp;<\/p>\n<div class=\"_df_book df-lite\" id=\"df_3330\"  _slug=\"hortione-knob-bluetooth-dimmer\" data-title=\"hortione-knob-bluetooth-dimmer\" wpoptions=\"true\" thumbtype=\"\" ><\/div><script class=\"df-shortcode-script\" nowprocket type=\"application\/javascript\">window.option_df_3330 = {\"outline\":[],\"backgroundColor\":\"#ffffff\",\"autoEnableOutline\":\"false\",\"autoEnableThumbnail\":\"false\",\"overwritePDFOutline\":\"false\",\"direction\":\"1\",\"pageSize\":\"0\",\"source\":\"https:\\\/\\\/growerssupply.eu\\\/wp-content\\\/uploads\\\/2024\\\/02\\\/hortiONE-Bluetooth-Dimmer-EN-RGB-V2024.pdf\",\"wpOptions\":\"true\"}; if(window.DFLIP && window.DFLIP.parseBooks){window.DFLIP.parseBooks();}<\/script>\n","protected":false},"excerpt":{"rendered":"<p>Kann <strong>bis zu 3<\/strong> LED-Zuchtlampen steuern<br \/>\nKnopf-Dimmen<br \/>\nBluetooth Dimmig<br \/>\nSonnenaufgang \/ Sonnenuntergang + Timer<\/p>\n<p>Plug &amp; Play Dimmer f\u00fcr hortiONE V3 LED<br \/>\nKompatibel mit 0-10V LED-Treiber (DiY)<\/p>\n","protected":false},"featured_media":4958,"comment_status":"open","ping_status":"closed","template":"","meta":[],"product_brand":[],"product_cat":[459],"product_tag":[490,468],"class_list":{"0":"post-5712","1":"product","2":"type-product","3":"status-publish","4":"has-post-thumbnail","6":"product_cat-hortione-de","7":"product_tag-dimmer-de","8":"product_tag-hortione-de","10":"first","11":"instock","12":"taxable","13":"shipping-taxable","14":"purchasable","15":"product-type-simple"},"jetpack_sharing_enabled":true,"_links":{"self":[{"href":"https:\/\/growerssupply.eu\/de\/wp-json\/wp\/v2\/product\/5712","targetHints":{"allow":["GET"]}}],"collection":[{"href":"https:\/\/growerssupply.eu\/de\/wp-json\/wp\/v2\/product"}],"about":[{"href":"https:\/\/growerssupply.eu\/de\/wp-json\/wp\/v2\/types\/product"}],"replies":[{"embeddable":true,"href":"https:\/\/growerssupply.eu\/de\/wp-json\/wp\/v2\/comments?post=5712"}],"wp:featuredmedia":[{"embeddable":true,"href":"https:\/\/growerssupply.eu\/de\/wp-json\/wp\/v2\/media\/4958"}],"wp:attachment":[{"href":"https:\/\/growerssupply.eu\/de\/wp-json\/wp\/v2\/media?parent=5712"}],"wp:term":[{"taxonomy":"product_brand","embeddable":true,"href":"https:\/\/growerssupply.eu\/de\/wp-json\/wp\/v2\/product_brand?post=5712"},{"taxonomy":"product_cat","embeddable":true,"href":"https:\/\/growerssupply.eu\/de\/wp-json\/wp\/v2\/product_cat?post=5712"},{"taxonomy":"product_tag","embeddable":true,"href":"https:\/\/growerssupply.eu\/de\/wp-json\/wp\/v2\/product_tag?post=5712"}],"curies":[{"name":"wp","href":"https:\/\/api.w.org\/{rel}","templated":true}]}}