{"id":5718,"date":"2023-03-26T14:13:36","date_gmt":"2023-03-26T12:13:36","guid":{"rendered":"https:\/\/growerssupply.eu\/product\/hortione-600-led-600%c2%b5mol-s-220w-29%c2%b5mol-j\/"},"modified":"2026-03-15T19:00:11","modified_gmt":"2026-03-15T18:00:11","slug":"hortione-600-led-600%c2%b5mol-s-220w-29%c2%b5mol-j","status":"publish","type":"product","link":"https:\/\/growerssupply.eu\/de\/produkt\/hortione-600-led-600%c2%b5mol-s-220w-29%c2%b5mol-j\/","title":{"rendered":"hortiONE 600 LED | 600\u00b5mol\/s | 220W | 2,9\u00b5mol\/J"},"content":{"rendered":"<h2>hortiONE 600 \u2013 Einfach, Leistungsstark, Modular  <\/h2>\n<h3>600 LEDS &amp; 600 \u00b5mol\/s<\/h3>\n<p>Sie suchen ein leistungsstarkes, effizientes LED-Zuchtlicht, das nicht zu gro\u00df oder zu kompliziert ist?<br \/>\nWir stellen vor: die hortiONE 600 &#8211; die ultimative Beleuchtungsl\u00f6sung f\u00fcr Indoor-Grower, die professionelle Ergebnisse erzielen wollen, ohne das Budget zu sprengen.<\/p>\n<p>Dieses extralange (940 mm) LED-Panel ist in einem durchdachten 45\u00b0-Winkel angebracht, um die Lichtverteilung in Ihrem Anbaubereich zu maximieren.<br \/>\nDer eingebaute Reflektor unterst\u00fctzt die diffuse Beleuchtung und hilft, Hotspots zu vermeiden und eine gleichm\u00e4\u00dfigere Abdeckung zu gew\u00e4hrleisten.<br \/>\nDas bedeutet ges\u00fcndere Pflanzen auf der ganzen Linie &#8211; auch in gr\u00f6\u00dferen oder breiteren Grow-Setups.<\/p>\n<p>Der hortiONE 600 besteht aus hochwertigen Komponenten in einem einfachen, leichten Design und ist einfach zu installieren und platzsparend.<br \/>\nperfekt f\u00fcr Anbauzelte, niedrige Decken oder diskreten Heimanbau. Sie liefert hohe Leistung ohne unn\u00f6tige Komplexit\u00e4t oder Kosten. <\/p>\n<p>Eine hybride Anordnung von Vollspektrum-MID-Power-LEDs (4000K) auf der 3030C-Plattform, gepaart mit OSRAM 660nm High-Power-LEDs.<br \/>\nDiese Mischung unterst\u00fctzt alle Wachstumsstadien &#8211; von der Vegetation bis zur Bl\u00fcte &#8211; und bietet Ihren Pflanzen alles, was sie brauchen, in einem einzigen Licht.<br \/>\nUnd dank des neutralwei\u00dfen Lichts genie\u00dfen Sie eine nat\u00fcrliche Farbsicht, so dass Sie die Gesundheit und den Fortschritt Ihrer Pflanzen leicht \u00fcberwachen k\u00f6nnen.<\/p>\n<h3>Warum Grower die hortiONE 600 lieben:<\/h3>\n<ul>\n<li>Gleichm\u00e4\u00dfige Lichtverteilung \u00fcber weite Bereiche &#8211; weniger Schatten und Hotspots<\/li>\n<li>Kompakt und mit geringem Gewicht &#8211; ideal f\u00fcr Aufbauten mit wenig Platz<\/li>\n<li>Hohe Leistung und Energieeffizienz &#8211; gro\u00dfartige Ergebnisse, niedrigere Stromrechnungen<\/li>\n<li>Neutrales wei\u00dfes Licht &#8211; echte Farbe, einfachere Pflanzenpflege<\/li>\n<li>Vollspektrum &#8211; unterst\u00fctzt den gesamten Wachstumszyklus der Pflanze<\/li>\n<\/ul>\n<p>Ganz gleich, ob Sie als Hobbyz\u00fcchter arbeiten oder Ihre Ertr\u00e4ge steigern wollen, mit dem hortiONE 600 erhalten Sie eine Beleuchtung auf Profi-Niveau<br \/>\nohne die Kosten oder Komplikationen. Es ist einfach, effektiv und w\u00e4chst mit Ihnen. <\/p>\n<p><a title=\"hortiONE 600\" href=\"https:\/\/growerssupply.eu\/de\/hortione-preis-leistung-led-wachstumsleuchte\/\" target=\"_blank\" rel=\"noopener\">Mehr \u00fcber hortiONE hier<\/a><\/p>\n<p>&nbsp;<\/p>\n<div class=\"_df_book df-lite\" id=\"df_4809\"  _slug=\"4809\" data-title=\"\" wpoptions=\"true\" thumbtype=\"\" ><\/div><script class=\"df-shortcode-script\" nowprocket type=\"application\/javascript\">window.option_df_4809 = {\"outline\":[],\"backgroundColor\":\"#ffffff\",\"autoEnableOutline\":\"false\",\"autoEnableThumbnail\":\"false\",\"overwritePDFOutline\":\"false\",\"direction\":\"1\",\"pageSize\":\"0\",\"source\":\"https:\\\/\\\/growerssupply.eu\\\/wp-content\\\/uploads\\\/2024\\\/04\\\/hortiONE-Catalogue-2022.2-EN-RGB-1.pdf\",\"wpOptions\":\"true\"}; if(window.DFLIP && window.DFLIP.parseBooks){window.DFLIP.parseBooks();}<\/script>\n","protected":false},"excerpt":{"rendered":"<ul>\n<li>220W Modulares LED-Panel von hortiONE. Hohe Qualit\u00e4t, niedriger Preis.<\/li>\n<li>600\u00b5mol\/s<\/li>\n<li>2,9\u00b5mol\/J<\/li>\n<li>LM90: 50.000h<\/li>\n<li>Modulares System<\/li>\n<\/ul>\n","protected":false},"featured_media":4957,"comment_status":"open","ping_status":"closed","template":"","meta":[],"product_brand":[675],"product_cat":[402,459],"product_tag":[467,468,469],"class_list":{"0":"post-5718","1":"product","2":"type-product","3":"status-publish","4":"has-post-thumbnail","6":"product_brand-hortione","7":"product_cat-led-pflanzenlampen","8":"product_cat-hortione-de","9":"product_tag-quantenbrett","10":"product_tag-hortione-de","11":"product_tag-growlight-de","13":"first","14":"instock","15":"taxable","16":"shipping-taxable","17":"purchasable","18":"product-type-simple"},"jetpack_sharing_enabled":true,"_links":{"self":[{"href":"https:\/\/growerssupply.eu\/de\/wp-json\/wp\/v2\/product\/5718","targetHints":{"allow":["GET"]}}],"collection":[{"href":"https:\/\/growerssupply.eu\/de\/wp-json\/wp\/v2\/product"}],"about":[{"href":"https:\/\/growerssupply.eu\/de\/wp-json\/wp\/v2\/types\/product"}],"replies":[{"embeddable":true,"href":"https:\/\/growerssupply.eu\/de\/wp-json\/wp\/v2\/comments?post=5718"}],"wp:featuredmedia":[{"embeddable":true,"href":"https:\/\/growerssupply.eu\/de\/wp-json\/wp\/v2\/media\/4957"}],"wp:attachment":[{"href":"https:\/\/growerssupply.eu\/de\/wp-json\/wp\/v2\/media?parent=5718"}],"wp:term":[{"taxonomy":"product_brand","embeddable":true,"href":"https:\/\/growerssupply.eu\/de\/wp-json\/wp\/v2\/product_brand?post=5718"},{"taxonomy":"product_cat","embeddable":true,"href":"https:\/\/growerssupply.eu\/de\/wp-json\/wp\/v2\/product_cat?post=5718"},{"taxonomy":"product_tag","embeddable":true,"href":"https:\/\/growerssupply.eu\/de\/wp-json\/wp\/v2\/product_tag?post=5718"}],"curies":[{"name":"wp","href":"https:\/\/api.w.org\/{rel}","templated":true}]}}