{"id":5721,"date":"2024-02-07T10:49:18","date_gmt":"2024-02-07T09:49:18","guid":{"rendered":"https:\/\/growerssupply.eu\/product\/440w-buendel-hortione-600-v3-1200%c2%b5mol-s\/"},"modified":"2026-03-15T19:00:14","modified_gmt":"2026-03-15T18:00:14","slug":"440w-buendel-hortione-600-v3-1200%c2%b5mol-s","status":"publish","type":"product","link":"https:\/\/growerssupply.eu\/de\/produkt\/440w-buendel-hortione-600-v3-1200%c2%b5mol-s\/","title":{"rendered":"440W B\u00fcndel hortiONE 600 V3 &#8211; 1200\u00b5mol\/s"},"content":{"rendered":"<h1>440W B\u00fcndel hortiONE<\/h1>\n<p>&nbsp;<\/p>\n<p>Extra langes (940mm) und um 45\u00b0 abgewinkeltes LED-Panel f\u00fcr den Innenanbau. Der Reflektor unterst\u00fctzt eine diffuse Beleuchtung, was zu einer gr\u00f6\u00dferen Homogenit\u00e4t und einer h\u00f6heren Lichtausbeute in Ihrem Anbaugebiet f\u00fchrt. Aufgrund der L\u00e4nge kann ein hohes Ma\u00df an Gleichm\u00e4\u00dfigkeit in gro\u00dfen Bereichen erreicht werden. Hybridkonstruktion mit Vollspektrum- und Hochleistungs-MID-Power-LEDs (3030C Plattform mit 4000K) gemischt mit OSRAM High-Power-LEDs (660nm) f\u00fcr gute Lichtergebnisse. Geeignet f\u00fcr die vegetative und generative Phase (voller Zyklus). Hohe Lichtleistung f\u00fcr ein kleines Budget. Neutralwei\u00dfes Licht f\u00fcr eine echte Farbwiedergabe und eine nat\u00fcrliche Entwicklung Ihrer Pflanzen<\/p>\n","protected":false},"excerpt":{"rendered":"<p>&nbsp;<\/p>\n<h2>440W Bundle hortiONE 600 V3 LED<\/h2>\n<p>2x 220W Modulares LED-Panel von hortiONE. Hohe Qualit\u00e4t, niedriger Preis.<\/p>\n","protected":false},"featured_media":5547,"comment_status":"open","ping_status":"closed","template":"","meta":[],"product_brand":[],"product_cat":[402,459],"product_tag":[467,468,469,470],"class_list":{"0":"post-5721","1":"product","2":"type-product","3":"status-publish","4":"has-post-thumbnail","6":"product_cat-led-pflanzenlampen","7":"product_cat-hortione-de","8":"product_tag-quantenbrett","9":"product_tag-hortione-de","10":"product_tag-growlight-de","11":"product_tag-kit-de","13":"first","14":"instock","15":"sale","16":"taxable","17":"shipping-taxable","18":"purchasable","19":"product-type-easy_product_bundle"},"jetpack_sharing_enabled":true,"_links":{"self":[{"href":"https:\/\/growerssupply.eu\/de\/wp-json\/wp\/v2\/product\/5721","targetHints":{"allow":["GET"]}}],"collection":[{"href":"https:\/\/growerssupply.eu\/de\/wp-json\/wp\/v2\/product"}],"about":[{"href":"https:\/\/growerssupply.eu\/de\/wp-json\/wp\/v2\/types\/product"}],"replies":[{"embeddable":true,"href":"https:\/\/growerssupply.eu\/de\/wp-json\/wp\/v2\/comments?post=5721"}],"wp:featuredmedia":[{"embeddable":true,"href":"https:\/\/growerssupply.eu\/de\/wp-json\/wp\/v2\/media\/5547"}],"wp:attachment":[{"href":"https:\/\/growerssupply.eu\/de\/wp-json\/wp\/v2\/media?parent=5721"}],"wp:term":[{"taxonomy":"product_brand","embeddable":true,"href":"https:\/\/growerssupply.eu\/de\/wp-json\/wp\/v2\/product_brand?post=5721"},{"taxonomy":"product_cat","embeddable":true,"href":"https:\/\/growerssupply.eu\/de\/wp-json\/wp\/v2\/product_cat?post=5721"},{"taxonomy":"product_tag","embeddable":true,"href":"https:\/\/growerssupply.eu\/de\/wp-json\/wp\/v2\/product_tag?post=5721"}],"curies":[{"name":"wp","href":"https:\/\/api.w.org\/{rel}","templated":true}]}}