{"id":5722,"date":"2023-04-06T14:11:03","date_gmt":"2023-04-06T12:11:03","guid":{"rendered":"https:\/\/growerssupply.eu\/product\/sanlight-flex-ii-10-w-27-%c2%b5mol-s\/"},"modified":"2023-04-06T14:11:03","modified_gmt":"2023-04-06T12:11:03","slug":"sanlight-flex-ii-10-w-27-%c2%b5mol-s","status":"publish","type":"product","link":"https:\/\/growerssupply.eu\/de\/produkt\/sanlight-flex-ii-10-w-27-%c2%b5mol-s\/","title":{"rendered":"SANlight FLEX II -10 W, 27 \u00b5mol\/s"},"content":{"rendered":"<p>Die SANlight FLEX II-Serie ist eine vielseitige LED-Beleuchtungsl\u00f6sung mit geringer Stellfl\u00e4che und hoher Leistung. Sie eignet sich sowohl f\u00fcr Zimmerpflanzen als auch f\u00fcr mehrschichtige Anwendungen, wie z.B. Zwischenlicht f\u00fcr bewurzelte Pflanzen.<\/p>\n<p>Das aktualisierte Lichtspektrum der SANlight FLEX II Serie ist bemerkenswert breit und zeichnet sich durch ein harmonisches FarRed\/Red-Verh\u00e4ltnis aus. Dies hilft den Stecklingen, schneller zu wurzeln und f\u00f6rdert aktiv das Wachstum in der ersten Phase des Pflanzenlebens. Au\u00dferdem eignet er sich hervorragend f\u00fcr die Beleuchtung einer Vielzahl von Zimmerpflanzen.<\/p>\n<p>Dank der gro\u00dfz\u00fcgigen passiven K\u00fchlarchitektur bleibt die Leuchte auch w\u00e4hrend des Betriebs k\u00fchl. Zusammen mit der hohen IP68-Schutzzertifizierung der SANlight FLEX II erm\u00f6glicht dies den Einsatz zwischen Pflanzen, die normalerweise kein Licht erreichen w\u00fcrde. Die Menge und Qualit\u00e4t Ihrer Produkte wird dadurch erheblich verbessert.<\/p>\n<p>Selbst in unmittelbarer N\u00e4he zwischen Lichtquelle und Pflanzenspitze erm\u00f6glicht die breite und homogene Strahlungscharakteristik, die in Mehrschichtsystemen verwendet wird, eine gleichm\u00e4\u00dfige Lichtverteilung. Au\u00dferdem wird durch die geringe Gesamth\u00f6he weniger Platz f\u00fcr jede einzelne Ebene ben\u00f6tigt. Mehrere Leuchten k\u00f6nnen von einem einzigen LED-Treiber gespeist werden, so dass die Installation auch in gr\u00f6\u00dferen Anlagen einfach ist. Mit dem mitgelieferten Verbindungskabel k\u00f6nnen Sie die Leuchten ohne weitere Hilfsmittel direkt miteinander verbinden. Au\u00dferdem kann die Halterung f\u00fcr eine praktischere Platzierung verschoben werden.<\/p>\n","protected":false},"excerpt":{"rendered":"<ul>\n<li>Kompakte und flexible lineare Leuchte<\/li>\n<li>Vielseitig einsetzbar<\/li>\n<li>F\u00fcr Setzlinge, Stecklinge, Jungpflanzen und verschiedene Zimmerpflanzen<\/li>\n<li>Betrieb von mehreren SANlight FLEX LEDs mit nur einem Treiber<\/li>\n<li>L\u00e4nge der 10W Leuchte: 54,7 cm<\/li>\n<li>Wasserdicht IP65<\/li>\n<li>Gleichm\u00e4\u00dfig breitstrahlende Verteilung 113-133\u00b0<\/li>\n<li>\n<\/li>\n<\/ul>\n","protected":false},"featured_media":4989,"comment_status":"open","ping_status":"closed","template":"","meta":[],"product_brand":[],"product_cat":[464],"product_tag":[419,498],"class_list":{"0":"post-5722","1":"product","2":"type-product","3":"status-publish","4":"has-post-thumbnail","6":"product_cat-flex-de-2","7":"product_tag-sanlight-de","8":"product_tag-ledgrowlights-de","10":"first","11":"onbackorder","12":"taxable","13":"shipping-taxable","14":"purchasable","15":"product-type-simple"},"jetpack_sharing_enabled":true,"_links":{"self":[{"href":"https:\/\/growerssupply.eu\/de\/wp-json\/wp\/v2\/product\/5722","targetHints":{"allow":["GET"]}}],"collection":[{"href":"https:\/\/growerssupply.eu\/de\/wp-json\/wp\/v2\/product"}],"about":[{"href":"https:\/\/growerssupply.eu\/de\/wp-json\/wp\/v2\/types\/product"}],"replies":[{"embeddable":true,"href":"https:\/\/growerssupply.eu\/de\/wp-json\/wp\/v2\/comments?post=5722"}],"wp:featuredmedia":[{"embeddable":true,"href":"https:\/\/growerssupply.eu\/de\/wp-json\/wp\/v2\/media\/4989"}],"wp:attachment":[{"href":"https:\/\/growerssupply.eu\/de\/wp-json\/wp\/v2\/media?parent=5722"}],"wp:term":[{"taxonomy":"product_brand","embeddable":true,"href":"https:\/\/growerssupply.eu\/de\/wp-json\/wp\/v2\/product_brand?post=5722"},{"taxonomy":"product_cat","embeddable":true,"href":"https:\/\/growerssupply.eu\/de\/wp-json\/wp\/v2\/product_cat?post=5722"},{"taxonomy":"product_tag","embeddable":true,"href":"https:\/\/growerssupply.eu\/de\/wp-json\/wp\/v2\/product_tag?post=5722"}],"curies":[{"name":"wp","href":"https:\/\/api.w.org\/{rel}","templated":true}]}}