{"id":5723,"date":"2023-03-26T14:05:02","date_gmt":"2023-03-26T12:05:02","guid":{"rendered":"https:\/\/growerssupply.eu\/product\/hortione420-led-408%c2%b5mol-s-150w-29%c2%b5mol-j\/"},"modified":"2025-07-18T00:00:01","modified_gmt":"2025-07-17T22:00:01","slug":"hortione420-led-150w","status":"publish","type":"product","link":"https:\/\/growerssupply.eu\/de\/produkt\/hortione420-led-150w\/","title":{"rendered":"hortiONE420 LED | 408\u00b5mol\/s | 150W | 2,9\u00b5mol\/J"},"content":{"rendered":"<h2>hortiONE420 LED (V3)<\/h2>\n<p><strong>150W | <\/strong><strong>408\u00b5mol\/s | <\/strong><strong>2,9\u00b5mol\/J<br \/>\n<\/strong><\/p>\n<ul>\n<li>Au\u00dfergew\u00f6hnliche Effizienz (2,9\u00b5mol\/J) bei minimalen Kosten<\/li>\n<li>45\u00b0 abgewinkeltes Paneel f\u00fcr verbesserte Lichtstreuung<\/li>\n<li>Hochwertige Komponenten: Seoul 3030C &amp; OSRAM GIANT 660nm (High-Power-LED)<\/li>\n<li>Robuste Resistenz gegen VOCs und Schwefel f\u00fcr dauerhafte Haltbarkeit<\/li>\n<li>Vielseitiges modulares Design<\/li>\n<li>Plug &amp; Play<\/li>\n<\/ul>\n<p>Ausgelegt f\u00fcr Anbaufl\u00e4chen von 60&#215;60 bis 80x80cm (100x100cm)<br \/>\nBesonders leichtes LED-Wachstumslicht im Quantum-Board-Stil. Der externe Treiber kann au\u00dferhalb Ihres Anbaugebiets platziert werden.<\/p>\n<p>Sind Sie auf der Suche nach einer Beleuchtungsl\u00f6sung, die unvergleichliche Leistung zu einem niedrigen Preis bietet? Suchen Sie nicht weiter als die hortiONE LED &#8211; ein innovatives Kraftpaket, das einen hervorragenden Wert f\u00fcr Ihre Investitionen in den Anbau bietet.<\/p>\n<h3>Hohe Lichtleistung, niedrige Kosten<\/h3>\n<p>Die hortiONE LED bietet eine bemerkenswerte Kombination aus hoher Lichtleistung und Erschwinglichkeit. Erleben Sie \u00fcppige Ertr\u00e4ge, ohne Ihr Budget zu belasten.<\/p>\n<h3>M\u00fchelose Einrichtung, Herstellergarantie<\/h3>\n<p>Die hortiONE LED wurde f\u00fcr den Plug-and-Play-Komfort entwickelt und verf\u00fcgt \u00fcber eine Herstellergarantie f\u00fcr zus\u00e4tzlichen Seelenfrieden.<\/p>\n<h3>Optimierte Effizienz f\u00fcr Einsparungen<\/h3>\n<p>Mit einer beeindruckenden Effizienz von 2,9\u00b5mol\/J garantiert die hortiONE LED maximale Leistung bei minimalen Kosten. Genie\u00dfen Sie erhebliche Einsparungen bei Ihren Energierechnungen und maximieren Sie gleichzeitig das Potenzial Ihrer Ernte &#8211; eine Win-Win-Situation.<\/p>\n<h3>Erweiterte Deckung, verbessertes Wachstum<\/h3>\n<p>Die hortiONE LED verf\u00fcgt \u00fcber ein langes LED-Panel, das eine umfassende Abdeckung f\u00fcr Ihren Anbauraum bietet. In Kombination mit dem um 45\u00b0 abgewinkelten Paneeldesign genie\u00dfen Sie eine diffusere Lichtverteilung, die eine gleichm\u00e4\u00dfige Ausleuchtung und Wachstum f\u00f6rdert.<\/p>\n<h3>Qualit\u00e4tskomponenten f\u00fcr Zuverl\u00e4ssigkeit<\/h3>\n<p>Vertrauen Sie auf die Strapazierf\u00e4higkeit und Langlebigkeit der hortiONE LED, denn es werden nur die besten Komponenten verwendet. Von den Seoul 3030C bis hin zu den OSRAM GIANT 660nm Hochleistungs-LEDs k\u00f6nnen Sie sicher sein, dass Ihre Investition langlebig ist und Ernte f\u00fcr Ernte eine gleichbleibende Leistung erbringt.<\/p>\n<h3>Widerstandsf\u00e4higkeit in herausfordernden Umgebungen<\/h3>\n<p>Der Anbau in Innenr\u00e4umen kann verschiedene Herausforderungen mit sich bringen, aber die hortiONE LED meistert diese Herausforderung. Durch die hohe Resistenz gegen VOCs und Schwefel ist diese Beleuchtungsl\u00f6sung so gebaut, dass sie rauen Bedingungen standh\u00e4lt und eine jahrelange Haltbarkeit und Langlebigkeit gew\u00e4hrleistet.<\/p>\n<h3>Anpassungsf\u00e4higes und skalierbares Design<\/h3>\n<p>Wachsen Sie mit der Gewissheit, dass die hortiONE LED \u00fcber ein modulares Design verf\u00fcgt, das eine einfache Anpassung und Erweiterung erm\u00f6glicht, wenn sich Ihre Anbaubed\u00fcrfnisse weiterentwickeln. Passen Sie sich an wechselnde Anforderungen an und skalieren Sie Ihren Betrieb nahtlos.<\/p>\n<p>&nbsp;<\/p>\n<div class=\"_df_book df-lite\" id=\"df_4809\"  _slug=\"4809\" data-title=\"\" wpoptions=\"true\" thumbtype=\"\" ><\/div><script class=\"df-shortcode-script\" nowprocket type=\"application\/javascript\">window.option_df_4809 = {\"outline\":[],\"backgroundColor\":\"#ffffff\",\"autoEnableOutline\":\"false\",\"autoEnableThumbnail\":\"false\",\"overwritePDFOutline\":\"false\",\"direction\":\"1\",\"pageSize\":\"0\",\"source\":\"https:\\\/\\\/growerssupply.eu\\\/wp-content\\\/uploads\\\/2024\\\/04\\\/hortiONE-Catalogue-2022.2-EN-RGB-1.pdf\",\"wpOptions\":\"true\"}; if(window.DFLIP && window.DFLIP.parseBooks){window.DFLIP.parseBooks();}<\/script>\n","protected":false},"excerpt":{"rendered":"<ul>\n<li><strong>150W<\/strong><\/li>\n<li><strong>408\u00b5mol\/s<\/strong><\/li>\n<li><strong>2,9\u00b5mol\/J<\/strong><\/li>\n<\/ul>\n<p>hortiONE420 Empfehlung f\u00fcr Growtents<\/p>\n<p>60x60cm &#8211; 1x hortiONE420<br \/>\n80x80cm &#8211; 1x hortiONE420<br \/>\n100x100cm &#8211; 2x hortiONE420 (ECO-Setup)<\/p>\n<p>&nbsp;<\/p>\n","protected":false},"featured_media":4953,"comment_status":"open","ping_status":"closed","template":"","meta":[],"product_brand":[],"product_cat":[402,459],"product_tag":[469,467,468],"class_list":{"0":"post-5723","1":"product","2":"type-product","3":"status-publish","4":"has-post-thumbnail","6":"product_cat-led-pflanzenlampen","7":"product_cat-hortione-de","8":"product_tag-growlight-de","9":"product_tag-quantenbrett","10":"product_tag-hortione-de","11":"product_shipping_class-parzelle","13":"first","14":"instock","15":"sale","16":"taxable","17":"shipping-taxable","18":"purchasable","19":"product-type-simple"},"jetpack_sharing_enabled":true,"_links":{"self":[{"href":"https:\/\/growerssupply.eu\/de\/wp-json\/wp\/v2\/product\/5723","targetHints":{"allow":["GET"]}}],"collection":[{"href":"https:\/\/growerssupply.eu\/de\/wp-json\/wp\/v2\/product"}],"about":[{"href":"https:\/\/growerssupply.eu\/de\/wp-json\/wp\/v2\/types\/product"}],"replies":[{"embeddable":true,"href":"https:\/\/growerssupply.eu\/de\/wp-json\/wp\/v2\/comments?post=5723"}],"wp:featuredmedia":[{"embeddable":true,"href":"https:\/\/growerssupply.eu\/de\/wp-json\/wp\/v2\/media\/4953"}],"wp:attachment":[{"href":"https:\/\/growerssupply.eu\/de\/wp-json\/wp\/v2\/media?parent=5723"}],"wp:term":[{"taxonomy":"product_brand","embeddable":true,"href":"https:\/\/growerssupply.eu\/de\/wp-json\/wp\/v2\/product_brand?post=5723"},{"taxonomy":"product_cat","embeddable":true,"href":"https:\/\/growerssupply.eu\/de\/wp-json\/wp\/v2\/product_cat?post=5723"},{"taxonomy":"product_tag","embeddable":true,"href":"https:\/\/growerssupply.eu\/de\/wp-json\/wp\/v2\/product_tag?post=5723"}],"curies":[{"name":"wp","href":"https:\/\/api.w.org\/{rel}","templated":true}]}}