{"id":5730,"date":"2024-02-22T13:21:46","date_gmt":"2024-02-22T12:21:46","guid":{"rendered":"https:\/\/growerssupply.eu\/product\/homebox-hb-ambient-q-100-100x100x200cm-1m%c2%b2\/"},"modified":"2025-09-29T16:10:10","modified_gmt":"2025-09-29T14:10:10","slug":"homebox-hb-ambient-q-100-100x100x200cm-1m%c2%b2","status":"publish","type":"product","link":"https:\/\/growerssupply.eu\/de\/produkt\/homebox-hb-ambient-q-100-100x100x200cm-1m%c2%b2\/","title":{"rendered":"HOMEbox Ambient Q100 Growzelt | 100x100x200cm | 1m\u00b2"},"content":{"rendered":"<div class=\"flex-1 overflow-hidden\">\n<div class=\"react-scroll-to-bottom--css-agltd-79elbk h-full\">\n<div class=\"react-scroll-to-bottom--css-agltd-1n7m0yu\">\n<div class=\"flex flex-col pb-9 text-sm\">\n<div class=\"w-full text-token-text-primary\" data-testid=\"conversation-turn-35\">\n<div class=\"px-4 py-2 justify-center text-base md:gap-6 m-auto\">\n<div class=\"flex flex-1 text-base mx-auto gap-3 md:px-5 lg:px-1 xl:px-5 md:max-w-3xl lg:max-w-[40rem] xl:max-w-[48rem] group final-completion\">\n<div class=\"relative flex w-full flex-col agent-turn\">\n<div class=\"flex-col gap-1 md:gap-3\">\n<div class=\"flex flex-grow flex-col max-w-full\">\n<div class=\"min-h-[20px] text-message flex flex-col items-start gap-3 whitespace-pre-wrap break-words [.text-message+&amp;]:mt-5 overflow-x-auto\" data-message-author-role=\"assistant\" data-message-id=\"37158948-7253-4af3-9a3e-a50193c95e59\">\n<div class=\"markdown prose w-full break-words dark:prose-invert light\">\n<h2>HOMEbox Ambient Q100 Maximieren Sie Ihren Platz mit HOMEbox!<\/h2>\n<p>Das HOMEbox Ambient Q100 Growzelt ist die perfekte Wahl, wenn Sie Ihre eigenen Kr\u00e4uter und Lebensmittel zu Hause anbauen m\u00f6chten. Warum nicht die Kontrolle \u00fcber Ihren Verbrauch \u00fcbernehmen?<\/p>\n<p>Mit den Ma\u00dfen 100x100x200cm wird dieses Growzelt am besten mit LED-Leuchten f\u00fcr mittelgro\u00dfe Growzelte beleuchtet. Die PAR+-Technologie der Innenbeschichtung erm\u00f6glicht es Ihnen, einen \u00fcberm\u00e4\u00dfigen W\u00e4rmestau zu verhindern und gleichzeitig sehr hohe Reflexionswerte f\u00fcr bessere Ertr\u00e4ge bereitzustellen.<\/p>\n<p>Um Ihnen die Entscheidung noch einfacher zu machen, haben wir alle relevanten Produktinformationen aufgelistet und den Inhalt Ihrer Bestellung beigef\u00fcgt. Wir freuen uns darauf, Ihre Bestellung schnellstm\u00f6glich zu bearbeiten und an Sie zu liefern. So k\u00f6nnen Sie endlich loslegen! If you have any questions, please do not hesitate to contact us. Wir helfen Ihnen gerne weiter.<\/p>\n<h3>Produktinformation<\/h3>\n<ul>\n<li>Entworfen in Deutschland<\/li>\n<li>Montierte Gr\u00f6\u00dfe: 100 \u00d7 100 \u00d7 200 cm<\/li>\n<li>Anbaufl\u00e4che: 1 m\u00b2<\/li>\n<li>Empfohlene Beleuchtung: 400 Watt<\/li>\n<li>Robuste, lichtdichte und schmutzabweisende Materialien<\/li>\n<li>Strapazierf\u00e4higes \u00c4u\u00dferes aus Polyester<\/li>\n<li>Wasserdichter und abnehmbarer Innenboden verhindert Unf\u00e4lle<\/li>\n<li>\u00d6ffnung A: 100 mm (hinten und links)<\/li>\n<li>\u00d6ffnung B: 160 mm (linke und rechte Seite)<\/li>\n<li>\u00d6ffnung C: 200 mm (Dach)<\/li>\n<li>OmniFlow-Airvent: 2x \u00d8 200 mm (links und rechts)<\/li>\n<li>MicroMesh Insektenschutznetz mit 700 Mikrometer Maschenweite<\/li>\n<li>White PAR+ internal coating<\/li>\n<li>Metallrahmen 22 mm; stabile, pr\u00e4zise gefertigte Kunststoffverbinder<\/li>\n<li>Lichtdichte Rei\u00dfverschl\u00fcsse<\/li>\n<li>Maximale Belastbarkeit: 75 kg<\/li>\n<\/ul>\n<\/div>\n<\/div>\n<\/div>\n<div class=\"mt-1 flex justify-start gap-3 empty:hidden\"><\/div>\n<\/div>\n<div class=\"absolute\">\n<div class=\"flex w-full gap-2 items-center justify-center\"><\/div>\n<\/div>\n<\/div>\n<\/div>\n<\/div>\n<\/div>\n<\/div>\n<\/div>\n<\/div>\n<\/div>\n<div class=\"w-full pt-2 md:pt-0 dark:border-white\/20 md:border-transparent md:dark:border-transparent md:w-[calc(100%-.5rem)]\">\n<form class=\"stretch mx-2 flex flex-row gap-3 last:mb-2 md:mx-4 md:last:mb-6 lg:mx-auto lg:max-w-2xl xl:max-w-3xl\">\n<div class=\"relative flex h-full flex-1 items-stretch md:flex-col\">\n<div class=\"flex w-full items-center\">\n<div class=\"overflow-hidden [&amp;:has(textarea:focus)]:border-token-border-xheavy [&amp;:has(textarea:focus)]:shadow-[0_2px_6px_rgba(0,0,0,.05)] flex flex-col w-full dark:border-token-border-medium flex-grow relative border border-token-border-medium dark:text-white rounded-2xl bg-token-main-surface-primary\"><\/div>\n<\/div>\n<\/div>\n<\/form>\n<\/div>\n","protected":false},"excerpt":{"rendered":"<p>100x100x200cm | 1m\u00b2<\/p>\n","protected":false},"featured_media":5170,"comment_status":"closed","ping_status":"closed","template":"","meta":[],"product_brand":[667],"product_cat":[457,503],"product_tag":[504],"class_list":{"0":"post-5730","1":"product","2":"type-product","3":"status-publish","4":"has-post-thumbnail","6":"product_brand-homebox","7":"product_cat-growzelt","8":"product_cat-homebox-de","9":"product_tag-zelt","11":"first","12":"instock","13":"taxable","14":"shipping-taxable","15":"purchasable","16":"product-type-simple"},"jetpack_sharing_enabled":true,"_links":{"self":[{"href":"https:\/\/growerssupply.eu\/de\/wp-json\/wp\/v2\/product\/5730","targetHints":{"allow":["GET"]}}],"collection":[{"href":"https:\/\/growerssupply.eu\/de\/wp-json\/wp\/v2\/product"}],"about":[{"href":"https:\/\/growerssupply.eu\/de\/wp-json\/wp\/v2\/types\/product"}],"replies":[{"embeddable":true,"href":"https:\/\/growerssupply.eu\/de\/wp-json\/wp\/v2\/comments?post=5730"}],"wp:featuredmedia":[{"embeddable":true,"href":"https:\/\/growerssupply.eu\/de\/wp-json\/wp\/v2\/media\/5170"}],"wp:attachment":[{"href":"https:\/\/growerssupply.eu\/de\/wp-json\/wp\/v2\/media?parent=5730"}],"wp:term":[{"taxonomy":"product_brand","embeddable":true,"href":"https:\/\/growerssupply.eu\/de\/wp-json\/wp\/v2\/product_brand?post=5730"},{"taxonomy":"product_cat","embeddable":true,"href":"https:\/\/growerssupply.eu\/de\/wp-json\/wp\/v2\/product_cat?post=5730"},{"taxonomy":"product_tag","embeddable":true,"href":"https:\/\/growerssupply.eu\/de\/wp-json\/wp\/v2\/product_tag?post=5730"}],"curies":[{"name":"wp","href":"https:\/\/api.w.org\/{rel}","templated":true}]}}