{"id":5731,"date":"2024-02-22T13:21:46","date_gmt":"2024-02-22T12:21:46","guid":{"rendered":"https:\/\/growerssupply.eu\/product\/homebox-hb-ambient-q-100-100x100x220cm\/"},"modified":"2024-02-22T13:21:46","modified_gmt":"2024-02-22T12:21:46","slug":"homebox-hb-ambient-q-100-100x100x220cm","status":"publish","type":"product","link":"https:\/\/growerssupply.eu\/de\/produkt\/homebox-hb-ambient-q-100-100x100x220cm\/","title":{"rendered":"HOMEbox HB Ambient Q 100+ | 100x100x220cm"},"content":{"rendered":"<h2>HOMEbox Ambient Q100+ Maximieren Sie Ihren Platz mit HOMEbox!<\/h2>\n<p>Das HOMEbox Ambient Q100+ Growzelt ist die ideale Wahl, um Ihre eigenen Kr\u00e4uter und Lebensmittel zu Hause anzubauen.<\/p>\n<p>Mit den Ma\u00dfen 100x100x220cm wird dieses Growzelt am besten mit LED-Leuchten f\u00fcr mittelgro\u00dfe Growzelte beleuchtet und ist auch f\u00fcr hydroponische Systeme geeignet. Die PAR+-Technologie der Innenbeschichtung erm\u00f6glicht es Ihnen, einen \u00fcberm\u00e4\u00dfigen W\u00e4rmestau zu verhindern und gleichzeitig sehr hohe Reflexionswerte f\u00fcr bessere Ertr\u00e4ge bereitzustellen.<\/p>\n<h3>Produktinformation<\/h3>\n<ul>\n<li>Entworfen in Deutschland<\/li>\n<li>Montierte Gr\u00f6\u00dfe: 100 \u00d7 100 \u00d7 220 cm<\/li>\n<li>Anbaufl\u00e4che: 1 m\u00b2<\/li>\n<li>Empfohlene Beleuchtung: 400 Watt<\/li>\n<li>Robuste, lichtdichte und schmutzabweisende Materialien<\/li>\n<li>Strapazierf\u00e4higes \u00c4u\u00dferes aus Polyester<\/li>\n<li>Wasserdichter und abnehmbarer Innenboden verhindert Unf\u00e4lle<\/li>\n<li>\u00d6ffnung A: 100 mm (hinten und links)<\/li>\n<li>\u00d6ffnung B: 160 mm (linke und rechte Seite)<\/li>\n<li>\u00d6ffnung C: 200 mm (Dach)<\/li>\n<li>OmniFlow-Airvent: 2x \u00d8 200 mm (links und rechts)<\/li>\n<li>MicroMesh Insektenschutznetz mit 700 Mikrometer Maschenweite<\/li>\n<li>Wei\u00dfe PAR+ Innenbeschichtung<\/li>\n<li>Metallrahmen 22 mm; stabile, pr\u00e4zise gefertigte Kunststoffverbinder<\/li>\n<li>Lichtdichte Rei\u00dfverschl\u00fcsse<\/li>\n<\/ul>\n","protected":false},"excerpt":{"rendered":"<p>HOMEbox Ambient Q100+ Maximieren Sie Ihren Platz mit HOMEbox! Das HOMEbox Ambient Q100+ Growzelt ist die ideale Wahl, um Ihre eigenen Kr\u00e4uter und Lebensmittel zu Hause anzubauen. Mit den Ma\u00dfen 100x100x220cm wird dieses Growzelt am besten mit LED-Leuchten f\u00fcr mittelgro\u00dfe Growzelte beleuchtet und ist auch f\u00fcr hydroponische Systeme geeignet. Die PAR+-Technologie der Innenbeschichtung erm\u00f6glicht es [&hellip;]<\/p>\n","protected":false},"featured_media":5172,"comment_status":"closed","ping_status":"closed","template":"","meta":[],"product_brand":[],"product_cat":[457,503],"product_tag":[504],"class_list":{"0":"post-5731","1":"product","2":"type-product","3":"status-publish","4":"has-post-thumbnail","6":"product_cat-growzelt","7":"product_cat-homebox-de","8":"product_tag-zelt","10":"first","11":"instock","12":"taxable","13":"shipping-taxable","14":"purchasable","15":"product-type-simple"},"jetpack_sharing_enabled":true,"_links":{"self":[{"href":"https:\/\/growerssupply.eu\/de\/wp-json\/wp\/v2\/product\/5731","targetHints":{"allow":["GET"]}}],"collection":[{"href":"https:\/\/growerssupply.eu\/de\/wp-json\/wp\/v2\/product"}],"about":[{"href":"https:\/\/growerssupply.eu\/de\/wp-json\/wp\/v2\/types\/product"}],"replies":[{"embeddable":true,"href":"https:\/\/growerssupply.eu\/de\/wp-json\/wp\/v2\/comments?post=5731"}],"wp:featuredmedia":[{"embeddable":true,"href":"https:\/\/growerssupply.eu\/de\/wp-json\/wp\/v2\/media\/5172"}],"wp:attachment":[{"href":"https:\/\/growerssupply.eu\/de\/wp-json\/wp\/v2\/media?parent=5731"}],"wp:term":[{"taxonomy":"product_brand","embeddable":true,"href":"https:\/\/growerssupply.eu\/de\/wp-json\/wp\/v2\/product_brand?post=5731"},{"taxonomy":"product_cat","embeddable":true,"href":"https:\/\/growerssupply.eu\/de\/wp-json\/wp\/v2\/product_cat?post=5731"},{"taxonomy":"product_tag","embeddable":true,"href":"https:\/\/growerssupply.eu\/de\/wp-json\/wp\/v2\/product_tag?post=5731"}],"curies":[{"name":"wp","href":"https:\/\/api.w.org\/{rel}","templated":true}]}}