{"id":5732,"date":"2024-02-22T13:21:46","date_gmt":"2024-02-22T12:21:46","guid":{"rendered":"https:\/\/growerssupply.eu\/product\/homebox-hb-ambient-q-120-120x120x200cm\/"},"modified":"2025-11-01T00:39:15","modified_gmt":"2025-10-31T23:39:15","slug":"homebox-hb-ambient-q-120-120x120x200cm","status":"publish","type":"product","link":"https:\/\/growerssupply.eu\/de\/produkt\/homebox-hb-ambient-q-120-120x120x200cm\/","title":{"rendered":"HOMEbox HB Ambient Q 120 | Growzelt | 120x120x200cm"},"content":{"rendered":"<h2>HOMEbox Ambient Q120<\/h2>\n<h5>Dieses Pflanzzelt ist der Favorit von G\u00e4rtnern, die ohne Kompromisse arbeiten m\u00f6chten. Mit diesem Indoor-Zelt k\u00f6nnen Sie alles machen, vom S\u00e4mling bis zur Ernte.<\/h5>\n<h5>Aufgrund der Gr\u00f6\u00dfe von 120x120x200cm kann dieses Growzelt am besten mit LED-Leuchten f\u00fcr mittlere Growzelte beleuchtet werden. Die PAR+-Technologie der Innenbeschichtung erm\u00f6glicht es Ihnen, einen \u00fcberm\u00e4\u00dfigen W\u00e4rmestau zu verhindern und gleichzeitig ein sehr hohes Reflexionsverm\u00f6gen f\u00fcr bessere Ertr\u00e4ge beizubehalten.<\/h5>\n<h5>Um Ihnen die Entscheidung zu erleichtern, haben wir alle relevanten Produktinformationen und den Lieferumfang aufgelistet. Wir freuen uns darauf, Ihre Bestellung zu bearbeiten und schnellstm\u00f6glich an Sie zu liefern. So k\u00f6nnen Sie endlich loslegen! If you have any questions, please do not hesitate to contact us. Wir helfen Ihnen gerne weiter.<\/h5>\n<h3>Produktinformation<\/h3>\n<p>Hergestellt in Deutschland<br \/>\nGr\u00f6\u00dfe montiert: 120 \u00d7 120 \u00d7 200 cm<br \/>\nFl\u00e4che: 1,44 m\u00b2<br \/>\nEmpfohlene Beleuchtung: 600 Watt<br \/>\nRobuste, blickdichte und schmutzabweisende Materialien<br \/>\nStrapazierf\u00e4higes Polyester-Au\u00dfenmaterial<br \/>\nWasserdichter und abnehmbarer Innenboden verhindert Unf\u00e4lle<br \/>\n\u00d6ffnung A: 100 mm (hinten, links und rechts)<br \/>\n\u00d6ffnung B: 160 mm (hinten &amp; links)<br \/>\n\u00d6ffnung C: 200 mm (linke und rechte Seite)<br \/>\n\u00d6ffnung D: 250 mm (Dach)<br \/>\nOmniFlow-Airvent: 2x \u00d8 250 mm (linke &amp; rechte Seite)<br \/>\nMicroMesh-Insektenschutz mit 700 Mikron Maschenweite<br \/>\nWhite PAR+ internal coating<br \/>\nMetallrahmen 22 mm; robuste, pr\u00e4zisionsgefertigte Kunststoffsteckverbinder<br \/>\nLichtdichte Rei\u00dfverschl\u00fcsse<br \/>\nMaximale Belastbarkeit: 75 kg<\/p>\n<h3>Umfang der Lieferung<\/h3>\n<p>HOMEbox Ambient Q120 inkl. Zubeh\u00f6r<\/p>\n","protected":false},"excerpt":{"rendered":"<p>HOMEbox Ambient Q120 Dieses Pflanzzelt ist der Favorit von G\u00e4rtnern, die ohne Kompromisse arbeiten m\u00f6chten. Mit diesem Indoor-Zelt k\u00f6nnen Sie alles machen, vom S\u00e4mling bis zur Ernte. Aufgrund der Gr\u00f6\u00dfe von 120x120x200cm kann dieses Growzelt am besten mit LED-Leuchten f\u00fcr mittlere Growzelte beleuchtet werden. Die PAR+-Technologie der Innenbeschichtung erm\u00f6glicht es Ihnen, einen \u00fcberm\u00e4\u00dfigen W\u00e4rmestau zu [&hellip;]<\/p>\n","protected":false},"featured_media":5168,"comment_status":"closed","ping_status":"closed","template":"","meta":[],"product_brand":[],"product_cat":[503,457],"product_tag":[504],"class_list":{"0":"post-5732","1":"product","2":"type-product","3":"status-publish","4":"has-post-thumbnail","6":"product_cat-homebox-de","7":"product_cat-growzelt","8":"product_tag-zelt","10":"first","11":"instock","12":"taxable","13":"shipping-taxable","14":"purchasable","15":"product-type-simple"},"jetpack_sharing_enabled":true,"_links":{"self":[{"href":"https:\/\/growerssupply.eu\/de\/wp-json\/wp\/v2\/product\/5732","targetHints":{"allow":["GET"]}}],"collection":[{"href":"https:\/\/growerssupply.eu\/de\/wp-json\/wp\/v2\/product"}],"about":[{"href":"https:\/\/growerssupply.eu\/de\/wp-json\/wp\/v2\/types\/product"}],"replies":[{"embeddable":true,"href":"https:\/\/growerssupply.eu\/de\/wp-json\/wp\/v2\/comments?post=5732"}],"wp:featuredmedia":[{"embeddable":true,"href":"https:\/\/growerssupply.eu\/de\/wp-json\/wp\/v2\/media\/5168"}],"wp:attachment":[{"href":"https:\/\/growerssupply.eu\/de\/wp-json\/wp\/v2\/media?parent=5732"}],"wp:term":[{"taxonomy":"product_brand","embeddable":true,"href":"https:\/\/growerssupply.eu\/de\/wp-json\/wp\/v2\/product_brand?post=5732"},{"taxonomy":"product_cat","embeddable":true,"href":"https:\/\/growerssupply.eu\/de\/wp-json\/wp\/v2\/product_cat?post=5732"},{"taxonomy":"product_tag","embeddable":true,"href":"https:\/\/growerssupply.eu\/de\/wp-json\/wp\/v2\/product_tag?post=5732"}],"curies":[{"name":"wp","href":"https:\/\/api.w.org\/{rel}","templated":true}]}}