{"id":5733,"date":"2024-02-22T13:21:46","date_gmt":"2024-02-22T12:21:46","guid":{"rendered":"https:\/\/growerssupply.eu\/product\/homebox-ambient-r120s-120x60x180cm\/"},"modified":"2024-02-22T13:21:46","modified_gmt":"2024-02-22T12:21:46","slug":"homebox-ambient-r120s-120x60x180cm","status":"publish","type":"product","link":"https:\/\/growerssupply.eu\/de\/produkt\/homebox-ambient-r120s-120x60x180cm\/","title":{"rendered":"HOMEbox Ambient R120S | 120x60x180cm"},"content":{"rendered":"<p>HOMEbox HB Ambient R120S<\/p>\n<h1 class=\"fn product-title\">120x60x180cm (0,72m\u00b2)<\/h1>\n<p>&nbsp;<\/p>\n<p>HOMEbox\u00ae bietet f\u00fcr jeden Bedarf das perfekte Indoor-Growzelt. Mit st\u00e4ndiger Optimierung und Weiterentwicklung, gepaart mit modernen Innovationen, unterst\u00fctzen unsere Indoor-Growzelte eine reiche Ernte besser als jedes vorherige Pflanzenzelt. Entdecken Sie unsere Produktlinien HOMEbox\u00ae Ambient und Vista \u2013 die flexiblen Indoor-Growzelte. Diese Zelte sind einfach aufzubauen und mit zus\u00e4tzlichen Funktionen ausgestattet und sorgen f\u00fcr einen problemlosen Anbau.<\/p>\n<p>&nbsp;<\/p>\n<p>OmniFlow-Airvent: 2x \u00d8 200 mm<\/p>\n<ul>\n<li>MicroMesh Insektenschutzgitter mit 700 \u03bcm Maschenweite<\/li>\n<li>Stabiler Metallrahmen (\u00d8 22 mm) mit starken Kunststoffverbindern<\/li>\n<li>Maximale Belastung: bis zu 75 kg<\/li>\n<li>Empfohlene Beleuchtung: 400 W<\/li>\n<li>Grundlage f\u00fcr erfolgreichen Anbau<\/li>\n<li>Entwickelt in Deutschland<\/li>\n<li>Robuste und pflegeleichte Materialien<\/li>\n<li>Abnehmbares, wasserdichtes Bodenelement<\/li>\n<li>Optimal reflektierende PAR+ Innenbeschichtung<\/li>\n<li>Total-Blackout-Rei\u00dfverschl\u00fcsse: lichtdichte Rei\u00dfverschl\u00fcsse<\/li>\n<\/ul>\n<p>&nbsp;<\/p>\n<ul>\n<li>Add-Ons:<\/li>\n<li>DryNet: 60\/90<\/li>\n<li>Halterungsstangen: 120<\/li>\n<li>Ausr\u00fcstungs-Board<\/li>\n<\/ul>\n<style>.elementor-widget-text-editor{font-family:var( --e-global-typography-text-font-family ), Poppins;font-size:var( --e-global-typography-text-font-size );font-weight:var( --e-global-typography-text-font-weight );color:var( --e-global-color-text );}.elementor-widget-text-editor.elementor-drop-cap-view-stacked .elementor-drop-cap{background-color:var( --e-global-color-primary );}.elementor-widget-text-editor.elementor-drop-cap-view-framed .elementor-drop-cap, .elementor-widget-text-editor.elementor-drop-cap-view-default .elementor-drop-cap{color:var( --e-global-color-primary );border-color:var( --e-global-color-primary );}@media(max-width:991px){.elementor-widget-text-editor{font-size:var( --e-global-typography-text-font-size );}}@media(max-width:767px){.elementor-widget-text-editor{font-size:var( --e-global-typography-text-font-size );}}<\/style><div class=\"porto-block\" data-id=\"3262\">\t\t<div data-elementor-type=\"wp-post\" data-elementor-id=\"3262\" class=\"elementor elementor-3262\">\n\t\t\t\t\t\t<section class=\"elementor-section elementor-top-section elementor-element elementor-element-8096486 elementor-section-boxed elementor-section-height-default elementor-section-height-default\" data-id=\"8096486\" data-element_type=\"section\" data-e-type=\"section\">\r\n\t\t\r\n\t\t\t\t\t\t\t<div class=\"elementor-container elementor-column-gap-default\">\r\n\t\t\t\t\t\t\t\t\t\t\t<div class=\"elementor-column elementor-col-100 elementor-top-column elementor-element elementor-element-aa64ec6\" data-id=\"aa64ec6\" data-element_type=\"column\" data-e-type=\"column\">\r\n\t\t\t\t\t<div class=\"elementor-widget-wrap elementor-element-populated\">\r\n\t\t\t\t\t\t\t\t<div class=\"elementor-element elementor-element-f8803ce elementor-widget elementor-widget-porto_ultimate_heading\" data-id=\"f8803ce\" data-element_type=\"widget\" data-e-type=\"widget\" data-widget_type=\"porto_ultimate_heading.default\">\n\t\t\t\t<div class=\"elementor-widget-container\">\n\t\t\t\t\t<div class=\"porto-u-heading  porto-u-bd11424de395366805213f3c847c9ae4\"><div class=\"porto-u-main-heading\"><h2   >Why HOMEbox<\/h2><\/div><div class=\"porto-u-sub-heading\" style=\"\"><p>HOMEbox\u00ae: Your Premier Choice for Indoor Plant Tents<\/p><p>HOMEbox\u00ae leads the market in offering top-quality indoor plant tents. Renowned for their exceptional durability and innovative features, our tents stand out for their longevity and yield potential.<\/p><p>As a leading brand at the forefront of the market, HOMEbox\u00ae sets the standard for uncompromising quality and PAR+ optimized growing environments. Growers seeking maximum yields should always consider investing in a HOMEbox\u00ae plant tent.<\/p><p>Explore our range today and elevate your indoor cultivation experience with HOMEbox\u00ae.\"<\/p><\/div><style>.porto-u-bd11424de395366805213f3c847c9ae4.porto-u-heading{text-align:center}<\/style><\/div>\t\t\t\t<\/div>\n\t\t\t\t<\/div>\n\t\t\t\t\t<\/div>\r\n\t\t\t\t<\/div>\r\n\t\t\t\t\t<\/div>\r\n\t\t\t\t<\/section>\r\n\t\t\t\t<section class=\"elementor-section elementor-top-section elementor-element elementor-element-c1e50c1 elementor-section-boxed elementor-section-height-default elementor-section-height-default\" data-id=\"c1e50c1\" data-element_type=\"section\" data-e-type=\"section\">\r\n\t\t\r\n\t\t\t\t\t\t\t<div class=\"elementor-container elementor-column-gap-default\">\r\n\t\t\t\t\t\t\t\t\t\t\t<div class=\"elementor-column elementor-col-100 elementor-top-column elementor-element elementor-element-52d34cd\" data-id=\"52d34cd\" data-element_type=\"column\" data-e-type=\"column\">\r\n\t\t\t\t\t<div class=\"elementor-widget-wrap elementor-element-populated\">\r\n\t\t\t\t\t\t\t\t<div class=\"elementor-element elementor-element-fc198e0 elementor-widget elementor-widget-porto_ultimate_heading\" data-id=\"fc198e0\" data-element_type=\"widget\" data-e-type=\"widget\" data-widget_type=\"porto_ultimate_heading.default\">\n\t\t\t\t<div class=\"elementor-widget-container\">\n\t\t\t\t\t<div class=\"porto-u-heading  porto-u-bd11424de395366805213f3c847c9ae4\"><div class=\"porto-u-main-heading\"><h2   >10 Reasons why<\/h2><\/div><style>.porto-u-bd11424de395366805213f3c847c9ae4.porto-u-heading{text-align:center}<\/style><\/div>\t\t\t\t<\/div>\n\t\t\t\t<\/div>\n\t\t\t\t<div class=\"elementor-element elementor-element-e1a8ec4 elementor-widget elementor-widget-text-editor\" data-id=\"e1a8ec4\" data-element_type=\"widget\" data-e-type=\"widget\" data-widget_type=\"text-editor.default\">\n\t\t\t\t<div class=\"elementor-widget-container\">\n\t\t\t\t\t\t\t\t\t<h3>1. THE ORIGINAL!<\/h3><p>HOMEbox\u00ae leads the market as the first and original plant tent, continuously setting the pace with innovative new features!<\/p><h3>2. TOTAL-BLACKOUT-ZIPPERS<\/h3><p>Lightproof zippers offer opacity without the hassle of flaps and Velcro, providing added strength. The exceptionally robust tent material, with an inner coating of thick, flexible, food-grade polyethylene, ensures total light blockage.<\/p><h3>3. OPTIMAL AIRFLOW CONTROL<\/h3><p>Our unique OmniFlow Airvents are patented, offering users optimal climate control with significantly less light loss compared to any other plant tent!<\/p><h3>4. PAR+ INTELLIGENT MATERIAL<\/h3><p>Homebox plant tents are the only ones equipped with PAR+ interior coating, ensuring optimal light reflection.<\/p><h3>5. HIGHER YIELDS<\/h3><p>PAR+ ensures that more light and less heat are reflected onto the plants \u2013 for higher yields and the best quality.<\/p><h3>6. DESIGNED IN GERMANY<\/h3><p>All Homebox plant tents are 100% German-designed high-tech constructions, equipped with innovative technology.<\/p><h3>7. PEACE OF MIND<\/h3><p>Optimized tubes and fine mesh insect screens in the airvents provide excellent protection against pests.<\/p><h3>8. STURDY &amp; DURABLE<\/h3><p>Reinforced metal frames, hooks, connectors, and precisely crafted plastic connectors guarantee stability and high load capacity.<\/p><h3>9. EASY ASSEMBLY<\/h3><p>HOMEbox\u00ae plant tents are easy to assemble and suitable for all common cultivation methods.<\/p><h3>10. WARRANTY<\/h3><p>We stand behind our products and offer a two-year manufacturer&#8217;s warranty with confidence.<\/p>\t\t\t\t\t\t\t\t<\/div>\n\t\t\t\t<\/div>\n\t\t\t\t\t<\/div>\r\n\t\t\t\t<\/div>\r\n\t\t\t\t\t<\/div>\r\n\t\t\t\t<\/section>\r\n\t\t\t\t<\/div>\n\t\t<\/div>\n","protected":false},"excerpt":{"rendered":"<h1 class=\"fn product-title\">120x60x180cm (0,72m\u00b2)<\/h1>\n<ul>\n<li>Rechteckige Anbaufl\u00e4che von 0,72 m\u00b2<\/li>\n<li>Innovative PAR+ Innenbeschichtung<\/li>\n<li>Optimale Bel\u00fcftung<\/li>\n<li>Optionen Hervorragendes Preis-Leistungs-Verh\u00e4ltnis<\/li>\n<li>Entworfen in Deutschland<\/li>\n<\/ul>\n","protected":false},"featured_media":5147,"comment_status":"closed","ping_status":"closed","template":"","meta":[],"product_brand":[],"product_cat":[457,503],"product_tag":[504],"class_list":{"0":"post-5733","1":"product","2":"type-product","3":"status-publish","4":"has-post-thumbnail","6":"product_cat-growzelt","7":"product_cat-homebox-de","8":"product_tag-zelt","10":"first","11":"instock","12":"taxable","13":"shipping-taxable","14":"purchasable","15":"product-type-simple"},"jetpack_sharing_enabled":true,"_links":{"self":[{"href":"https:\/\/growerssupply.eu\/de\/wp-json\/wp\/v2\/product\/5733","targetHints":{"allow":["GET"]}}],"collection":[{"href":"https:\/\/growerssupply.eu\/de\/wp-json\/wp\/v2\/product"}],"about":[{"href":"https:\/\/growerssupply.eu\/de\/wp-json\/wp\/v2\/types\/product"}],"replies":[{"embeddable":true,"href":"https:\/\/growerssupply.eu\/de\/wp-json\/wp\/v2\/comments?post=5733"}],"wp:featuredmedia":[{"embeddable":true,"href":"https:\/\/growerssupply.eu\/de\/wp-json\/wp\/v2\/media\/5147"}],"wp:attachment":[{"href":"https:\/\/growerssupply.eu\/de\/wp-json\/wp\/v2\/media?parent=5733"}],"wp:term":[{"taxonomy":"product_brand","embeddable":true,"href":"https:\/\/growerssupply.eu\/de\/wp-json\/wp\/v2\/product_brand?post=5733"},{"taxonomy":"product_cat","embeddable":true,"href":"https:\/\/growerssupply.eu\/de\/wp-json\/wp\/v2\/product_cat?post=5733"},{"taxonomy":"product_tag","embeddable":true,"href":"https:\/\/growerssupply.eu\/de\/wp-json\/wp\/v2\/product_tag?post=5733"}],"curies":[{"name":"wp","href":"https:\/\/api.w.org\/{rel}","templated":true}]}}