{"id":5736,"date":"2023-03-26T16:04:35","date_gmt":"2023-03-26T14:04:35","guid":{"rendered":"https:\/\/growerssupply.eu\/product\/homebox-ambientq80-80x80x180cm\/"},"modified":"2025-08-02T00:00:02","modified_gmt":"2025-08-01T22:00:02","slug":"homebox-ambientq80-80x80x180cm","status":"publish","type":"product","link":"https:\/\/growerssupply.eu\/de\/produkt\/homebox-ambientq80-80x80x180cm\/","title":{"rendered":"HOMEbox AmbientQ80+ 80x80x180cm"},"content":{"rendered":"<h2>HOMEbox Ambient Q80+<\/h2>\n<p>Keine verschwendete Anbaufl\u00e4che mehr mit HOMEbox!<\/p>\n<p>Im Gegensatz zu herk\u00f6mmlichen Growboxen bietet die HOMEbox Q80+ eine optimale Balance zwischen Platzverbrauch und Growfl\u00e4che. Mit dem eingebauten Wasserreservoir und den reflektierenden W\u00e4nden ist das Growzelt die perfekte Wahl f\u00fcr alle, die zu jeder Jahreszeit ihre eigenen Kr\u00e4uter zu Hause anbauen m\u00f6chten. Mit diesem Indoor-Gew\u00e4chshaus k\u00f6nnen Sie ganz einfach Ihren eigenen Barf abdecken.<\/p>\n<p>Durch die Gr\u00f6\u00dfe von 80x80x180cm kannst Du das Pflanzzelt am besten mit LED-Lampen f\u00fcr kleine Growzelte betreiben. Die PAR+-Technologie der Innenbeschichtung erm\u00f6glicht es Ihnen, eine \u00fcberm\u00e4\u00dfige W\u00e4rmeentwicklung zu verhindern und gleichzeitig sehr hohe Reflexionswerte f\u00fcr bessere Ertr\u00e4ge beizubehalten.<\/p>\n<h3>Produktinformation<\/h3>\n<p>Entworfen in Deutschland<br \/>\nGr\u00f6\u00dfe montiert: 80 \u00d7 80 \u00d7 180 cm<br \/>\nAnbaufl\u00e4che: 0,64 m\u00b2<br \/>\nEmpfohlene Beleuchtung: 250 Watt<br \/>\nRobuste, blickdichte und schmutzabweisende Materialien<br \/>\nStrapazierf\u00e4higes Polyester-Au\u00dfenmaterial<br \/>\nWasserdichter und abnehmbarer Innenboden verhindert Unf\u00e4lle<br \/>\n\u00d6ffnung A: 100 mm (R\u00fcckseite)<br \/>\n\u00d6ffnung B: 125 mm (linke Seite)<br \/>\n\u00d6ffnung C: 160 mm (Dach)<br \/>\nOmniFlow-Entl\u00fcfter: 2x \u00d8 125 mm (links \/ rechts)<br \/>\nMicroMesh Insektenschutz mit 700 Mikrometer Maschenweite<br \/>\nWei\u00dfe PAR+ Innenbeschichtung<br \/>\nMetallrahmen 16 mm; robuste, pr\u00e4zisionsgefertigte Kunststoffsteckverbinder<br \/>\nLichtdichte Rei\u00dfverschl\u00fcsse<br \/>\nMaximale Belastbarkeit: 50 kg<\/p>\n<h3>Umfang der Lieferung<\/h3>\n<p>HOMEbox Ambient Q80+ inkl. Zubeh\u00f6r<\/p>\n<p>&nbsp;<\/p>\n","protected":false},"excerpt":{"rendered":"<p>HOMEbox Ambient Q80+ Keine verschwendete Anbaufl\u00e4che mehr mit HOMEbox! Im Gegensatz zu herk\u00f6mmlichen Growboxen bietet die HOMEbox Q80+ eine optimale Balance zwischen Platzverbrauch und Growfl\u00e4che. Mit dem eingebauten Wasserreservoir und den reflektierenden W\u00e4nden ist das Growzelt die perfekte Wahl f\u00fcr alle, die zu jeder Jahreszeit ihre eigenen Kr\u00e4uter zu Hause anbauen m\u00f6chten. Mit diesem Indoor-Gew\u00e4chshaus [&hellip;]<\/p>\n","protected":false},"featured_media":4965,"comment_status":"open","ping_status":"closed","template":"","meta":[],"product_brand":[667],"product_cat":[503,550,457],"product_tag":[505,506],"class_list":{"0":"post-5736","1":"product","2":"type-product","3":"status-publish","4":"has-post-thumbnail","6":"product_brand-homebox","7":"product_cat-homebox-de","8":"product_cat-homebox-brands-de","9":"product_cat-growzelt","10":"product_tag-growbox-de","11":"product_tag-homebox-de","13":"first","14":"instock","15":"featured","16":"taxable","17":"shipping-taxable","18":"purchasable","19":"product-type-simple"},"jetpack_sharing_enabled":true,"_links":{"self":[{"href":"https:\/\/growerssupply.eu\/de\/wp-json\/wp\/v2\/product\/5736","targetHints":{"allow":["GET"]}}],"collection":[{"href":"https:\/\/growerssupply.eu\/de\/wp-json\/wp\/v2\/product"}],"about":[{"href":"https:\/\/growerssupply.eu\/de\/wp-json\/wp\/v2\/types\/product"}],"replies":[{"embeddable":true,"href":"https:\/\/growerssupply.eu\/de\/wp-json\/wp\/v2\/comments?post=5736"}],"wp:featuredmedia":[{"embeddable":true,"href":"https:\/\/growerssupply.eu\/de\/wp-json\/wp\/v2\/media\/4965"}],"wp:attachment":[{"href":"https:\/\/growerssupply.eu\/de\/wp-json\/wp\/v2\/media?parent=5736"}],"wp:term":[{"taxonomy":"product_brand","embeddable":true,"href":"https:\/\/growerssupply.eu\/de\/wp-json\/wp\/v2\/product_brand?post=5736"},{"taxonomy":"product_cat","embeddable":true,"href":"https:\/\/growerssupply.eu\/de\/wp-json\/wp\/v2\/product_cat?post=5736"},{"taxonomy":"product_tag","embeddable":true,"href":"https:\/\/growerssupply.eu\/de\/wp-json\/wp\/v2\/product_tag?post=5736"}],"curies":[{"name":"wp","href":"https:\/\/api.w.org\/{rel}","templated":true}]}}