{"id":5737,"date":"2023-03-26T15:57:41","date_gmt":"2023-03-26T13:57:41","guid":{"rendered":"https:\/\/growerssupply.eu\/product\/homebox-ambient-q60-60x60x160cm\/"},"modified":"2023-03-26T15:57:41","modified_gmt":"2023-03-26T13:57:41","slug":"homebox-ambient-q60-60x60x160cm","status":"publish","type":"product","link":"https:\/\/growerssupply.eu\/de\/produkt\/homebox-ambient-q60-60x60x160cm\/","title":{"rendered":"HOMEbox Ambient Q60+ 60x60x160cm"},"content":{"rendered":"<h2>HOMEbox Ambient Q60+<\/h2>\n<h4>Holen Sie sich die HOMEbox Ambient Q60+ und bauen Sie Ihre eigenen Kr\u00e4uter, Gem\u00fcse oder Blumen zu Hause an. Er nimmt nur den Platz eines kleinen B\u00fccherregals ein, bietet aber dennoch Platz f\u00fcr bis zu 5 ausgewachsene Pflanzen.<\/h4>\n<p>Aufgrund der Gr\u00f6\u00dfe von 60x60x160cm kann dieses Pflanzenzelt am besten mit LED-Lampen f\u00fcr kleine Growzelte beleuchtet werden. Die PAR+-Technologie der Innenbeschichtung erm\u00f6glicht es Ihnen, einen \u00fcberm\u00e4\u00dfigen W\u00e4rmestau zu verhindern und gleichzeitig ein sehr hohes Reflexionsverm\u00f6gen f\u00fcr bessere Ertr\u00e4ge beizubehalten.<\/p>\n<h3>Produktinformation<\/h3>\n<p>Entworfen in Deutschland<br \/>\nGr\u00f6\u00dfe montiert: 60 \u00d7 60 \u00d7 160 cm<br \/>\nAnbaufl\u00e4che: 0,36 m\u00b2<br \/>\nEmpfohlene Beleuchtung: 150 Watt<br \/>\nRobuste, blickdichte und schmutzabweisende Materialien<br \/>\nStrapazierf\u00e4higes Polyester-Au\u00dfenmaterial<br \/>\nWasserdichter und abnehmbarer Innenboden verhindert Unf\u00e4lle<br \/>\n\u00d6ffnung A: 100 mm (R\u00fcckseite)<br \/>\n\u00d6ffnung B: 125 mm (linke Seite)<br \/>\n\u00d6ffnung C: 160 mm (Dach)<br \/>\nOmniFlow-Entl\u00fcfter: 2x \u00d8 125 mm (links \/ rechts)<br \/>\nMicroMesh Insektenschutz mit 700 Mikrometer Maschenweite<br \/>\nWei\u00dfe PAR+ Innenbeschichtung<br \/>\nMetallrahmen 16 mm; robuste, pr\u00e4zisionsgefertigte Kunststoffsteckverbinder<br \/>\nLichtdichte Rei\u00dfverschl\u00fcsse<br \/>\nMaximale Belastbarkeit: 50 kg<\/p>\n<h3>Umfang der Lieferung<\/h3>\n<p>HOMEbox Ambient Q60+ inkl. Zubeh\u00f6r<\/p>\n","protected":false},"excerpt":{"rendered":"<p>HOMEbox Ambient Q60+ Holen Sie sich die HOMEbox Ambient Q60+ und bauen Sie Ihre eigenen Kr\u00e4uter, Gem\u00fcse oder Blumen zu Hause an. Er nimmt nur den Platz eines kleinen B\u00fccherregals ein, bietet aber dennoch Platz f\u00fcr bis zu 5 ausgewachsene Pflanzen. Aufgrund der Gr\u00f6\u00dfe von 60x60x160cm kann dieses Pflanzenzelt am besten mit LED-Lampen f\u00fcr kleine [&hellip;]<\/p>\n","protected":false},"featured_media":4964,"comment_status":"open","ping_status":"closed","template":"","meta":[],"product_brand":[],"product_cat":[457,503],"product_tag":[505,506,507],"class_list":{"0":"post-5737","1":"product","2":"type-product","3":"status-publish","4":"has-post-thumbnail","6":"product_cat-growzelt","7":"product_cat-homebox-de","8":"product_tag-growbox-de","9":"product_tag-homebox-de","10":"product_tag-growtent-de","12":"first","13":"instock","14":"taxable","15":"shipping-taxable","16":"purchasable","17":"product-type-simple"},"jetpack_sharing_enabled":true,"_links":{"self":[{"href":"https:\/\/growerssupply.eu\/de\/wp-json\/wp\/v2\/product\/5737","targetHints":{"allow":["GET"]}}],"collection":[{"href":"https:\/\/growerssupply.eu\/de\/wp-json\/wp\/v2\/product"}],"about":[{"href":"https:\/\/growerssupply.eu\/de\/wp-json\/wp\/v2\/types\/product"}],"replies":[{"embeddable":true,"href":"https:\/\/growerssupply.eu\/de\/wp-json\/wp\/v2\/comments?post=5737"}],"wp:featuredmedia":[{"embeddable":true,"href":"https:\/\/growerssupply.eu\/de\/wp-json\/wp\/v2\/media\/4964"}],"wp:attachment":[{"href":"https:\/\/growerssupply.eu\/de\/wp-json\/wp\/v2\/media?parent=5737"}],"wp:term":[{"taxonomy":"product_brand","embeddable":true,"href":"https:\/\/growerssupply.eu\/de\/wp-json\/wp\/v2\/product_brand?post=5737"},{"taxonomy":"product_cat","embeddable":true,"href":"https:\/\/growerssupply.eu\/de\/wp-json\/wp\/v2\/product_cat?post=5737"},{"taxonomy":"product_tag","embeddable":true,"href":"https:\/\/growerssupply.eu\/de\/wp-json\/wp\/v2\/product_tag?post=5737"}],"curies":[{"name":"wp","href":"https:\/\/api.w.org\/{rel}","templated":true}]}}