{"id":5738,"date":"2024-03-06T11:40:07","date_gmt":"2024-03-06T10:40:07","guid":{"rendered":"https:\/\/growerssupply.eu\/product\/cultimate-aero-8cm-aeroponisches-system-terra-aquatica-ghe\/"},"modified":"2024-03-06T11:40:07","modified_gmt":"2024-03-06T10:40:07","slug":"cultimate-aero-8cm-aeroponisches-system-terra-aquatica-ghe","status":"publish","type":"product","link":"https:\/\/growerssupply.eu\/de\/produkt\/cultimate-aero-8cm-aeroponisches-system-terra-aquatica-ghe\/","title":{"rendered":"Cultimate Aero 8cm | Aeroponisches System | Terra aquatica (GHE)"},"content":{"rendered":"<h2>aeroponisches Topfsystem f\u00fcr 5 Pflanzen von Terra aquatica<\/h2>\n<p>Grundbestandteil ist der 45-l-Rechnungsbeh\u00e4lter des Cultimate L, von dem <strong> Cultimate Aero <\/strong> zahlreiche Vorteile \u00fcbernommen hat. Mit seinen Spr\u00fchd\u00fcsen und Gittert\u00f6pfen, die die Pflanzen anbieten, ben\u00f6tigt das System, abgesehen von einigen recycelten Tonkugeln, kein Substrat. Jede Cultimate\u00ae Aero bietet Platz f\u00fcr bis zu 5 Pflanzen. Im Vergleich zum 5cm-Modell hat diese Variante einen Topfdurchmesser von 8cm, der f\u00fcr mittelgro\u00dfe bis gro\u00dfe Pflanzen geeignet ist.<\/p>\n<ul>\n<li>aus extrem robustem, langzeitkonservierendem Recyclingkunststoff im Rotationsgussverfahren<\/li>\n<li>UV- und undurchl\u00e4ssig f\u00fcr optimalen Wurzelschutz<\/li>\n<li>vielseitig, anpassungsf\u00e4hig und zuverl\u00e4ssig<\/li>\n<\/ul>\n<p>Wenn Sie bereits eine Culttimate l haben und unter einem substratfreien Anbau anbauen m\u00f6chten, k\u00f6nnen Sie Ihr System mit einem bei uns erh\u00e4ltlichen Umbausatz umr\u00fcsten.<\/p>\n<h3>Verwendung des Cultimate Aero<\/h3>\n<p>&nbsp;<\/p>\n<p><span style=\"font-size: large;\"> <span style=\"font-size: medium;\">  Montagesystem gem\u00e4\u00df der Anleitung einf\u00fcllen, die N\u00e4hrl\u00f6sung und den aufgebl\u00e4hten Ton aussp\u00fclen und die in die T\u00f6pfe gezogenen Pflanzen in eine hydroponische Anbaustation stellen, und los geht&#8217;s!  <\/span> <\/span><\/p>\n<h3>Technische Informationen zum Cultimate Aero<\/h3>\n<ul>\n<li>F\u00fcnf Netzwerkt\u00f6pfe mit 8cm Durchmesser<\/li>\n<li>Ma\u00dfe (L x B x H): 46 x 46 x 43 cm<\/li>\n<li>Tankvolumen: 45 Liter<\/li>\n<\/ul>\n","protected":false},"excerpt":{"rendered":"<ul>\n<li>Erweiterungssystem von Terra Aquatica<\/li>\n<li>unkompliziertes Aeroponik-System<\/li>\n<li>Cultimate Aero ist eine Weiterentwicklung des marktf\u00fchrenden Culttimate-Konzepts und eine unkomplizierte L\u00f6sung f\u00fcr den substratfreien hydroponischen Anbau auf kleinen bis mittelgro\u00dfen Fl\u00e4chen.<\/li>\n<\/ul>\n","protected":false},"featured_media":5356,"comment_status":"closed","ping_status":"closed","template":"","meta":[],"product_brand":[],"product_cat":[442,458,508],"product_tag":[510,509],"class_list":{"0":"post-5738","1":"product","2":"type-product","3":"status-publish","4":"has-post-thumbnail","6":"product_cat-terra-aquatica-ghe-de","7":"product_cat-hydroponik","8":"product_cat-terra-aquatica-de-2","9":"product_tag-terra-aquatica-ghe-de","10":"product_tag-hydroponische","12":"first","13":"outofstock","14":"sale","15":"taxable","16":"shipping-taxable","17":"purchasable","18":"product-type-simple"},"jetpack_sharing_enabled":true,"_links":{"self":[{"href":"https:\/\/growerssupply.eu\/de\/wp-json\/wp\/v2\/product\/5738","targetHints":{"allow":["GET"]}}],"collection":[{"href":"https:\/\/growerssupply.eu\/de\/wp-json\/wp\/v2\/product"}],"about":[{"href":"https:\/\/growerssupply.eu\/de\/wp-json\/wp\/v2\/types\/product"}],"replies":[{"embeddable":true,"href":"https:\/\/growerssupply.eu\/de\/wp-json\/wp\/v2\/comments?post=5738"}],"wp:featuredmedia":[{"embeddable":true,"href":"https:\/\/growerssupply.eu\/de\/wp-json\/wp\/v2\/media\/5356"}],"wp:attachment":[{"href":"https:\/\/growerssupply.eu\/de\/wp-json\/wp\/v2\/media?parent=5738"}],"wp:term":[{"taxonomy":"product_brand","embeddable":true,"href":"https:\/\/growerssupply.eu\/de\/wp-json\/wp\/v2\/product_brand?post=5738"},{"taxonomy":"product_cat","embeddable":true,"href":"https:\/\/growerssupply.eu\/de\/wp-json\/wp\/v2\/product_cat?post=5738"},{"taxonomy":"product_tag","embeddable":true,"href":"https:\/\/growerssupply.eu\/de\/wp-json\/wp\/v2\/product_tag?post=5738"}],"curies":[{"name":"wp","href":"https:\/\/api.w.org\/{rel}","templated":true}]}}