{"id":5739,"date":"2024-03-23T16:58:58","date_gmt":"2024-03-23T15:58:58","guid":{"rendered":"https:\/\/growerssupply.eu\/product\/growstream-10-aeroponisches-system-v2-0-terra-aquatica-ghe\/"},"modified":"2024-03-23T16:58:58","modified_gmt":"2024-03-23T15:58:58","slug":"growstream-10-aeroponisches-system-v2-0-terra-aquatica-ghe","status":"publish","type":"product","link":"https:\/\/growerssupply.eu\/de\/produkt\/growstream-10-aeroponisches-system-v2-0-terra-aquatica-ghe\/","title":{"rendered":"GrowStream 10 | Aeroponisches System (V2.0) | Terra Aquatica (GHE)"},"content":{"rendered":"<h1>GrowStream 10 V2: Das neue Aeroponik-System f\u00fcr 10 Pflanzen von Terra Aquatica<\/h1>\n<p>Wir stellen den GrowStream 10 V2 vor, das neueste Aeroponik-System von Terra Aquatica. Diese \u00fcberarbeitete Version basiert auf dem hocheffizienten AeroFlo-System und enth\u00e4lt mehrere Verbesserungen, die sie noch ergonomischer machen und gleichzeitig die kompromisslose Qualit\u00e4t beibehalten.<\/p>\n<p>Mit einer Kapazit\u00e4t von 10 Pflanzen pro Einheit bietet dieses erweiterbare GrowStream-System eine flexible L\u00f6sung f\u00fcr die hydroponische Pflanzenproduktion. Es nutzt das Konzept der optimalen Verteilung von sauerstoffreichem Wasser \u00fcber die gesamte L\u00e4nge des Kultivierungssystems und bietet die Vorteile der aeroponischen Anbautechnik ohne deren Nachteile wie Wassererw\u00e4rmung und Anf\u00e4lligkeit f\u00fcr pH-Schwankungen.<\/p>\n<p>Das GrowStream 10 V2-System besteht aus einem 45-Liter-Vorratsbeh\u00e4lter mit einer Wasserpumpe, die Wasser in den Pflanzentrog f\u00f6rdert, wo es in pr\u00e4zisen Intervallen eingespritzt wird. Die N\u00e4hrl\u00f6sung flie\u00dft dann durch das Abflussrohr zur\u00fcck und f\u00fcllt den Vorratstank mit sauerstoffreichem Wasser auf, ohne dass eine komplexe Steuerungstechnik oder mehrere Luftpumpen erforderlich sind, was die Montage und den Betrieb f\u00fcr die Landwirte vereinfacht.<\/p>\n<p>Zu den neuen Innovationen der V2-Modelle geh\u00f6ren der abnehmbare Deckel und die abgerundeten Ecken f\u00fcr eine einfachere Reinigung, die doppelwandige Konstruktion von Kammer und Deckel f\u00fcr eine bessere Isolierung und die interne Bew\u00e4sserungsleitung zur Vermeidung von Wasserverlust. Die etwas gr\u00f6\u00dferen Abmessungen im Vergleich zu AeroFlo sorgen f\u00fcr ausreichend Platz und Wasser f\u00fcr gr\u00f6\u00dfere Pflanzen, wodurch GrowStream 10 sowohl f\u00fcr kleine als auch f\u00fcr gro\u00dfe Pflanzen vielseitig einsetzbar ist.<\/p>\n<p>Neue flexible T-Verbinder erm\u00f6glichen einen variablen Trogabstand und bieten den Landwirten die Flexibilit\u00e4t, den Abstand zwischen den Tr\u00f6gen je nach Kultur anzupassen. Die glatten T-Verbinder der V2-Modelle bestehen im Gegensatz zu den starren T-Verbindern der alten V1-Modelle aus Einzelteilen mit flexiblen Schl\u00e4uchen, die einfach mit Handkappen verschraubt werden k\u00f6nnen.<\/p>\n<h2>Verwenden von GrowStream 10<\/h2>\n<p>Bauen Sie das System gem\u00e4\u00df der Anleitung zusammen, f\u00fcllen Sie es mit N\u00e4hrl\u00f6sung und gesp\u00fclten Tonkieseln und pflanzen Sie die hydroponisch angebauten Pflanzen aus einer Aufzuchtstation wie HydroCloner in die T\u00f6pfe um \u2013 und schon kann es losgehen!<\/p>\n<h2>Technische Daten f\u00fcr GrowStream 10<\/h2>\n<ul>\n<li>Ausgelegt f\u00fcr 10 Pflanzen<\/li>\n<li>Abmessungen (L x B x H): 109x49x57cm<\/li>\n<li>Tankvolumen: 45 Liter<\/li>\n<li>Netzt\u00f6pfe: 8 cm<\/li>\n<li>Pflanzlochabstand: 18,5 cm (Mitte zu Mitte)<\/li>\n<\/ul>\n<h2>Paket beinhaltet<\/h2>\n<ul>\n<li>1x GrowStream 10 inklusive Pumpe, Tank und Zubeh\u00f6r<\/li>\n<\/ul>\n","protected":false},"excerpt":{"rendered":"<h1>Terra Aquatica \u00dcberarbeitetes Kultivierungssystem (V 2.0)<\/h1>\n<p>Entdecken Sie das aktualisierte Anbausystem GrowStream 10 (V 2.0) von Terra Aquatica, ein leistungsstarkes, effizientes und flexibles Hydrokultursystem, das f\u00fcr 10 Pflanzen ausgelegt ist. Dieses Produkt wird komplett mit einer Pumpe, einem Tank und Zubeh\u00f6r geliefert. Es wird in 2 Paketen per Fracht versendet.<\/p>\n<p>GrowStream 10 ist auf Anfrage immer verf\u00fcgbar.<\/p>\n<p><strong>Bitte beachten Sie:<\/strong> Die Pumpen sind relativ laut, was dieses System f\u00fcr Schlafzimmer ungeeignet macht. Es wird h\u00e4ufig in Gew\u00e4chsh\u00e4usern verwendet.<\/p>\n","protected":false},"featured_media":5538,"comment_status":"open","ping_status":"closed","template":"","meta":[],"product_brand":[],"product_cat":[442,458,508],"product_tag":[511,512],"class_list":{"0":"post-5739","1":"product","2":"type-product","3":"status-publish","4":"has-post-thumbnail","6":"product_cat-terra-aquatica-ghe-de","7":"product_cat-hydroponik","8":"product_cat-terra-aquatica-de-2","9":"product_tag-hydro-de","10":"product_tag-aeroponik","12":"first","13":"outofstock","14":"taxable","15":"shipping-taxable","16":"purchasable","17":"product-type-simple"},"jetpack_sharing_enabled":true,"_links":{"self":[{"href":"https:\/\/growerssupply.eu\/de\/wp-json\/wp\/v2\/product\/5739","targetHints":{"allow":["GET"]}}],"collection":[{"href":"https:\/\/growerssupply.eu\/de\/wp-json\/wp\/v2\/product"}],"about":[{"href":"https:\/\/growerssupply.eu\/de\/wp-json\/wp\/v2\/types\/product"}],"replies":[{"embeddable":true,"href":"https:\/\/growerssupply.eu\/de\/wp-json\/wp\/v2\/comments?post=5739"}],"wp:featuredmedia":[{"embeddable":true,"href":"https:\/\/growerssupply.eu\/de\/wp-json\/wp\/v2\/media\/5538"}],"wp:attachment":[{"href":"https:\/\/growerssupply.eu\/de\/wp-json\/wp\/v2\/media?parent=5739"}],"wp:term":[{"taxonomy":"product_brand","embeddable":true,"href":"https:\/\/growerssupply.eu\/de\/wp-json\/wp\/v2\/product_brand?post=5739"},{"taxonomy":"product_cat","embeddable":true,"href":"https:\/\/growerssupply.eu\/de\/wp-json\/wp\/v2\/product_cat?post=5739"},{"taxonomy":"product_tag","embeddable":true,"href":"https:\/\/growerssupply.eu\/de\/wp-json\/wp\/v2\/product_tag?post=5739"}],"curies":[{"name":"wp","href":"https:\/\/api.w.org\/{rel}","templated":true}]}}