{"id":5740,"date":"2024-03-06T11:40:07","date_gmt":"2024-03-06T10:40:07","guid":{"rendered":"https:\/\/growerssupply.eu\/product\/cultimate-l-45l-terra-aquatica-ghe\/"},"modified":"2024-03-06T11:40:07","modified_gmt":"2024-03-06T10:40:07","slug":"cultimate-l-45l-terra-aquatica-ghe","status":"publish","type":"product","link":"https:\/\/growerssupply.eu\/de\/produkt\/cultimate-l-45l-terra-aquatica-ghe\/","title":{"rendered":"Cultimate L | 45l | Terra aquatica (GHE)"},"content":{"rendered":"<h2>Cultimate L &#8211; Hydrokultur-Topfsystem Cultimate L von Terra aquatica<\/h2>\n<p>Vor \u00fcber 30 Jahren von GH USA-Gr\u00fcnder Lawrence Brooke in Kalifornien entwickelt, ist <strong> Cultimate L <\/strong> mit seinem kleineren Bruder Cultimate S bis heute der Bestseller unter unseren Hydrokultursystemen. Seitdem wurden weltweit Hunderttausende von pr\u00e4chtigen und gesunden Pflanzen gez\u00fcchtet. Diesen langfristigen Erfolg verdankt Cultimate seiner un\u00fcbertroffenen Kombination aus Leistung und Benutzerfreundlichkeit. Ob Gew\u00e4chshaus, K\u00fcche oder Balkon, ob Zierpflanze, Kr\u00e4uter aller Art oder kleine B\u00e4ume: Cultimate S, L und Solar passen \u00fcberall hin und sind f\u00fcr Pflanzen aller Art geeignet. In beiden F\u00e4llen wird die N\u00e4hrl\u00f6sung aus einem Vorratsbeh\u00e4lter aufgepumpt, wo sie auf das aufgebl\u00e4hte Tonsubstrat tropft und die Wurzeln hinunterl\u00e4uft. Dank dieses einfachen, zuverl\u00e4ssigen und hocheffizienten Prinzips erhalten die Pflanzen genau das, was sie f\u00fcr Wachstum und Bl\u00fcte brauchen: eine optimale, mit Sauerstoff angereicherte Nahrung. Gleichzeitig sorgt der zweiteilige Aufbau daf\u00fcr, dass sowohl der Vorratsbeh\u00e4lter als auch die Wurzeln leicht zug\u00e4nglich sind, was bei vielen anderen Systemen schwierig und teilweise nicht m\u00f6glich ist. Version 3 kommt mit zahlreichen konstruktiven Verbesserungen in unserem Cultimate S, L &amp; Solar:<\/p>\n<ul>\n<li>aus extrem robustem, langzeitkonservierendem Recyclingkunststoff im Rotationsgussverfahren<\/li>\n<li>UV- und undurchl\u00e4ssig f\u00fcr optimalen Wurzelschutz<\/li>\n<li>vielseitig, anpassungsf\u00e4hig und erweiterbar<\/li>\n<li>extrem sparsam im Verbrauch (weniger als 2 Watt)<\/li>\n<\/ul>\n<h3>Verwendung des Cultimate L<\/h3>\n<p>&nbsp;<\/p>\n<p><span style=\"font-size: large;\"> <span style=\"font-size: medium;\">  Montagesystem gem\u00e4\u00df der Anleitung einf\u00fcllen, die N\u00e4hrl\u00f6sung und den aufgebl\u00e4hten Ton aussp\u00fclen und die in die T\u00f6pfe gezogenen Pflanzen in eine hydroponische Anbaustation stellen, und los geht&#8217;s!  <\/span> <\/span><\/p>\n<h3>Technische Informationen zum Cultimate L<\/h3>\n<ul>\n<li>Ma\u00dfe (L x B x H): 46 x 46 x 43 cm<\/li>\n<li>Tankvolumen: 45 Liter<\/li>\n<\/ul>\n","protected":false},"excerpt":{"rendered":"<ul>\n<li>Erweiterungssystem von Terra Aquatica<\/li>\n<li>Hervorragende Einf\u00fchrung in die Hydrokultur f\u00fcr Anf\u00e4nger in einzelnen T\u00f6pfen<\/li>\n<li>Oft kopiert, aber immer noch un\u00fcbertroffen: der originale Hydrokulturtopf<\/li>\n<\/ul>\n","protected":false},"featured_media":5554,"comment_status":"closed","ping_status":"closed","template":"","meta":[],"product_brand":[],"product_cat":[442,508],"product_tag":[510],"class_list":{"0":"post-5740","1":"product","2":"type-product","3":"status-publish","4":"has-post-thumbnail","6":"product_cat-terra-aquatica-ghe-de","7":"product_cat-terra-aquatica-de-2","8":"product_tag-terra-aquatica-ghe-de","10":"first","11":"outofstock","12":"taxable","13":"shipping-taxable","14":"purchasable","15":"product-type-simple"},"jetpack_sharing_enabled":true,"_links":{"self":[{"href":"https:\/\/growerssupply.eu\/de\/wp-json\/wp\/v2\/product\/5740","targetHints":{"allow":["GET"]}}],"collection":[{"href":"https:\/\/growerssupply.eu\/de\/wp-json\/wp\/v2\/product"}],"about":[{"href":"https:\/\/growerssupply.eu\/de\/wp-json\/wp\/v2\/types\/product"}],"replies":[{"embeddable":true,"href":"https:\/\/growerssupply.eu\/de\/wp-json\/wp\/v2\/comments?post=5740"}],"wp:featuredmedia":[{"embeddable":true,"href":"https:\/\/growerssupply.eu\/de\/wp-json\/wp\/v2\/media\/5554"}],"wp:attachment":[{"href":"https:\/\/growerssupply.eu\/de\/wp-json\/wp\/v2\/media?parent=5740"}],"wp:term":[{"taxonomy":"product_brand","embeddable":true,"href":"https:\/\/growerssupply.eu\/de\/wp-json\/wp\/v2\/product_brand?post=5740"},{"taxonomy":"product_cat","embeddable":true,"href":"https:\/\/growerssupply.eu\/de\/wp-json\/wp\/v2\/product_cat?post=5740"},{"taxonomy":"product_tag","embeddable":true,"href":"https:\/\/growerssupply.eu\/de\/wp-json\/wp\/v2\/product_tag?post=5740"}],"curies":[{"name":"wp","href":"https:\/\/api.w.org\/{rel}","templated":true}]}}