{"id":5741,"date":"2024-03-06T11:40:34","date_gmt":"2024-03-06T10:40:34","guid":{"rendered":"https:\/\/growerssupply.eu\/product\/cultimate-4er-pack-terra-aquatica-ghe\/"},"modified":"2024-03-06T11:40:34","modified_gmt":"2024-03-06T10:40:34","slug":"cultimate-4er-pack-terra-aquatica-ghe","status":"publish","type":"product","link":"https:\/\/growerssupply.eu\/de\/produkt\/cultimate-4er-pack-terra-aquatica-ghe\/","title":{"rendered":"Cultimate 4er-Pack | Terra aquatica (GHE)"},"content":{"rendered":"<h2>Cultimate 4 &#8211; Kleines Umlaufpflanzsystem von Terra Aquatica<\/h2>\n<p>Die N\u00e4hrl\u00f6sung wird verwendet, um den Druck zu nutzen, den ein herk\u00f6mmlicher Luftkompressor erzeugt, zirkuliert und \u00fcber unser innovatives T-St\u00fcck in nur 30 Minuten durch das gesamte System l\u00e4uft.<\/p>\n<p>Das <strong> Cultimate 4er-Pack <\/strong> besteht aus dem gleichen hochwertigen Kunststoff wie unser marktf\u00fchrendes Cultimate L-System, hat den gleichen leicht zug\u00e4nglichen 45-l-Rechnungsbeh\u00e4lter, jedoch mit Klappdeckel zum Nachf\u00fcllen und Entleeren und direktem Zugriff auf die N\u00e4hrl\u00f6sung und ist:<\/p>\n<ul>\n<li>aus extrem robustem, langzeitkonservierendem Recyclingkunststoff im Rotationsgussverfahren<\/li>\n<li>UV- und undurchl\u00e4ssig f\u00fcr optimalen Wurzelschutz<\/li>\n<li>vielseitig, anpassungsf\u00e4hig und zuverl\u00e4ssig<\/li>\n<\/ul>\n<p>Das Cultimate 4er Pack enth\u00e4lt in der Basisversion 4 Cultimate S-T\u00f6pfe und funktioniert optimal mit einer Pflanze pro Topf. Auf Wunsch kann das System mit Terra Aquatica-Teilen und zus\u00e4tzlichen Cultimate-T\u00f6pfen\u00ae erweitert werden. Der culttimate Controller kann auch mit T\u00f6pfen anderer Marken kombiniert werden.<\/p>\n<h3>Verwendung des Cultimate 4er-Packs<\/h3>\n<p><span style=\"font-size: large;\"> <span style=\"font-size: medium;\">  Montagesystem gem\u00e4\u00df den Anweisungen einf\u00fcllen, N\u00e4hrl\u00f6sung und aufgebl\u00e4hten Ton aussp\u00fclen und die in einer hydroponischen Anbaustation gezeichneten Pflanzen in eine hydroponische Anbaustation setzen, und los geht&#8217;s!  <\/span> <\/span><\/p>\n","protected":false},"excerpt":{"rendered":"<ul>\n<li>Erweiterungssystem von Terra Aquatica<\/li>\n<li>Aktives Zirkulationssystem f\u00fcr Cultimate S-Systeme<\/li>\n<li>Installieren Sie ein komplettes Hydrokultursystem auf kleinen Fl\u00e4chen<\/li>\n<li>Vergr\u00f6\u00dfern oder reduzieren Sie den Bedarf an Bedarf<\/li>\n<\/ul>\n","protected":false},"featured_media":5539,"comment_status":"closed","ping_status":"closed","template":"","meta":[],"product_brand":[],"product_cat":[442,458,508],"product_tag":[510],"class_list":{"0":"post-5741","1":"product","2":"type-product","3":"status-publish","4":"has-post-thumbnail","6":"product_cat-terra-aquatica-ghe-de","7":"product_cat-hydroponik","8":"product_cat-terra-aquatica-de-2","9":"product_tag-terra-aquatica-ghe-de","11":"first","12":"outofstock","13":"sale","14":"taxable","15":"shipping-taxable","16":"purchasable","17":"product-type-simple"},"jetpack_sharing_enabled":true,"_links":{"self":[{"href":"https:\/\/growerssupply.eu\/de\/wp-json\/wp\/v2\/product\/5741","targetHints":{"allow":["GET"]}}],"collection":[{"href":"https:\/\/growerssupply.eu\/de\/wp-json\/wp\/v2\/product"}],"about":[{"href":"https:\/\/growerssupply.eu\/de\/wp-json\/wp\/v2\/types\/product"}],"replies":[{"embeddable":true,"href":"https:\/\/growerssupply.eu\/de\/wp-json\/wp\/v2\/comments?post=5741"}],"wp:featuredmedia":[{"embeddable":true,"href":"https:\/\/growerssupply.eu\/de\/wp-json\/wp\/v2\/media\/5539"}],"wp:attachment":[{"href":"https:\/\/growerssupply.eu\/de\/wp-json\/wp\/v2\/media?parent=5741"}],"wp:term":[{"taxonomy":"product_brand","embeddable":true,"href":"https:\/\/growerssupply.eu\/de\/wp-json\/wp\/v2\/product_brand?post=5741"},{"taxonomy":"product_cat","embeddable":true,"href":"https:\/\/growerssupply.eu\/de\/wp-json\/wp\/v2\/product_cat?post=5741"},{"taxonomy":"product_tag","embeddable":true,"href":"https:\/\/growerssupply.eu\/de\/wp-json\/wp\/v2\/product_tag?post=5741"}],"curies":[{"name":"wp","href":"https:\/\/api.w.org\/{rel}","templated":true}]}}