{"id":5742,"date":"2023-03-27T10:21:58","date_gmt":"2023-03-27T08:21:58","guid":{"rendered":"https:\/\/growerssupply.eu\/product\/cultimate-l-solar-terra-aquatica-ghe-45l\/"},"modified":"2023-03-27T10:21:58","modified_gmt":"2023-03-27T08:21:58","slug":"cultimate-l-solar-terra-aquatica-ghe-45l","status":"publish","type":"product","link":"https:\/\/growerssupply.eu\/de\/produkt\/cultimate-l-solar-terra-aquatica-ghe-45l\/","title":{"rendered":"CultiMate L Solar | Terra Aquatica (GHE) | 45L"},"content":{"rendered":"<h2>CultiMate L Solar von Terra Aquatica<\/h2>\n<div class=\"product_type product_type_single\"><\/div>\n<div class=\"post-content\">\n<p>Die ORIGINAL-Hydrokultur-Einheit f\u00fcr zu Hause. Oft kopiert, nie erreicht.<\/p>\n<p>Erfunden vor mehr als 30 Jahren in Kalifornien vom Gr\u00fcnder von GH USA, Lawrence Brooke, und auch heute noch unser meistverkauftes Hydrokultursystem f\u00fcr zu Hause, der CultiMate\u00ae L, und das kleinere Format<br \/>\nCultiMate S, haben Hunderttausende von gesunden, gl\u00fccklichen\u00ae und oft riesigen Pflanzen auf der ganzen Welt gez\u00fcchtet.<\/p>\n<p>Der CultiMate\u00ae verdankt seine Langlebigkeit und seinen Erfolg der Mischung aus Leistung und Benutzerfreundlichkeit, die das System bietet. CultiMate\u00ae S, L und Solar lassen sich schnell in jedem Raum aufstellen, von Gew\u00e4chsh\u00e4usern \u00fcber K\u00fcchen bis hin zu Balkonen, und k\u00f6nnen f\u00fcr den Anbau von Zier- und K\u00fcchenpflanzen aller Gr\u00f6\u00dfen verwendet werden, von Basilikum und anderen Kr\u00e4utern bis hin zu kleinen B\u00e4umen.<\/p>\n<p>Beide Systeme funktionieren, indem sie Luft verwenden, um N\u00e4hrl\u00f6sung aus dem Reservoir nach oben zu ziehen und sie durch das Tonkieselsubstrat und die Wurzeln wieder nach unten zu tropfen. Dieses einfache, zuverl\u00e4ssige Design ist unglaublich effektiv, um Pflanzen eine perfekt sauerstoffhaltige N\u00e4hrl\u00f6sung zu liefern \u2013 genau das, was f\u00fcr ein optimales Wachstum und eine optimale Bl\u00fcte ben\u00f6tigt wird, und die zweiteilige Konstruktion bietet einen einfachen Zugang zu Reservoir und Wurzeln, was in vielen Systemen schwierig oder unm\u00f6glich sein kann.<\/p>\n<p>Jetzt in Version 3 mit einer Reihe von Verbesserungen im Komponentendesign, sind die CultiMate S, L und Solar :<\/p>\n<ul>\n<li>Rotationsgeformt in Frankreich aus superrobustem und langlebigem recyceltem Kunststoff.<\/li>\n<li>UV- und lichtabgeschirmt zum Wurzelschutz.<\/li>\n<li>Vielseitig, anpassungsf\u00e4hig und erweiterbar.<\/li>\n<li>Sehr geringer Stromverbrauch: weniger als 2 Watt<\/li>\n<\/ul>\n<\/div>\n","protected":false},"excerpt":{"rendered":"<p>CultiMate L Solar von Terra Aquatica Die ORIGINAL-Hydrokultur-Einheit f\u00fcr zu Hause. Oft kopiert, nie erreicht. Erfunden vor mehr als 30 Jahren in Kalifornien vom Gr\u00fcnder von GH USA, Lawrence Brooke, und auch heute noch unser meistverkauftes Hydrokultursystem f\u00fcr zu Hause, der CultiMate\u00ae L, und das kleinere Format CultiMate S, haben Hunderttausende von gesunden, gl\u00fccklichen\u00ae und [&hellip;]<\/p>\n","protected":false},"featured_media":5425,"comment_status":"open","ping_status":"closed","template":"","meta":[],"product_brand":[],"product_cat":[458,508],"product_tag":[432,509,513],"class_list":{"0":"post-5742","1":"product","2":"type-product","3":"status-publish","4":"has-post-thumbnail","6":"product_cat-hydroponik","7":"product_cat-terra-aquatica-de-2","8":"product_tag-solar-de","9":"product_tag-hydroponische","10":"product_tag-bewasserung","12":"first","13":"outofstock","14":"taxable","15":"shipping-taxable","16":"purchasable","17":"product-type-simple"},"jetpack_sharing_enabled":true,"_links":{"self":[{"href":"https:\/\/growerssupply.eu\/de\/wp-json\/wp\/v2\/product\/5742","targetHints":{"allow":["GET"]}}],"collection":[{"href":"https:\/\/growerssupply.eu\/de\/wp-json\/wp\/v2\/product"}],"about":[{"href":"https:\/\/growerssupply.eu\/de\/wp-json\/wp\/v2\/types\/product"}],"replies":[{"embeddable":true,"href":"https:\/\/growerssupply.eu\/de\/wp-json\/wp\/v2\/comments?post=5742"}],"wp:featuredmedia":[{"embeddable":true,"href":"https:\/\/growerssupply.eu\/de\/wp-json\/wp\/v2\/media\/5425"}],"wp:attachment":[{"href":"https:\/\/growerssupply.eu\/de\/wp-json\/wp\/v2\/media?parent=5742"}],"wp:term":[{"taxonomy":"product_brand","embeddable":true,"href":"https:\/\/growerssupply.eu\/de\/wp-json\/wp\/v2\/product_brand?post=5742"},{"taxonomy":"product_cat","embeddable":true,"href":"https:\/\/growerssupply.eu\/de\/wp-json\/wp\/v2\/product_cat?post=5742"},{"taxonomy":"product_tag","embeddable":true,"href":"https:\/\/growerssupply.eu\/de\/wp-json\/wp\/v2\/product_tag?post=5742"}],"curies":[{"name":"wp","href":"https:\/\/api.w.org\/{rel}","templated":true}]}}