{"id":5743,"date":"2024-03-06T11:40:34","date_gmt":"2024-03-06T10:40:34","guid":{"rendered":"https:\/\/growerssupply.eu\/product\/hydrocloner-27-pflanzen-aeroponische-anzuchtstation-fuer-stecklinge-terra-aquatica-ghe\/"},"modified":"2024-03-06T11:40:34","modified_gmt":"2024-03-06T10:40:34","slug":"hydrocloner-27-pflanzen-aeroponische-anzuchtstation-fuer-stecklinge-terra-aquatica-ghe","status":"publish","type":"product","link":"https:\/\/growerssupply.eu\/de\/produkt\/hydrocloner-27-pflanzen-aeroponische-anzuchtstation-fuer-stecklinge-terra-aquatica-ghe\/","title":{"rendered":"Hydrocloner | 27 Pflanzen | Aeroponische Anzuchtstation f\u00fcr Stecklinge | Terra aquatica (GHE)"},"content":{"rendered":"<h2>aeroponische Anzuchtstation f\u00fcr 27 Pflanzen von Terra aquatica<\/h2>\n<p>Wie der Hydrocloner Spinner 72<\/p>\n<p><strong>  Hydrocloner 272 ist die ideale L\u00f6sung, um gesunde Jungpflanzen mit starken Wurzeln aus Flecken zu ziehen, die sp\u00e4ter in ein anderes Medium wie Hydrokultur oder Erde umgewandelt werden k\u00f6nnen.  <\/strong><\/p>\n<ul>\n<li>Gr\u00f6\u00dfe (cm): L x B x H: 66 x 30 x 14<\/li>\n<li>13 Liter n\u00fctzlicher Inhalt<\/li>\n<li>Netzwerk-T\u00f6pfe: 5 cm<\/li>\n<\/ul>\n<p><strong>  Verwendung des Hydrocloner 27  <\/strong><br \/>\n<span style=\"font-size: large;\"> <span style=\"font-size: medium;\">  , N\u00e4hrl\u00f6sung einf\u00fcllen, Stecklinge direkt mit Flachtonsubstrat in Gittert\u00f6pfe pflanzen und los geht&#8217;s!  <\/span> <\/span><\/p>\n","protected":false},"excerpt":{"rendered":"<ul>\n<li>Erweiterungssystem von Terra Aquatica<\/li>\n<li>Kompakte Aeroponik-Stopfbuchse<\/li>\n<li>Die ideale L\u00f6sung f\u00fcr kleine Z\u00fcchtungsprojekte und Pflanzensammler<\/li>\n<li>f\u00fcr 27 Pflanzen<\/li>\n<\/ul>\n","protected":false},"featured_media":5347,"comment_status":"closed","ping_status":"closed","template":"","meta":[],"product_brand":[],"product_cat":[442,458,508],"product_tag":[510],"class_list":{"0":"post-5743","1":"product","2":"type-product","3":"status-publish","4":"has-post-thumbnail","6":"product_cat-terra-aquatica-ghe-de","7":"product_cat-hydroponik","8":"product_cat-terra-aquatica-de-2","9":"product_tag-terra-aquatica-ghe-de","11":"first","12":"outofstock","13":"taxable","14":"shipping-taxable","15":"purchasable","16":"product-type-simple"},"jetpack_sharing_enabled":true,"_links":{"self":[{"href":"https:\/\/growerssupply.eu\/de\/wp-json\/wp\/v2\/product\/5743","targetHints":{"allow":["GET"]}}],"collection":[{"href":"https:\/\/growerssupply.eu\/de\/wp-json\/wp\/v2\/product"}],"about":[{"href":"https:\/\/growerssupply.eu\/de\/wp-json\/wp\/v2\/types\/product"}],"replies":[{"embeddable":true,"href":"https:\/\/growerssupply.eu\/de\/wp-json\/wp\/v2\/comments?post=5743"}],"wp:featuredmedia":[{"embeddable":true,"href":"https:\/\/growerssupply.eu\/de\/wp-json\/wp\/v2\/media\/5347"}],"wp:attachment":[{"href":"https:\/\/growerssupply.eu\/de\/wp-json\/wp\/v2\/media?parent=5743"}],"wp:term":[{"taxonomy":"product_brand","embeddable":true,"href":"https:\/\/growerssupply.eu\/de\/wp-json\/wp\/v2\/product_brand?post=5743"},{"taxonomy":"product_cat","embeddable":true,"href":"https:\/\/growerssupply.eu\/de\/wp-json\/wp\/v2\/product_cat?post=5743"},{"taxonomy":"product_tag","embeddable":true,"href":"https:\/\/growerssupply.eu\/de\/wp-json\/wp\/v2\/product_tag?post=5743"}],"curies":[{"name":"wp","href":"https:\/\/api.w.org\/{rel}","templated":true}]}}