{"id":5745,"date":"2023-03-27T10:17:56","date_gmt":"2023-03-27T08:17:56","guid":{"rendered":"https:\/\/growerssupply.eu\/product\/terra-aquatica-ghe-ebbgrow-solar\/"},"modified":"2023-03-27T10:17:56","modified_gmt":"2023-03-27T08:17:56","slug":"terra-aquatica-ghe-ebbgrow-solar","status":"publish","type":"product","link":"https:\/\/growerssupply.eu\/de\/produkt\/terra-aquatica-ghe-ebbgrow-solar\/","title":{"rendered":"Terra Aquatica (GHE) &#8211; EBB&amp;GROW\u00ae SOLAR"},"content":{"rendered":"<h1>EBBE WACHSEN SOLAR<\/h1>\n<p><em>Perfekt f\u00fcr Balkone, kleine G\u00e4rten und den Innenbereich, k\u00f6nnen Sie mit dem Ebb&amp;Grow\u00ae Pflanzen in T\u00f6pfen anbauen, aber mit den zus\u00e4tzlichen Vorteilen der Hydrokultur.<\/em><\/p>\n<ul>\n<li>100 l Fassungsverm\u00f6gen des Beh\u00e4lters<\/li>\n<li>Super robuste Konstruktion<\/li>\n<li>Leistungsaufnahme nur 6,5 Watt<\/li>\n<li>Anbau in beliebigen T\u00f6pfen, mit Kokos, Tonkieseln oder Erde.<\/li>\n<\/ul>\n<p>M\u00f6chten Sie zu Hause, bei der Arbeit oder in der Schule hydroponische Kr\u00e4uter und Gem\u00fcse anbauen, aber von der Komplexit\u00e4t der Systeme abgeschreckt? Der Ebb&amp;Grow\u00ae bedeutet, dass Sie jeden beliebigen Topf und fast jedes Substrat verwenden und die Pflanzen nach Belieben bewegen k\u00f6nnen. Kr\u00e4uter vorne und Tomaten und Chilis hinten? Kein Problem.<\/p>\n<p>Alle unsere Hydrokultursysteme sind flexibel, aber das Ebb&amp;Grow\u00ae ist wirklich das anpassungsf\u00e4higste System, das wir je hergestellt haben, und ohne Leckage- oder \u00dcberlaufgefahr, einfache Demontage und Reinigung kann es \u00fcberall dort eingesetzt werden, wo Platz verf\u00fcgbar ist.<\/p>\n<p>Die Terra Aquatica Ebb&amp;Grow\u00ae ist ein &#8222;Ebbe und Flut&#8220;-Design: Ein einfacher Timer (nicht im Lieferumfang enthalten) l\u00e4sst eine Pumpe intermittierend laufen, um die N\u00e4hrl\u00f6sung zum Anbautisch zu bringen, wo sie verbrauchte Luft von den Wurzeln Ihrer Pflanzen sp\u00fclt, sie gie\u00dft und n\u00e4hrt und dann frische Luft ansaugt, w\u00e4hrend das Wasser zur\u00fcck in den Beh\u00e4lter flie\u00dft.<\/p>\n<p>Das System kann bis zu zweiunddrei\u00dfig 15-cm-Kunststofft\u00f6pfe, zweiundzwanzig 1-Gallonen-Stofft\u00f6pfe (3,75 l) oder so viele gr\u00f6\u00dfere T\u00f6pfe aufnehmen, wie Sie auf seiner 88 cm gro\u00dfen quadratischen Wachstumsfl\u00e4che unterbringen k\u00f6nnen, und mit einer H\u00f6he von nur 38 cm sind niedrige Decken kein Problem.<\/p>\n<p>Hergestellt aus dem gleichen extrem haltbaren, UV-blockierenden, 100 % recycelten Kunststoff wie bei allen von Terra Aquatica hergestellten Systemen, haben die geformten Kunststoffteile des Ebb&amp;Grow\u00ae eine lebenslange Garantie* \u2013 einzigartig in der Hydrokulturbranche.<\/p>\n<p>&nbsp;<\/p>\n<p>Mehr Infos von <a title=\"ebbe wachsen solar\" href=\"https:\/\/www.terraaquatica.com\/hydroponics-system\/ebb-html-2\/\" target=\"_blank\" rel=\"noopener\">Terra Aquatica <\/a> <\/p>\n","protected":false},"excerpt":{"rendered":"<h3>EBBE WACHSEN SOLAR<\/h3>\n<p>Perfekt f\u00fcr Balkon<br \/>\nSolarbetriebenes Ebb &amp; Grow System<\/p>\n","protected":false},"featured_media":5541,"comment_status":"open","ping_status":"closed","template":"","meta":[],"product_brand":[],"product_cat":[442,458,508],"product_tag":[432,509,513],"class_list":{"0":"post-5745","1":"product","2":"type-product","3":"status-publish","4":"has-post-thumbnail","6":"product_cat-terra-aquatica-ghe-de","7":"product_cat-hydroponik","8":"product_cat-terra-aquatica-de-2","9":"product_tag-solar-de","10":"product_tag-hydroponische","11":"product_tag-bewasserung","13":"first","14":"outofstock","15":"taxable","16":"shipping-taxable","17":"purchasable","18":"product-type-simple"},"jetpack_sharing_enabled":true,"_links":{"self":[{"href":"https:\/\/growerssupply.eu\/de\/wp-json\/wp\/v2\/product\/5745","targetHints":{"allow":["GET"]}}],"collection":[{"href":"https:\/\/growerssupply.eu\/de\/wp-json\/wp\/v2\/product"}],"about":[{"href":"https:\/\/growerssupply.eu\/de\/wp-json\/wp\/v2\/types\/product"}],"replies":[{"embeddable":true,"href":"https:\/\/growerssupply.eu\/de\/wp-json\/wp\/v2\/comments?post=5745"}],"wp:featuredmedia":[{"embeddable":true,"href":"https:\/\/growerssupply.eu\/de\/wp-json\/wp\/v2\/media\/5541"}],"wp:attachment":[{"href":"https:\/\/growerssupply.eu\/de\/wp-json\/wp\/v2\/media?parent=5745"}],"wp:term":[{"taxonomy":"product_brand","embeddable":true,"href":"https:\/\/growerssupply.eu\/de\/wp-json\/wp\/v2\/product_brand?post=5745"},{"taxonomy":"product_cat","embeddable":true,"href":"https:\/\/growerssupply.eu\/de\/wp-json\/wp\/v2\/product_cat?post=5745"},{"taxonomy":"product_tag","embeddable":true,"href":"https:\/\/growerssupply.eu\/de\/wp-json\/wp\/v2\/product_tag?post=5745"}],"curies":[{"name":"wp","href":"https:\/\/api.w.org\/{rel}","templated":true}]}}