{"id":5748,"date":"2024-02-27T11:44:06","date_gmt":"2024-02-27T10:44:06","guid":{"rendered":"https:\/\/growerssupply.eu\/product\/ghp-knipser-erntemaschinen-garten-highpro\/"},"modified":"2024-02-27T11:44:06","modified_gmt":"2024-02-27T10:44:06","slug":"ghp-knipser-erntemaschinen-garten-highpro","status":"publish","type":"product","link":"https:\/\/growerssupply.eu\/de\/produkt\/ghp-knipser-erntemaschinen-garten-highpro\/","title":{"rendered":"GHP Knipser | Erntemaschinen | Garten HighPro"},"content":{"rendered":"<h2>GHP Knipser &#8211; Garten Highpro ProCut 1-Augen-Schere INOX<\/h2>\n<p>Die GHP ProCut 1-Augen-Schere ist das perfekte Gartenger\u00e4t zum Trimmen Ihrer Kr\u00e4uter. Es ist leicht, einfach zu bedienen und mit einem Federmechanismus ausgestattet, der nur ein sanftes Dr\u00fccken erfordert. Es kehrt dann automatisch in seine urspr\u00fcngliche Position zur\u00fcck.<\/p>\n<h3>Produktinformation<\/h3>\n<ul>\n<li>Ernteschere mit scharfen Klingen aus 100% INOX (Edelstahl)<\/li>\n<li>Komfortable Handhabung<\/li>\n<li>Eingebauter Federmechanismus<\/li>\n<li>Dauerhaft<\/li>\n<\/ul>\n<h3>Inhalt des Pakets<\/h3>\n<ul>\n<li>GHP ProCut 1-Augen-Schere INOX<\/li>\n<\/ul>\n<p>Wir freuen uns, Ihre Bestellung so schnell wie m\u00f6glich zu bearbeiten und zu liefern. Wenn Sie Fragen zur <strong>Ernte<\/strong> haben, z\u00f6gern Sie bitte nicht, uns zu kontaktieren. <strong>Wir sind hier, um Ihnen zu helfen<\/strong>.<\/p>\n","protected":false},"excerpt":{"rendered":"<p>Harvester \u2022 Extra scharfe Klingen aus Edelstahl \u2022 komfortabel in der Anwendung<\/p>\n","protected":false},"featured_media":5374,"comment_status":"closed","ping_status":"closed","template":"","meta":[],"product_brand":[],"product_cat":[409,462,514],"product_tag":[465],"class_list":{"0":"post-5748","1":"product","2":"type-product","3":"status-publish","4":"has-post-thumbnail","6":"product_cat-garden-highpro","7":"product_cat-divers","8":"product_cat-ernte-verarbeitung","9":"product_tag-garten-highpro","11":"first","12":"outofstock","13":"taxable","14":"shipping-taxable","15":"purchasable","16":"product-type-simple"},"jetpack_sharing_enabled":true,"_links":{"self":[{"href":"https:\/\/growerssupply.eu\/de\/wp-json\/wp\/v2\/product\/5748","targetHints":{"allow":["GET"]}}],"collection":[{"href":"https:\/\/growerssupply.eu\/de\/wp-json\/wp\/v2\/product"}],"about":[{"href":"https:\/\/growerssupply.eu\/de\/wp-json\/wp\/v2\/types\/product"}],"replies":[{"embeddable":true,"href":"https:\/\/growerssupply.eu\/de\/wp-json\/wp\/v2\/comments?post=5748"}],"wp:featuredmedia":[{"embeddable":true,"href":"https:\/\/growerssupply.eu\/de\/wp-json\/wp\/v2\/media\/5374"}],"wp:attachment":[{"href":"https:\/\/growerssupply.eu\/de\/wp-json\/wp\/v2\/media?parent=5748"}],"wp:term":[{"taxonomy":"product_brand","embeddable":true,"href":"https:\/\/growerssupply.eu\/de\/wp-json\/wp\/v2\/product_brand?post=5748"},{"taxonomy":"product_cat","embeddable":true,"href":"https:\/\/growerssupply.eu\/de\/wp-json\/wp\/v2\/product_cat?post=5748"},{"taxonomy":"product_tag","embeddable":true,"href":"https:\/\/growerssupply.eu\/de\/wp-json\/wp\/v2\/product_tag?post=5748"}],"curies":[{"name":"wp","href":"https:\/\/api.w.org\/{rel}","templated":true}]}}