{"id":5751,"date":"2024-03-01T15:02:57","date_gmt":"2024-03-01T14:02:57","guid":{"rendered":"https:\/\/growerssupply.eu\/product\/biotabs-guerilla-tabs-20-tabletten\/"},"modified":"2024-03-01T15:02:57","modified_gmt":"2024-03-01T14:02:57","slug":"biotabs-guerilla-tabs-20-tabletten","status":"publish","type":"product","link":"https:\/\/growerssupply.eu\/de\/produkt\/biotabs-guerilla-tabs-20-tabletten\/","title":{"rendered":"BioTabs | Guerilla-Tabs | 20 Tabletten"},"content":{"rendered":"<h2>Biotabs Guerilla Tabs 20 St\u00fcck &#8211; D\u00fcngertabletten f\u00fcr den Au\u00dfenbereich<\/h2>\n<p>Guerilla-Tabs setzen langsam organische D\u00fcngertabletten frei, die den Boden mit mikrobiologischer Aktivit\u00e4t konditionieren und gleichzeitig d\u00fcngen.<\/p>\n<ul>\n<li>10 g Bodenkonditionierungstabletten (NPK: 15-7-8)<\/li>\n<li>Geeignet f\u00fcr <strong> Topfpflanzen <\/strong> oder <strong> direkt in der Erde (Outdoor) <\/strong> Pflanzen.<\/li>\n<li>F\u00fcr Pflanzen, die direkt in die Erde gesetzt werden: Verwenden Sie 4 Tabletten pro Pflanze.<\/li>\n<li>Legen Sie die Laschen einfach 5 cm tief unter die Bodenfl\u00e4che und bew\u00e4ssern Sie sie wie gewohnt.<\/li>\n<\/ul>\n<h3>Empfohlene Anwendung<\/h3>\n<p><u>  innen  <\/u><\/p>\n<ul>\n<li>4 Guerilla Tabs Pro 10L Beh\u00e4lter<\/li>\n<li>6 Guerilla Tabs Pro 20L Beh\u00e4lter<\/li>\n<li>8 Guerilla-Tabs pro 30l-Beh\u00e4lter<\/li>\n<\/ul>\n<ul>\n<li>2 Guerilla-Tabs f\u00fcr 5l Blumenerde<\/li>\n<\/ul>\n<p><u>  im Freien  <\/u><\/p>\n<ul>\n<li>4 Guerilla-Tabs pro Pflanze<\/li>\n<\/ul>\n<p>F\u00fcr optimale Ergebnisse <strong> kombinieren Sie <\/strong> Guerilla-Tabs mit <strong> n\u00fctzlichen Bodenbakterien und Mykorrhizpilzen <\/strong> wie <strong> Bactrex und Mycotrex <\/strong> <\/p>\n<h3>Lieferumfang<\/h3>\n<ul>\n<li>1x Biotabs Guerilla Tabs 20 St\u00fcck<\/li>\n<\/ul>\n","protected":false},"excerpt":{"rendered":"<ul>\n<li>Langsame Freisetzung von 100% organischen D\u00fcngertabletten (NPK: 15-7-8)<\/li>\n<li>n\u00fctzliche Rhizo-Bakterien<\/li>\n<li>Bei der Verwendung von Guerilla-Tabs ist es nicht notwendig, den pH- oder EC-Wert einzustellen<\/li>\n<\/ul>\n","protected":false},"featured_media":5295,"comment_status":"closed","ping_status":"closed","template":"","meta":[],"product_brand":[],"product_cat":[440,515],"product_tag":[448,517,518,569],"class_list":{"0":"post-5751","1":"product","2":"type-product","3":"status-publish","4":"has-post-thumbnail","6":"product_cat-duengemittel","7":"product_cat-biotabs-de","8":"product_tag-duenger","9":"product_tag-lebendiger-boden-de","10":"product_tag-biotabs-de","11":"product_tag-organisch","13":"first","14":"outofstock","15":"taxable","16":"shipping-taxable","17":"purchasable","18":"product-type-simple"},"jetpack_sharing_enabled":true,"_links":{"self":[{"href":"https:\/\/growerssupply.eu\/de\/wp-json\/wp\/v2\/product\/5751","targetHints":{"allow":["GET"]}}],"collection":[{"href":"https:\/\/growerssupply.eu\/de\/wp-json\/wp\/v2\/product"}],"about":[{"href":"https:\/\/growerssupply.eu\/de\/wp-json\/wp\/v2\/types\/product"}],"replies":[{"embeddable":true,"href":"https:\/\/growerssupply.eu\/de\/wp-json\/wp\/v2\/comments?post=5751"}],"wp:featuredmedia":[{"embeddable":true,"href":"https:\/\/growerssupply.eu\/de\/wp-json\/wp\/v2\/media\/5295"}],"wp:attachment":[{"href":"https:\/\/growerssupply.eu\/de\/wp-json\/wp\/v2\/media?parent=5751"}],"wp:term":[{"taxonomy":"product_brand","embeddable":true,"href":"https:\/\/growerssupply.eu\/de\/wp-json\/wp\/v2\/product_brand?post=5751"},{"taxonomy":"product_cat","embeddable":true,"href":"https:\/\/growerssupply.eu\/de\/wp-json\/wp\/v2\/product_cat?post=5751"},{"taxonomy":"product_tag","embeddable":true,"href":"https:\/\/growerssupply.eu\/de\/wp-json\/wp\/v2\/product_tag?post=5751"}],"curies":[{"name":"wp","href":"https:\/\/api.w.org\/{rel}","templated":true}]}}