{"id":5752,"date":"2024-03-01T15:02:57","date_gmt":"2024-03-01T14:02:57","guid":{"rendered":"https:\/\/growerssupply.eu\/product\/biotabs-saatstopfen-anbauwuerfel-fuer-samen-12-stk\/"},"modified":"2024-03-01T15:02:57","modified_gmt":"2024-03-01T14:02:57","slug":"biotabs-saatstopfen-anbauwuerfel-fuer-samen-12-stk","status":"publish","type":"product","link":"https:\/\/growerssupply.eu\/de\/produkt\/biotabs-saatstopfen-anbauwuerfel-fuer-samen-12-stk\/","title":{"rendered":"BioTabs | Saatstopfen | Anbauw\u00fcrfel f\u00fcr Samen | 12 STK."},"content":{"rendered":"<h2>Biotafs Seedplugs &#8211; Bio-Zuchtschale f\u00fcr Saatgut<\/h2>\n<p>Geben Sie Ihrem Saatgut den bestm\u00f6glichen Start mit den neuen Biotabs Seedplugs. Bestehend aus einer Schale mit <strong> 12 Zellen <\/strong> und einer <strong> Bio-Startermischung <\/strong>!<\/p>\n<p>Die Starter-Mix-L\u00f6sung ist wasserl\u00f6slich f\u00fcr eine einfache Sp\u00fclung und enth\u00e4lt unsere <strong> n\u00fctzlichen Bactrex-Bakterien <\/strong>, die <strong> Mycotrex-Mykorrhiza-Poren <\/strong> und ein sehr <strong> wertvolles Meersalz <\/strong> &lt; \/P&gt;<\/p>\n<p>Diese unschlagbare Kombination von Mikroorganismen  <strong>  f\u00f6rdert das Wachstum gesunder Wurzeln von Anfang an und tr\u00e4gt so zu einem gr\u00f6\u00dferen Wurzelvolumen bei. Gleichzeitig tr\u00e4gt dies dazu bei, den <strong> Schutz <\/strong> der S\u00e4mlinge <strong> vor Krankheitserregern <\/strong> zu gew\u00e4hrleisten und die Aufnahme von N\u00e4hrstoffen f\u00fcr ein schnelles und gesundes Wachstum zu maximieren.  <\/strong><\/p>\n<h3>Lieferumfang<\/h3>\n<ul>\n<li>1x Biotabs Seedplugs<\/li>\n<li>1x N\u00e4hrl\u00f6sung f\u00fcr den Start<\/li>\n<\/ul>\n","protected":false},"excerpt":{"rendered":"<ul>\n<li>f\u00fcr die organischen Keime von Saatgut<\/li>\n<\/ul>\n","protected":false},"featured_media":5301,"comment_status":"closed","ping_status":"closed","template":"","meta":[],"product_brand":[],"product_cat":[440,515],"product_tag":[569,448,517,518],"class_list":{"0":"post-5752","1":"product","2":"type-product","3":"status-publish","4":"has-post-thumbnail","6":"product_cat-duengemittel","7":"product_cat-biotabs-de","8":"product_tag-organisch","9":"product_tag-duenger","10":"product_tag-lebendiger-boden-de","11":"product_tag-biotabs-de","13":"first","14":"outofstock","15":"taxable","16":"shipping-taxable","17":"purchasable","18":"product-type-simple"},"jetpack_sharing_enabled":true,"_links":{"self":[{"href":"https:\/\/growerssupply.eu\/de\/wp-json\/wp\/v2\/product\/5752","targetHints":{"allow":["GET"]}}],"collection":[{"href":"https:\/\/growerssupply.eu\/de\/wp-json\/wp\/v2\/product"}],"about":[{"href":"https:\/\/growerssupply.eu\/de\/wp-json\/wp\/v2\/types\/product"}],"replies":[{"embeddable":true,"href":"https:\/\/growerssupply.eu\/de\/wp-json\/wp\/v2\/comments?post=5752"}],"wp:featuredmedia":[{"embeddable":true,"href":"https:\/\/growerssupply.eu\/de\/wp-json\/wp\/v2\/media\/5301"}],"wp:attachment":[{"href":"https:\/\/growerssupply.eu\/de\/wp-json\/wp\/v2\/media?parent=5752"}],"wp:term":[{"taxonomy":"product_brand","embeddable":true,"href":"https:\/\/growerssupply.eu\/de\/wp-json\/wp\/v2\/product_brand?post=5752"},{"taxonomy":"product_cat","embeddable":true,"href":"https:\/\/growerssupply.eu\/de\/wp-json\/wp\/v2\/product_cat?post=5752"},{"taxonomy":"product_tag","embeddable":true,"href":"https:\/\/growerssupply.eu\/de\/wp-json\/wp\/v2\/product_tag?post=5752"}],"curies":[{"name":"wp","href":"https:\/\/api.w.org\/{rel}","templated":true}]}}