{"id":5754,"date":"2024-03-01T15:02:57","date_gmt":"2024-03-01T14:02:57","guid":{"rendered":"https:\/\/growerssupply.eu\/product\/biotabs-starterpaket-lebendiger-boden\/"},"modified":"2025-08-01T00:00:02","modified_gmt":"2025-07-31T22:00:02","slug":"biotabs-starterpaket-lebendiger-boden","status":"publish","type":"product","link":"https:\/\/growerssupply.eu\/de\/produkt\/biotabs-starterpaket-lebendiger-boden\/","title":{"rendered":"BioTabs | Starterpaket | Lebendiger Boden"},"content":{"rendered":"<h2>Biotabs Starterpaket &#8211; Bio-Komplettset<\/h2>\n<p>Wenn Sie sich f\u00fcr <strong> 100% biologischen Anbau <\/strong>entscheiden, ist es wichtig, Ihren Boden mit einer reichhaltigen Mischung aus <strong> n\u00fctzlichen Bakterien und Mikroorganismen <\/strong>vorzubereiten. Unser Starterpaket enth\u00e4lt alle <strong> N\u00e4hrstoffe und Bodenverbesserungen <\/strong> , die Sie f\u00fcr eine florierende, erfolgreiche und 100% biologische Erweiterung ben\u00f6tigen. Die beigef\u00fcgte Menge <strong> reicht von 5 bis 10 Pflanzen <\/strong>, je nach verwendeter Topfgr\u00f6\u00dfe.<\/p>\n<p>Die Methode besteht darin, das Substrat mit den Biotabs-Produkten in den angegebenen Mengen zu verwenden und den gleichen Vorgang jedes Mal zu wiederholen, wenn die Pflanze in einen neuen Topf umgepflanzt wird. Die Formel ist so einfach, dass Sie nur Wasser hinzuf\u00fcgen m\u00fcssen!<\/p>\n<h2>Was ist im Biotabs Starterpack enthalten?<\/h2>\n<ul>\n<li>Batrex 25g<\/li>\n<li>Mycotrex 50g<\/li>\n<li>Biotabs 10 Tabletten<\/li>\n<li>Orgatrex 250ml<\/li>\n<li>Startrex 250g<\/li>\n<\/ul>\n<h3>Lieferumfang<\/h3>\n<ul>\n<li>1x Biotabs Starterpack<\/li>\n<\/ul>\n","protected":false},"excerpt":{"rendered":"<ul>\n<li>Reicht f\u00fcr 5 bis 10 Pflanzen, je nach verwendeter Topfgr\u00f6\u00dfe<\/li>\n<li>Weniger Arbeit, bessere Bio-Ertr\u00e4ge<\/li>\n<li>Lassen Sie die Arbeit der Natur &#8211; 100% biologisch<\/li>\n<\/ul>\n","protected":false},"featured_media":5283,"comment_status":"closed","ping_status":"closed","template":"","meta":[],"product_brand":[],"product_cat":[440,515],"product_tag":[448,517,518,569],"class_list":{"0":"post-5754","1":"product","2":"type-product","3":"status-publish","4":"has-post-thumbnail","6":"product_cat-duengemittel","7":"product_cat-biotabs-de","8":"product_tag-duenger","9":"product_tag-lebendiger-boden-de","10":"product_tag-biotabs-de","11":"product_tag-organisch","13":"first","14":"outofstock","15":"taxable","16":"shipping-taxable","17":"purchasable","18":"product-type-simple"},"jetpack_sharing_enabled":true,"_links":{"self":[{"href":"https:\/\/growerssupply.eu\/de\/wp-json\/wp\/v2\/product\/5754","targetHints":{"allow":["GET"]}}],"collection":[{"href":"https:\/\/growerssupply.eu\/de\/wp-json\/wp\/v2\/product"}],"about":[{"href":"https:\/\/growerssupply.eu\/de\/wp-json\/wp\/v2\/types\/product"}],"replies":[{"embeddable":true,"href":"https:\/\/growerssupply.eu\/de\/wp-json\/wp\/v2\/comments?post=5754"}],"wp:featuredmedia":[{"embeddable":true,"href":"https:\/\/growerssupply.eu\/de\/wp-json\/wp\/v2\/media\/5283"}],"wp:attachment":[{"href":"https:\/\/growerssupply.eu\/de\/wp-json\/wp\/v2\/media?parent=5754"}],"wp:term":[{"taxonomy":"product_brand","embeddable":true,"href":"https:\/\/growerssupply.eu\/de\/wp-json\/wp\/v2\/product_brand?post=5754"},{"taxonomy":"product_cat","embeddable":true,"href":"https:\/\/growerssupply.eu\/de\/wp-json\/wp\/v2\/product_cat?post=5754"},{"taxonomy":"product_tag","embeddable":true,"href":"https:\/\/growerssupply.eu\/de\/wp-json\/wp\/v2\/product_tag?post=5754"}],"curies":[{"name":"wp","href":"https:\/\/api.w.org\/{rel}","templated":true}]}}