{"id":5757,"date":"2024-03-01T15:02:57","date_gmt":"2024-03-01T14:02:57","guid":{"rendered":"https:\/\/growerssupply.eu\/product\/biotabs-boom-boom-spray-100ml\/"},"modified":"2025-09-03T15:56:51","modified_gmt":"2025-09-03T13:56:51","slug":"biotabs-boom-boom-spray-100ml","status":"publish","type":"product","link":"https:\/\/growerssupply.eu\/de\/produkt\/biotabs-boom-boom-spray-100ml\/","title":{"rendered":"BioTabs | Boom Boom Spray | 100ml"},"content":{"rendered":"<h2>Biotabs Auslegerspray &#8211; Bio-Pflanzenspray zur Biostimulation<\/h2>\n<p><strong>  Das Biotabs Auslegerspray hilft auf 3 verschiedene Arten!  <\/strong><\/p>\n<h3>1. Anti-Stress-Effekt<\/h3>\n<p>Das Gest\u00e4nge-Gest\u00e4nge-Spray hilft Pflanzen, Stress zu \u00fcberwinden, der durch extreme K\u00e4lte, extreme Hitze, wenig Licht, Austrocknung oder Zugluft verursacht wird.<\/p>\n<h3>2. N\u00e4hrstoff-Schub<\/h3>\n<p>Die Pflanzen erhalten einen Stickstoffschub, der vor allem in der ersten Wachstumsphase gl\u00e4nzende, dunkelgr\u00fcne Bl\u00e4tter erzeugt. Dies erh\u00f6ht die Photosynthesekapazit\u00e4t der Pflanze.<\/p>\n<h3>3. St\u00e4rkung<\/h3>\n<p>Der Biostimulator stimuliert die Produktivit\u00e4t, das Pflanzenwachstum und die Aufnahme von Mineralien.<\/p>\n<h2>Gebrauchsanweisung<\/h2>\n<p><strong>  5ml Gest\u00e4nge-Gest\u00e4nge-Spray in 1 Liter Wasser. Spr\u00fchen Sie die L\u00f6sung von 5 ml pro Liter Wasser. F\u00fcr die besten Ergebnisse sofort nach dem Einschalten der Beleuchtung verwenden.<\/strong><\/p>\n<ul>\n<li>Mutterpflanzen. Bespr\u00fchen Sie die Pflanzen 2 Tage vor der Herstellung der Stecklinge.<\/li>\n<li>Bohrgut. Setzen Sie die Stecklinge zwei Tage nach ihrer Bewurzelung an.<\/li>\n<li>beim Umtopfen. Bespr\u00fchen Sie die Pflanzen sofort nach dem Umpflanzen.<\/li>\n<li>Produktionsanlagen. Bespr\u00fchen Sie die Pflanzen einmal pro Woche w\u00e4hrend der Wachstumsphase und in den ersten zwei Wochen der Bl\u00fcte.<\/li>\n<li>gestresste Pflanzen. Bespr\u00fchen Sie die Pflanzen einmal und wiederholen Sie dies bei Bedarf nach einem 5-t\u00e4gigen Prozess.<\/li>\n<\/ul>\n<p><u> <em> <strong>  Nicht \u00fcberdosieren!  <\/strong> <\/em> <\/u><\/p>\n<ul>\n<li>Boomboom Spray wird sehr schnell von den Bl\u00e4ttern aufgenommen. Die <strong> Wirkung <\/strong> setzt ca. <strong> 2 Stunden nach dem Spr\u00fchen <\/strong>ein.<\/li>\n<li>Kann mit allen Marken und D\u00fcngeprogrammen verwendet werden: organisch, biomineralisch oder chemisch. F\u00fcr Erde, Kokosnuss und Hydrokulturen.<br \/>\nDie zubereitete L\u00f6sung sollte innerhalb von 6 Stunden verwendet werden.<\/li>\n<li>Nach Gebrauch sollte das Pflanzenspray gr\u00fcndlich mit Wasser gesp\u00fclt werden.<\/li>\n<li>Boomboom Spray ist sicher f\u00fcr Pflanzen, Tiere und Menschen.<\/li>\n<li>An einem k\u00fchlen, trockenen Ort au\u00dferhalb der Reichweite von Kindern aufbewahren.<\/li>\n<li>Gem\u00e4\u00df der EU-Verordnung 889\/2008 kann Boomboom Boom Boom Spray im \u00f6kologischen Landbau eingesetzt werden.<\/li>\n<\/ul>\n<h3>Zusammensetzung<\/h3>\n<ul>\n<li>Bio-Tr\u00e4ger 45%<\/li>\n<li>organischer Stickstoff (s) 5%<\/li>\n<li>l\u00f6sliche Peptide &amp; Pflanzliche Aminos\u00e4uren 30%<\/li>\n<li>Gluzid 10%<\/li>\n<\/ul>\n<h3>Lieferumfang<\/h3>\n<ul>\n<li>1x Biotabs Ausleger Spray 100ml<\/li>\n<\/ul>\n","protected":false},"excerpt":{"rendered":"<p>Bio-Pflanzenspray zur Biostimulation<\/p>\n<ul>\n<li>100% vegan<\/li>\n<li>100% biorganisches Pflanzenspray<\/li>\n<li>100% nat\u00fcrliche Aminos\u00e4uren, Peptide, Glucoside und Mineralien<\/li>\n<\/ul>\n","protected":false},"featured_media":5281,"comment_status":"closed","ping_status":"closed","template":"","meta":[],"product_brand":[],"product_cat":[440,515],"product_tag":[448,517,518,569],"class_list":{"0":"post-5757","1":"product","2":"type-product","3":"status-publish","4":"has-post-thumbnail","6":"product_cat-duengemittel","7":"product_cat-biotabs-de","8":"product_tag-duenger","9":"product_tag-lebendiger-boden-de","10":"product_tag-biotabs-de","11":"product_tag-organisch","13":"first","14":"instock","15":"taxable","16":"shipping-taxable","17":"purchasable","18":"product-type-simple"},"jetpack_sharing_enabled":true,"_links":{"self":[{"href":"https:\/\/growerssupply.eu\/de\/wp-json\/wp\/v2\/product\/5757","targetHints":{"allow":["GET"]}}],"collection":[{"href":"https:\/\/growerssupply.eu\/de\/wp-json\/wp\/v2\/product"}],"about":[{"href":"https:\/\/growerssupply.eu\/de\/wp-json\/wp\/v2\/types\/product"}],"replies":[{"embeddable":true,"href":"https:\/\/growerssupply.eu\/de\/wp-json\/wp\/v2\/comments?post=5757"}],"wp:featuredmedia":[{"embeddable":true,"href":"https:\/\/growerssupply.eu\/de\/wp-json\/wp\/v2\/media\/5281"}],"wp:attachment":[{"href":"https:\/\/growerssupply.eu\/de\/wp-json\/wp\/v2\/media?parent=5757"}],"wp:term":[{"taxonomy":"product_brand","embeddable":true,"href":"https:\/\/growerssupply.eu\/de\/wp-json\/wp\/v2\/product_brand?post=5757"},{"taxonomy":"product_cat","embeddable":true,"href":"https:\/\/growerssupply.eu\/de\/wp-json\/wp\/v2\/product_cat?post=5757"},{"taxonomy":"product_tag","embeddable":true,"href":"https:\/\/growerssupply.eu\/de\/wp-json\/wp\/v2\/product_tag?post=5757"}],"curies":[{"name":"wp","href":"https:\/\/api.w.org\/{rel}","templated":true}]}}