{"id":5758,"date":"2024-03-01T15:02:57","date_gmt":"2024-03-01T14:02:57","guid":{"rendered":"https:\/\/growerssupply.eu\/product\/biotabs-startrex-5000g\/"},"modified":"2024-03-01T15:02:57","modified_gmt":"2024-03-01T14:02:57","slug":"biotabs-startrex-5000g","status":"publish","type":"product","link":"https:\/\/growerssupply.eu\/de\/produkt\/biotabs-startrex-5000g\/","title":{"rendered":"BioTabs | Startrex | 5000g"},"content":{"rendered":"<h2>Biotabs startrex &#8211; Bodenverbesserung<\/h2>\n<p>F\u00fcr <strong> Erde und Kokosnuss <\/strong> ist ein Startrex ein <strong> Bodenverbesserer <\/strong> und <strong> organischer D\u00fcnger <\/strong> mit einem <strong> hohen Gehalt an probiotischen Bakterien <\/strong>.<\/p>\n<ul>\n<li>zertifizierter 100% organischer D\u00fcnger (NPK: 3-1-2)<\/li>\n<li>100% organische Bodenverbesserung<\/li>\n<li>erweckt den Boden wieder zum Leben<\/li>\n<li>hoher Gehalt an probiotischen Bakterien<\/li>\n<li>enth\u00e4lt Silizium (Si) und Fulvins\u00e4ure<\/li>\n<li>f\u00fcr Topf- und Bodenpflanzen<\/li>\n<li>f\u00fcr den Innen- und Au\u00dfenanbau<\/li>\n<\/ul>\n<p>BIOTABS STARTREX kann mit <strong> allen Arten <\/strong> von Blumen, Gem\u00fcse, Kr\u00e4utern und zum Pflanzen von B\u00e4umen und Str\u00e4uchern verwendet werden.<\/p>\n<p>Startrex enth\u00e4lt eine Vielzahl von <strong> Bodenbakterien <\/strong>, die unmittelbar zur <strong> Bodenverbesserung <\/strong> beitragen und f\u00fcr eine bessere Aufnahme organischer D\u00fcngemittel sorgen . Die meisten Blumenerden werden sterilisiert, um Unkrautsamen und Keime abzut\u00f6ten. Dadurch werden alle n\u00fctzlichen Bodenbakterien und Pilze abget\u00f6tet. Das bedeutet leider, dass neue Bodenorganismen lange brauchen, um sich in der Erde zu etablieren und sie zum Leben zu erwecken. Wenn Sie Ihre Blumenerde mit Startrex mischen, k\u00f6nnen Sie daf\u00fcr sorgen, dass die Erde sofort erwacht und Ihre Pflanzen schneller Wurzeln schlagen k\u00f6nnen.<\/p>\n<p>&nbsp;<\/p>\n<ul>\n<li><strong>  2 Essl\u00f6ffel (25 g) mit 5 Litern Blumentopf oder Kokosnuss mischen  <\/strong><\/li>\n<\/ul>\n<p>&nbsp;<\/p>\n<p>Die 3 wichtigsten Bestandteile von Startrex sind <strong> Fulvos\u00e4uren, Hummus und Silizium <\/strong>. Fulvos\u00e4ure ist der Haupttransporter der Natur. Es gelangt in die Zellstruktur der Pflanze und liefert so N\u00e4hrstoffe direkt in die Zellen.<\/p>\n<h3>Lieferumfang<\/h3>\n<ul>\n<li>1x Biotabs Startrex 5000G<\/li>\n<\/ul>\n","protected":false},"excerpt":{"rendered":"<ul>\n<li>100% organisches Bodenverbesserungsmittel (NPK: 3-1-2)<\/li>\n<li>hoher Gehalt an probiotischen Bakterien<\/li>\n<li>Enth\u00e4lt Silizium (Si) &amp; Fulvos\u00e4ure<\/li>\n<li>erweckt Ihren alten Boden wieder!<\/li>\n<\/ul>\n","protected":false},"featured_media":5297,"comment_status":"closed","ping_status":"closed","template":"","meta":[],"product_brand":[],"product_cat":[440,515],"product_tag":[448,517,518,569],"class_list":{"0":"post-5758","1":"product","2":"type-product","3":"status-publish","4":"has-post-thumbnail","6":"product_cat-duengemittel","7":"product_cat-biotabs-de","8":"product_tag-duenger","9":"product_tag-lebendiger-boden-de","10":"product_tag-biotabs-de","11":"product_tag-organisch","13":"first","14":"outofstock","15":"taxable","16":"shipping-taxable","17":"purchasable","18":"product-type-simple"},"jetpack_sharing_enabled":true,"_links":{"self":[{"href":"https:\/\/growerssupply.eu\/de\/wp-json\/wp\/v2\/product\/5758","targetHints":{"allow":["GET"]}}],"collection":[{"href":"https:\/\/growerssupply.eu\/de\/wp-json\/wp\/v2\/product"}],"about":[{"href":"https:\/\/growerssupply.eu\/de\/wp-json\/wp\/v2\/types\/product"}],"replies":[{"embeddable":true,"href":"https:\/\/growerssupply.eu\/de\/wp-json\/wp\/v2\/comments?post=5758"}],"wp:featuredmedia":[{"embeddable":true,"href":"https:\/\/growerssupply.eu\/de\/wp-json\/wp\/v2\/media\/5297"}],"wp:attachment":[{"href":"https:\/\/growerssupply.eu\/de\/wp-json\/wp\/v2\/media?parent=5758"}],"wp:term":[{"taxonomy":"product_brand","embeddable":true,"href":"https:\/\/growerssupply.eu\/de\/wp-json\/wp\/v2\/product_brand?post=5758"},{"taxonomy":"product_cat","embeddable":true,"href":"https:\/\/growerssupply.eu\/de\/wp-json\/wp\/v2\/product_cat?post=5758"},{"taxonomy":"product_tag","embeddable":true,"href":"https:\/\/growerssupply.eu\/de\/wp-json\/wp\/v2\/product_tag?post=5758"}],"curies":[{"name":"wp","href":"https:\/\/api.w.org\/{rel}","templated":true}]}}