{"id":5760,"date":"2024-03-01T15:02:57","date_gmt":"2024-03-01T14:02:57","guid":{"rendered":"https:\/\/growerssupply.eu\/product\/biotabs-bactrex-50g\/"},"modified":"2024-03-01T15:02:57","modified_gmt":"2024-03-01T14:02:57","slug":"biotabs-bactrex-50g","status":"publish","type":"product","link":"https:\/\/growerssupply.eu\/de\/produkt\/biotabs-bactrex-50g\/","title":{"rendered":"BioTabs | Bactrex | 50g"},"content":{"rendered":"<h2>Bio&#8217;tabs Bactrex &#8211; Interpretierbarkeit der organischen Bodenfruchtbarkeit<\/h2>\n<p>Bactrex kann verwendet werden, um k\u00fcrzlich bewurzelte Stecklinge oder gekeimte Samen vor Krankheitserregern, einschlie\u00dflich Pythium, zu sch\u00fctzen. Verwenden Sie <strong> einen bemalten Teel\u00f6ffel pro Liter Wasser <\/strong>. Mit einem Liter k\u00f6nnen bis zu 50 Stecklinge oder S\u00e4mlinge behandelt werden.<\/p>\n<p>Geeignet f\u00fcr <strong> Erde oder Kokosnuss <\/strong>, Innen- und Au\u00dfenanbau, sowohl in T\u00f6pfen als auch in der offenen Erde.<\/p>\n<p>Bactrex ist ein <strong> trockenes, wasserl\u00f6sliches Pulver mit einer gro\u00dfen Anzahl n\u00fctzlicher Boden- und Wurzelmikroben <\/strong> (darunter 6 St\u00e4mme von Bacillus Spp.), Trichoderma-Pilzen und Actinomyceten. Diese wurden vor allem wegen ihrer positiven Auswirkungen auf die Bodenstruktur und Fruchtbarkeit ausgew\u00e4hlt. Diese spezialisierten Wurzelbakterien sind in l\u00f6slichem Yucca-Extrakt mit organischen Katalysatoren &#8222;enthalten&#8220;, um eine schnelle Ausbreitung und ein schnelles Wachstum der Wurzelzone zu gew\u00e4hrleisten.<\/p>\n<p>Neben den n\u00fctzlichen Bodenbakterien enth\u00e4lt BACTREX auch <strong> verschiedene wirksame St\u00e4mme von Trichoderma <\/strong>.<\/p>\n<p>Trichoderma ist eine Pilzart, die f\u00fcr bestimmte andere Pilze sch\u00e4dlich ist, einschlie\u00dflich Pilze, die bei einigen Pflanzen Krankheiten verursachen. Aus diesem Grund sollten Trichodermatten immer unmittelbar nach der Aussaat oder Pflanzung als &#8222;Bodenimpfung&#8220; verwendet werden, damit sie sch\u00e4dliche Pilze vertreiben k\u00f6nnen, bevor sie Krankheiten verursachen k\u00f6nnen. Bactrex enth\u00e4lt 8 verschiedene Bakterien, Schimmelpilze der Gattung Trichoderma und Humins\u00e4ure.<\/p>\n<p>Bactrex ist ein lebendiges Produkt. Nach dem Aufl\u00f6sen in Wasser muss die <strong> L\u00f6sung innerhalb von 6 Stunden aufgetragen werden. <\/strong> <\/p>\n<p>Nicht mehr als der angegebene Betrag.<\/p>\n<h3>Lieferumfang<\/h3>\n<ul>\n<li>1x Biotabs Bactrex 50g<\/li>\n<\/ul>\n","protected":false},"excerpt":{"rendered":"<ul>\n<li>hat n\u00fctzliche Bodenbakterien f\u00fcr das Wurzelsystem<\/li>\n<li>enth\u00e4lt Schimmelpilzsporen der Gattung Trichoderma<\/li>\n<li>bietet Schutz vor wurzelpathogenen<\/li>\n<li>wandelt organische Substanz in N\u00e4hrstoffe um<\/li>\n<li>100% biologisch<\/li>\n<\/ul>\n","protected":false},"featured_media":5287,"comment_status":"closed","ping_status":"closed","template":"","meta":[],"product_brand":[],"product_cat":[440,515],"product_tag":[448,517,518,569],"class_list":{"0":"post-5760","1":"product","2":"type-product","3":"status-publish","4":"has-post-thumbnail","6":"product_cat-duengemittel","7":"product_cat-biotabs-de","8":"product_tag-duenger","9":"product_tag-lebendiger-boden-de","10":"product_tag-biotabs-de","11":"product_tag-organisch","13":"first","14":"outofstock","15":"taxable","16":"shipping-taxable","17":"purchasable","18":"product-type-simple"},"jetpack_sharing_enabled":true,"_links":{"self":[{"href":"https:\/\/growerssupply.eu\/de\/wp-json\/wp\/v2\/product\/5760","targetHints":{"allow":["GET"]}}],"collection":[{"href":"https:\/\/growerssupply.eu\/de\/wp-json\/wp\/v2\/product"}],"about":[{"href":"https:\/\/growerssupply.eu\/de\/wp-json\/wp\/v2\/types\/product"}],"replies":[{"embeddable":true,"href":"https:\/\/growerssupply.eu\/de\/wp-json\/wp\/v2\/comments?post=5760"}],"wp:featuredmedia":[{"embeddable":true,"href":"https:\/\/growerssupply.eu\/de\/wp-json\/wp\/v2\/media\/5287"}],"wp:attachment":[{"href":"https:\/\/growerssupply.eu\/de\/wp-json\/wp\/v2\/media?parent=5760"}],"wp:term":[{"taxonomy":"product_brand","embeddable":true,"href":"https:\/\/growerssupply.eu\/de\/wp-json\/wp\/v2\/product_brand?post=5760"},{"taxonomy":"product_cat","embeddable":true,"href":"https:\/\/growerssupply.eu\/de\/wp-json\/wp\/v2\/product_cat?post=5760"},{"taxonomy":"product_tag","embeddable":true,"href":"https:\/\/growerssupply.eu\/de\/wp-json\/wp\/v2\/product_tag?post=5760"}],"curies":[{"name":"wp","href":"https:\/\/api.w.org\/{rel}","templated":true}]}}