{"id":5761,"date":"2024-03-01T15:02:57","date_gmt":"2024-03-01T14:02:57","guid":{"rendered":"https:\/\/growerssupply.eu\/product\/biotabs-guerilla-kiste\/"},"modified":"2024-03-01T15:02:57","modified_gmt":"2024-03-01T14:02:57","slug":"biotabs-guerilla-kiste","status":"publish","type":"product","link":"https:\/\/growerssupply.eu\/de\/produkt\/biotabs-guerilla-kiste\/","title":{"rendered":"BioTabs | Guerilla-Kiste"},"content":{"rendered":"<h2>Guerilla Box &#8211; Guerilla Tabs und Guerilla Tabs<\/h2>\n<p>Organischer <strong> Langzeitd\u00fcnger <\/strong> in <strong> Tablettenform, L\u00f6sung und n\u00fctzlichen Bakterien <\/strong>.<\/p>\n<ul>\n<li>f\u00fcr den Feldanbau (Guerilla).<\/li>\n<li>f\u00fcr 5 gro\u00dfe Pflanzen.<\/li>\n<li>Weniger Arbeit, mehr Ertrag.<\/li>\n<li>Lassen Sie die Natur f\u00fcr sich arbeiten.<\/li>\n<\/ul>\n<p>Mit der Guerrilla Box holst du das Beste aus deinen Pflanzen heraus, nat\u00fcrlich in <strong> organischer Form <\/strong>. Die Guerilla Box kann f\u00fcr die <strong> Innen- und Au\u00dfenbefestigung <\/strong>verwendet werden.<\/p>\n<h2>Guerilla Tabs (20 Tabletten)<\/h2>\n<p>Guerilla-Tabs sind organische Langzeitd\u00fcngertabletten. Sie verbessern den Boden durch mikrobiologische Aktivit\u00e4t und d\u00fcngen gleichzeitig die Pflanze.<\/p>\n<ul>\n<li>Organischer Langzeitd\u00fcnger Tabletten mit 10 Gramm (NPK: 15-7-8).<\/li>\n<li>Verwenden Sie <strong> 4 Tabletten f\u00fcr einen 10l Topf <\/strong>.<\/li>\n<li>f\u00fcr Pflanzen direkt in der Erde (Outdoor): Verwenden Sie 4 Tabletten pro Pflanze.<\/li>\n<li>Vergraben der Tafeln ca. 5 cm unter den Boden und gie\u00dfen Sie dann die Pflanzen.<\/li>\n<\/ul>\n<h2>Guerilla-Saft (500ml)<\/h2>\n<p>Guerilla Juice ist ein <strong> fl\u00fcssiger organischer Wachstums- und Bl\u00fctenbeschleuniger <\/strong>, der die Gesundheit des Substrats und optimale Wachstumsbedingungen f\u00f6rdert.<\/p>\n<ul>\n<li>Guerilla-Saft bio (NPK: 5-1-5).<\/li>\n<li><strong> 10 ml Guerillasaft in 1 Liter Wasser verd\u00fcnnen<\/strong>.<\/li>\n<li><strong>  Gie\u00dfen Sie die Pflanzen <strong> ab der vierten Woche einmal pro Woche <\/strong>mit dieser L\u00f6sung .  <\/strong><\/li>\n<\/ul>\n<h3>Lieferumfang<\/h3>\n<ul>\n<li>1x Biotabs Guerilla Box\n<ul>\n<li>1x Guerilla Tabs (20 Tabletten)<\/li>\n<li>1x Guerilla-Saft 500 ml)<\/li>\n<\/ul>\n<\/li>\n<\/ul>\n","protected":false},"excerpt":{"rendered":"<ul>\n<li>Bio-Langzeitd\u00fcnger im Set<\/li>\n<li>1x <a href=\"\/Guerrilla-tabs-20-stueck\" target=\"_elf\" rel=\"noopener\"> Guerilla Tabs <\/a> (20 St\u00fcck)<\/li>\n<li>1x <a href=\"\/Guerilla%20juice%20500ml\" target=\"_Self\" rel=\"noopener\"> Guerilla-Saft <\/a> (500 ml)<\/li>\n<\/ul>\n","protected":false},"featured_media":5300,"comment_status":"closed","ping_status":"closed","template":"","meta":[],"product_brand":[],"product_cat":[440,515],"product_tag":[518,569,448,517],"class_list":{"0":"post-5761","1":"product","2":"type-product","3":"status-publish","4":"has-post-thumbnail","6":"product_cat-duengemittel","7":"product_cat-biotabs-de","8":"product_tag-biotabs-de","9":"product_tag-organisch","10":"product_tag-duenger","11":"product_tag-lebendiger-boden-de","13":"first","14":"outofstock","15":"taxable","16":"shipping-taxable","17":"purchasable","18":"product-type-simple"},"jetpack_sharing_enabled":true,"_links":{"self":[{"href":"https:\/\/growerssupply.eu\/de\/wp-json\/wp\/v2\/product\/5761","targetHints":{"allow":["GET"]}}],"collection":[{"href":"https:\/\/growerssupply.eu\/de\/wp-json\/wp\/v2\/product"}],"about":[{"href":"https:\/\/growerssupply.eu\/de\/wp-json\/wp\/v2\/types\/product"}],"replies":[{"embeddable":true,"href":"https:\/\/growerssupply.eu\/de\/wp-json\/wp\/v2\/comments?post=5761"}],"wp:featuredmedia":[{"embeddable":true,"href":"https:\/\/growerssupply.eu\/de\/wp-json\/wp\/v2\/media\/5300"}],"wp:attachment":[{"href":"https:\/\/growerssupply.eu\/de\/wp-json\/wp\/v2\/media?parent=5761"}],"wp:term":[{"taxonomy":"product_brand","embeddable":true,"href":"https:\/\/growerssupply.eu\/de\/wp-json\/wp\/v2\/product_brand?post=5761"},{"taxonomy":"product_cat","embeddable":true,"href":"https:\/\/growerssupply.eu\/de\/wp-json\/wp\/v2\/product_cat?post=5761"},{"taxonomy":"product_tag","embeddable":true,"href":"https:\/\/growerssupply.eu\/de\/wp-json\/wp\/v2\/product_tag?post=5761"}],"curies":[{"name":"wp","href":"https:\/\/api.w.org\/{rel}","templated":true}]}}