{"id":5765,"date":"2024-03-01T15:02:57","date_gmt":"2024-03-01T14:02:57","guid":{"rendered":"https:\/\/growerssupply.eu\/product\/biotabs-guerilla-saft-500ml\/"},"modified":"2024-03-01T15:02:57","modified_gmt":"2024-03-01T14:02:57","slug":"biotabs-guerilla-saft-500ml","status":"publish","type":"product","link":"https:\/\/growerssupply.eu\/de\/produkt\/biotabs-guerilla-saft-500ml\/","title":{"rendered":"BioTabs | Guerilla-Saft | 500ml"},"content":{"rendered":"<h2>Guerilla Juice 500ml &#8211; Fl\u00fcssigd\u00fcnger f\u00fcr den Au\u00dfenbereich<\/h2>\n<p>Bio-Guerilla-Saft (NPK: 5-1-5) ist ein fl\u00fcssiger <strong> organischer Wachstums- und Bl\u00fctenbeschleuniger <\/strong>, der Ihnen hilft, gesunde B\u00f6den und optimale Anbaubedingungen zu schaffen. Guerilla Juice enth\u00e4lt <strong> Luzernemehl, Melasse, Calivine, Siliziumoxid und Feingestein <\/strong> als Basis f\u00fcr Mikron\u00e4hrstoffe.<\/p>\n<p>F\u00fcr optimale Ergebnisse kombiniert <strong>Guerilla Juice <\/strong> mit n\u00fctzlichen Bodenbakterien und Mykorrhizapilzen wie <a href=\"\/biotabs-bactrex\" target=\"_blank\" rel=\"noopener\"> Bactrex <\/a> <a href=\"\/biotabs-mycotrex\" target=\"_blank\" rel=\"noopener\"> und Mycotrex &lt; \/a&gt; sowie <\/a><a href=\"\/guerilla%20tabs-biotabs\" target=\"_Self\" rel=\"noopener\"> Guerilla-Tabs <\/a><a href=\"\/biotabs-mycotrex\" target=\"_blank\" rel=\"noopener\">. <\/a> <\/p>\n<ul>\n<li>10 ml Guerilla-Saft Mit 1 Liter Wasser verd\u00fcnnen.<\/li>\n<li>Gie\u00dfen Sie die Pflanzen ab Woche 4 nach dem Pflanzen und dann einmal pro Woche mit dieser L\u00f6sung.<\/li>\n<\/ul>\n<h3>Lieferumfang<\/h3>\n<ul>\n<li>1x Biotab Guerilla Saft 500 ml<\/li>\n<\/ul>\n","protected":false},"excerpt":{"rendered":"<ul>\n<li>Fl\u00fcssigd\u00fcnger f\u00fcr den Au\u00dfenbereich (NPK: 5-1-5)<\/li>\n<li>Guerilla Juice wirkt im harmonischen Zusammenspiel mit n\u00fctzlichen Bodenbakterien und Mykorrhizapilzen<\/li>\n<li>Es enth\u00e4lt ausgewogene Mengen: ZN, CU, CA, MN, MG, S, Si und Fe<\/li>\n<\/ul>\n","protected":false},"featured_media":5288,"comment_status":"closed","ping_status":"closed","template":"","meta":[],"product_brand":[],"product_cat":[440,515],"product_tag":[448,517,518,569],"class_list":{"0":"post-5765","1":"product","2":"type-product","3":"status-publish","4":"has-post-thumbnail","6":"product_cat-duengemittel","7":"product_cat-biotabs-de","8":"product_tag-duenger","9":"product_tag-lebendiger-boden-de","10":"product_tag-biotabs-de","11":"product_tag-organisch","13":"first","14":"outofstock","15":"taxable","16":"shipping-taxable","17":"purchasable","18":"product-type-simple"},"jetpack_sharing_enabled":true,"_links":{"self":[{"href":"https:\/\/growerssupply.eu\/de\/wp-json\/wp\/v2\/product\/5765","targetHints":{"allow":["GET"]}}],"collection":[{"href":"https:\/\/growerssupply.eu\/de\/wp-json\/wp\/v2\/product"}],"about":[{"href":"https:\/\/growerssupply.eu\/de\/wp-json\/wp\/v2\/types\/product"}],"replies":[{"embeddable":true,"href":"https:\/\/growerssupply.eu\/de\/wp-json\/wp\/v2\/comments?post=5765"}],"wp:featuredmedia":[{"embeddable":true,"href":"https:\/\/growerssupply.eu\/de\/wp-json\/wp\/v2\/media\/5288"}],"wp:attachment":[{"href":"https:\/\/growerssupply.eu\/de\/wp-json\/wp\/v2\/media?parent=5765"}],"wp:term":[{"taxonomy":"product_brand","embeddable":true,"href":"https:\/\/growerssupply.eu\/de\/wp-json\/wp\/v2\/product_brand?post=5765"},{"taxonomy":"product_cat","embeddable":true,"href":"https:\/\/growerssupply.eu\/de\/wp-json\/wp\/v2\/product_cat?post=5765"},{"taxonomy":"product_tag","embeddable":true,"href":"https:\/\/growerssupply.eu\/de\/wp-json\/wp\/v2\/product_tag?post=5765"}],"curies":[{"name":"wp","href":"https:\/\/api.w.org\/{rel}","templated":true}]}}