{"id":5767,"date":"2024-03-01T15:02:57","date_gmt":"2024-03-01T14:02:57","guid":{"rendered":"https:\/\/growerssupply.eu\/product\/biotabs-silizium-flash-1500g\/"},"modified":"2024-03-01T15:02:57","modified_gmt":"2024-03-01T14:02:57","slug":"biotabs-silizium-flash-1500g","status":"publish","type":"product","link":"https:\/\/growerssupply.eu\/de\/produkt\/biotabs-silizium-flash-1500g\/","title":{"rendered":"BioTabs | Silizium-Flash | 1500g"},"content":{"rendered":"<h2>Silicium Flash &#8211; 100% Bio-Pflanzend\u00fcnger<\/h2>\n<p>Siliziumblitz von Biotafen enth\u00e4lt eine Dosis Silizium, Stickstoff, Phosphor und Kalium , die von Ihren Pflanzen schnell aufgenommen wird. Die Vorteile von Silicium Flash stehen den Anlagen sofort zur Verf\u00fcgung. Das Ergebnis sind \u00fcppige, gr\u00fcne, gesunde Pflanzen von Anfang an. Die <strong> restlichen N\u00e4hrstoffe <\/strong> werden langsam \u00fcber einen Zeitraum von zwei Monaten freigesetzt. Siliziumblitz muss nur zur Vorbereitung des N\u00e4hrbodens oder zur Behandlung von N\u00e4hrstoffmangel zugegeben werden.<\/p>\n<p>Silizium <strong> erh\u00f6ht die Widerstandsf\u00e4higkeit <\/strong> der Pflanze gegen Hitze, Trockenheit, Sch\u00e4dlinge und Krankheitserreger. Es f\u00f6rdert die Aufnahme von N\u00e4hrstoffen und sorgt so f\u00fcr st\u00e4rkere Pflanzen mit h\u00f6heren Ertr\u00e4gen.<\/p>\n<h2>Gebrauchsanweisung<\/h2>\n<p>Mischen Sie <strong> 50 g (80 ml) pro 10 Liter organisches Kultursubstrat <\/strong>wie Blumenerde oder Kokosnuss.<\/p>\n<ul>\n<li>Siliziumblitz kann bei Bedarf zur Behandlung von N\u00e4hrstoffmangel eingesetzt werden.<\/li>\n<li>Machen Sie ein kleines Loch in der N\u00e4he des St\u00e4ngels.<\/li>\n<li>Streuen Sie 25 g Silizium Flash in das Loch und bedecken Sie es mit Erde.<\/li>\n<li>Wasser mit einer L\u00f6sung von 2G Bactrex pro Liter Wasser.<\/li>\n<\/ul>\n<h2>f\u00fcr Mutterpflanzen<\/h2>\n<ul>\n<li>100g (160ml) Das Kultursubstrat pro Pflanze untermischen.<\/li>\n<li>Wiederholen Sie die Pflanzen alle zwei Monate in starken Winterh\u00e4rten.<\/li>\n<li>Decken Sie den Stiel ab oder machen Sie ein paar L\u00f6cher um den Stiel.<\/li>\n<\/ul>\n<h3>Lieferumfang<\/h3>\n<ul>\n<li>1x Biotabs Silicium Flash 2,5 Liter (1500g)<\/li>\n<\/ul>\n","protected":false},"excerpt":{"rendered":"<ul>\n<li>D\u00fcnger mit Sofortwirkung (NPK 4-3-3)<\/li>\n<li>ersetzt fl\u00fcssige N\u00e4hrstoffe f\u00fcr Wachstum und Bl\u00fcte<\/li>\n<li>enth\u00e4lt: Silizium, Stickstoff, Phosphor und Kalium<\/li>\n<li>Vollbiologisches Produkt<\/li>\n<\/ul>\n","protected":false},"featured_media":5293,"comment_status":"closed","ping_status":"closed","template":"","meta":[],"product_brand":[],"product_cat":[440,515],"product_tag":[448,517,518,569],"class_list":{"0":"post-5767","1":"product","2":"type-product","3":"status-publish","4":"has-post-thumbnail","6":"product_cat-duengemittel","7":"product_cat-biotabs-de","8":"product_tag-duenger","9":"product_tag-lebendiger-boden-de","10":"product_tag-biotabs-de","11":"product_tag-organisch","13":"first","14":"outofstock","15":"taxable","16":"shipping-taxable","17":"purchasable","18":"product-type-simple"},"jetpack_sharing_enabled":true,"_links":{"self":[{"href":"https:\/\/growerssupply.eu\/de\/wp-json\/wp\/v2\/product\/5767","targetHints":{"allow":["GET"]}}],"collection":[{"href":"https:\/\/growerssupply.eu\/de\/wp-json\/wp\/v2\/product"}],"about":[{"href":"https:\/\/growerssupply.eu\/de\/wp-json\/wp\/v2\/types\/product"}],"replies":[{"embeddable":true,"href":"https:\/\/growerssupply.eu\/de\/wp-json\/wp\/v2\/comments?post=5767"}],"wp:featuredmedia":[{"embeddable":true,"href":"https:\/\/growerssupply.eu\/de\/wp-json\/wp\/v2\/media\/5293"}],"wp:attachment":[{"href":"https:\/\/growerssupply.eu\/de\/wp-json\/wp\/v2\/media?parent=5767"}],"wp:term":[{"taxonomy":"product_brand","embeddable":true,"href":"https:\/\/growerssupply.eu\/de\/wp-json\/wp\/v2\/product_brand?post=5767"},{"taxonomy":"product_cat","embeddable":true,"href":"https:\/\/growerssupply.eu\/de\/wp-json\/wp\/v2\/product_cat?post=5767"},{"taxonomy":"product_tag","embeddable":true,"href":"https:\/\/growerssupply.eu\/de\/wp-json\/wp\/v2\/product_tag?post=5767"}],"curies":[{"name":"wp","href":"https:\/\/api.w.org\/{rel}","templated":true}]}}