{"id":5768,"date":"2024-03-01T15:02:57","date_gmt":"2024-03-01T14:02:57","guid":{"rendered":"https:\/\/growerssupply.eu\/product\/biotabs-orgatrex-5-liter\/"},"modified":"2024-03-01T15:02:57","modified_gmt":"2024-03-01T14:02:57","slug":"biotabs-orgatrex-5-liter","status":"publish","type":"product","link":"https:\/\/growerssupply.eu\/de\/produkt\/biotabs-orgatrex-5-liter\/","title":{"rendered":"BioTabs | Orgatrex | 5 Liter"},"content":{"rendered":"<h2>Biotab Bio-Pflanzennahrung<\/h2>\n<p>Geeignet sowohl f\u00fcr die Wachstums- als auch f\u00fcr die Bl\u00fctephase.<\/p>\n<ul>\n<li>Wenn Sie Ihren S\u00e4mling pflanzen oder umtopfen: Gie\u00dfen Sie eine L\u00f6sung aus <strong> 5ml Orgatrex pro Liter Wasser <\/strong> <\/li>\n<li>in der f\u00fcnften Woche: Gie\u00dfen Sie die Pflanzen mit einer L\u00f6sung aus <strong> 20ml OrganizerX pro Liter Wasser <\/strong> <\/li>\n<li>Wenn Sie der Meinung sind, dass die Pflanzen eine zus\u00e4tzliche D\u00fcngung ben\u00f6tigen, verabreichen Sie so oft wie n\u00f6tig eine L\u00f6sung von 5 ml Orgatrex pro Liter Wasser.<\/li>\n<\/ul>\n<p>f\u00fcr den Einsatz im Rahmen der BioTab-Bio-Anbau- und Bl\u00fchstrategie. Die Organisations-\/Wasserl\u00f6sung ist zwei Tage haltbar, danach sollte sie sp\u00e4testens entsorgt werden. <strong> K\u00fchl halten und vor Gebrauch gut sch\u00fctteln <\/strong> oder umr\u00fchren. OrgaRex ist als <strong> organischer D\u00fcnger <\/strong> f\u00fcr alle Pflanzenarten zugelassen. Dieser D\u00fcnger enth\u00e4lt keine tierischen Bestandteile oder Produkte und ist daher <strong> vegan <\/strong>.<\/p>\n<h3>Zutaten<\/h3>\n<ul>\n<li>Biotabs Organtrex enth\u00e4lt <strong> Luzernemehl (Luzerne), Melasse, Vinasse, Siliziumoxid und Gesteinsmehl <\/strong>.<\/li>\n<li>n-P-K: (5-1-5)<\/li>\n<li>ausgewogene Mengen an ZN, CU, MN, CO, Mon, S, Na, B und Fe.<\/li>\n<\/ul>\n<p>F\u00fcr optimale Ergebnisse <strong> kombinieren Sie <\/strong> die Organisation mit unseren n\u00fctzlichen Bodenbakterien (<strong> Bactrex <\/strong>) und den Mykorrhiza-Poren (<strong> Mycotrex <\/strong>). &lt;\/p  &gt;<\/p>\n<h3>Lieferumfang<\/h3>\n<ul>\n<li>1x Biotabs Orgatrex 5 Liter<\/li>\n<\/ul>\n","protected":false},"excerpt":{"rendered":"<ul>\n<li>organischer Fl\u00fcssigd\u00fcnger (NPK: 5-1-5)<\/li>\n<li>Wachstums- und Bl\u00fctenbeschleuniger<\/li>\n<li>f\u00fcr innen und au\u00dfen<\/li>\n<li>Geeignet f\u00fcr Topf- und Bodenpflanzen<\/li>\n<li>Perfekt f\u00fcr verschiedene Bodentypen<\/li>\n<li>100% biologisch &amp; vegan<\/li>\n<\/ul>\n","protected":false},"featured_media":5298,"comment_status":"closed","ping_status":"closed","template":"","meta":[],"product_brand":[],"product_cat":[440,515],"product_tag":[448,517,518,569],"class_list":{"0":"post-5768","1":"product","2":"type-product","3":"status-publish","4":"has-post-thumbnail","6":"product_cat-duengemittel","7":"product_cat-biotabs-de","8":"product_tag-duenger","9":"product_tag-lebendiger-boden-de","10":"product_tag-biotabs-de","11":"product_tag-organisch","13":"first","14":"outofstock","15":"taxable","16":"shipping-taxable","17":"purchasable","18":"product-type-simple"},"jetpack_sharing_enabled":true,"_links":{"self":[{"href":"https:\/\/growerssupply.eu\/de\/wp-json\/wp\/v2\/product\/5768","targetHints":{"allow":["GET"]}}],"collection":[{"href":"https:\/\/growerssupply.eu\/de\/wp-json\/wp\/v2\/product"}],"about":[{"href":"https:\/\/growerssupply.eu\/de\/wp-json\/wp\/v2\/types\/product"}],"replies":[{"embeddable":true,"href":"https:\/\/growerssupply.eu\/de\/wp-json\/wp\/v2\/comments?post=5768"}],"wp:featuredmedia":[{"embeddable":true,"href":"https:\/\/growerssupply.eu\/de\/wp-json\/wp\/v2\/media\/5298"}],"wp:attachment":[{"href":"https:\/\/growerssupply.eu\/de\/wp-json\/wp\/v2\/media?parent=5768"}],"wp:term":[{"taxonomy":"product_brand","embeddable":true,"href":"https:\/\/growerssupply.eu\/de\/wp-json\/wp\/v2\/product_brand?post=5768"},{"taxonomy":"product_cat","embeddable":true,"href":"https:\/\/growerssupply.eu\/de\/wp-json\/wp\/v2\/product_cat?post=5768"},{"taxonomy":"product_tag","embeddable":true,"href":"https:\/\/growerssupply.eu\/de\/wp-json\/wp\/v2\/product_tag?post=5768"}],"curies":[{"name":"wp","href":"https:\/\/api.w.org\/{rel}","templated":true}]}}