{"id":5770,"date":"2024-02-22T11:25:21","date_gmt":"2024-02-22T10:25:21","guid":{"rendered":"https:\/\/growerssupply.eu\/product\/biotabs-mycotrex\/"},"modified":"2024-02-22T11:25:21","modified_gmt":"2024-02-22T10:25:21","slug":"biotabs-mycotrex","status":"publish","type":"product","link":"https:\/\/growerssupply.eu\/de\/produkt\/biotabs-mycotrex\/","title":{"rendered":"BioTabs | Mycotrex"},"content":{"rendered":"<h2>Verbessern Sie das Pflanzenwachstum mit MYCOTREX Bio-Bodenverbesserer<\/h2>\n<p>Beschreibung: &#8222;Entdecken Sie die Kraft des MYCOTREX Bio-Bodenverbesserers, der f\u00fcr die Verwendung mit Erde oder Kokosfasern geeignet ist, egal ob f\u00fcr T\u00f6pfe oder Bodenbepflanzungen, drinnen oder drau\u00dfen. MYCOTREX kommt allen Arten von Pflanzen zugute, einschlie\u00dflich Blumen, Gem\u00fcse, Kr\u00e4utern, B\u00e4umen und Str\u00e4uchern.<\/p>\n<p>Mykorrhiza, n\u00fctzliche Bodenpilze, die symbiotische Beziehungen mit Pflanzen eingehen, erweitern die effektive Reichweite der Wurzeln und fungieren effektiv als zus\u00e4tzliches Wurzelsystem. Dies f\u00fchrt zu einer bemerkenswerten Steigerung der Wurzelaufnahmekapazit\u00e4t um 700 %, was die Aufnahme von Wasser und N\u00e4hrstoffen f\u00fcr Pflanzen erleichtert.<\/p>\n<p>MYCOTREX zeichnet sich als das am st\u00e4rksten konzentrierte Mykorrhiza-Produkt auf dem Markt aus. Verteilen Sie einfach 5 gestrichene Teel\u00f6ffel (5 Gramm) im Pflanzloch, um seine transformative Wirkung auf die Pflanzengesundheit und das Wachstum zu erleben.&#8220;<\/p>\n","protected":false},"excerpt":{"rendered":"<p><strong>NPK 2-5-8<\/strong><\/p>\n<p><strong>100% BIO<\/strong><\/p>\n<ul>\n<li>Es f\u00f6rdert die Bewurzelung, das Wachstum und die Bl\u00fcte.<\/li>\n<li>Top-Booster<\/li>\n<li><strong>NPK 2-5-8<\/strong><\/li>\n<li>Stickstoff N 2%<\/li>\n<li>Phosphor P2O5 5%<\/li>\n<li>Kalium K2O 8%<\/li>\n<li>Erh\u00e4ltlich in den Gr\u00f6\u00dfen 500, 1000 und 5000 ml<\/li>\n<\/ul>\n","protected":false},"featured_media":5143,"comment_status":"open","ping_status":"closed","template":"","meta":[],"product_brand":[],"product_cat":[440,515],"product_tag":[569,448],"class_list":{"0":"post-5770","1":"product","2":"type-product","3":"status-publish","4":"has-post-thumbnail","6":"product_cat-duengemittel","7":"product_cat-biotabs-de","8":"product_tag-organisch","9":"product_tag-duenger","11":"first","12":"outofstock","13":"taxable","14":"shipping-taxable","15":"purchasable","16":"product-type-variable"},"jetpack_sharing_enabled":true,"_links":{"self":[{"href":"https:\/\/growerssupply.eu\/de\/wp-json\/wp\/v2\/product\/5770","targetHints":{"allow":["GET"]}}],"collection":[{"href":"https:\/\/growerssupply.eu\/de\/wp-json\/wp\/v2\/product"}],"about":[{"href":"https:\/\/growerssupply.eu\/de\/wp-json\/wp\/v2\/types\/product"}],"replies":[{"embeddable":true,"href":"https:\/\/growerssupply.eu\/de\/wp-json\/wp\/v2\/comments?post=5770"}],"wp:featuredmedia":[{"embeddable":true,"href":"https:\/\/growerssupply.eu\/de\/wp-json\/wp\/v2\/media\/5143"}],"wp:attachment":[{"href":"https:\/\/growerssupply.eu\/de\/wp-json\/wp\/v2\/media?parent=5770"}],"wp:term":[{"taxonomy":"product_brand","embeddable":true,"href":"https:\/\/growerssupply.eu\/de\/wp-json\/wp\/v2\/product_brand?post=5770"},{"taxonomy":"product_cat","embeddable":true,"href":"https:\/\/growerssupply.eu\/de\/wp-json\/wp\/v2\/product_cat?post=5770"},{"taxonomy":"product_tag","embeddable":true,"href":"https:\/\/growerssupply.eu\/de\/wp-json\/wp\/v2\/product_tag?post=5770"}],"curies":[{"name":"wp","href":"https:\/\/api.w.org\/{rel}","templated":true}]}}