{"id":5774,"date":"2024-02-21T14:55:13","date_gmt":"2024-02-21T13:55:13","guid":{"rendered":"https:\/\/growerssupply.eu\/product\/biotabs-duengetabletten\/"},"modified":"2026-04-15T15:02:52","modified_gmt":"2026-04-15T13:02:52","slug":"biotabs-duengetabletten","status":"publish","type":"product","link":"https:\/\/growerssupply.eu\/de\/produkt\/biotabs-duengetabletten\/","title":{"rendered":"BioTabs Bio-D\u00fcnger-Tabletten"},"content":{"rendered":"<h2>BioTabs Bio-D\u00fcnger-Tabletten &#8211; langsame Freisetzung f\u00fcr optimales Pflanzenwachstum<\/h2>\n<p>Erzielen Sie m\u00fchelos \u00fcppige, lebendige und gesunde Pflanzen mit den BioTabs Slow Release Bio-D\u00fcngetabletten. BioTabs wurden f\u00fcr einj\u00e4hrige Pflanzen entwickelt und sind eine innovative, 100% biologische L\u00f6sung, die den Anbau sowohl f\u00fcr Anf\u00e4nger als auch f\u00fcr erfahrene Z\u00fcchter vereinfacht. <\/p>\n<h3>Hauptmerkmale und Vorteile von BioTabs<\/h3>\n<ul>\n<li>Optimale N\u00e4hrstoffbalance: Jede Tablette liefert ein perfektes NPK-Verh\u00e4ltnis von 15-7-8, das wichtige N\u00e4hrstoffe f\u00fcr ein kr\u00e4ftiges Wachstum und eine gute Bl\u00fcte liefert.<\/li>\n<li>Pr\u00e4zise, unkomplizierte F\u00fctterung: Schluss mit dem R\u00e4tselraten &#8211; Ihre Pflanzen erhalten jedes Mal genau die richtige Menge an organischem D\u00fcnger. Verabschieden Sie sich von Unter- oder \u00dcberd\u00fcngung! <\/li>\n<li>pH &amp; EC Vereinfacht: pH- und EC-Werte m\u00fcssen nicht mehr angepasst werden. BioTabs machen den biologischen Anbau so einfach wie das Gie\u00dfen Ihrer Pflanzen. <\/li>\n<li>Langanhaltende Leistung: Die Formel mit langsamer Freisetzung sorgt f\u00fcr tiefgr\u00fcnes Laub und leuchtende Bl\u00fcten w\u00e4hrend des gesamten Wachstums- und Bl\u00fctezyklus, selbst bei lang bl\u00fchenden Pflanzen.<\/li>\n<li>Verbessert die Gesundheit des Bodens: Enth\u00e4lt n\u00fctzliche Bodenbakterien, Humins\u00e4uren und langsam wirkenden Stickstoff zur Verbesserung der Bodenstruktur, der N\u00e4hrstoffaufnahme und der allgemeinen Pflanzenvitalit\u00e4t.<\/li>\n<\/ul>\n<h3>Hochwertige biologische Inhaltsstoffe:<\/h3>\n<p>BioTabs werden aus nat\u00fcrlichen Bestandteilen wie Knochenmehl, Blutmehl, Federmehl, Fischmehl, Humins\u00e4uren und einer einzigartigen Mischung aus stickstoffbindenden und phosphataufl\u00f6senden Bakterien hergestellt. Diese Inhaltsstoffe sorgen f\u00fcr ein gesundes Pflanzenwachstum und f\u00f6rdern gleichzeitig nachhaltige, umweltfreundliche Gartenpraktiken. <\/p>\n<h3>Einfache Anwendung f\u00fcr gleichbleibende Ergebnisse:<\/h3>\n<ul>\n<li>Verwenden Sie 1 BioTab pro 5 Liter Blumenerde. F\u00fcr T\u00f6pfe \u00fcber 40 Liter, verwenden Sie 1 BioTab pro 10 Liter Erde. <\/li>\n<li>Legen Sie jede Tablette 5-10 cm tief in den Boden ein, um eine gleichm\u00e4\u00dfige N\u00e4hrstoffzufuhr zu gew\u00e4hrleisten.<\/li>\n<\/ul>\n<p>BioTabs sind in praktischen Packungen mit 10, 100 oder 400 Tabletten erh\u00e4ltlich und eignen sich f\u00fcr G\u00e4rtner aller Gr\u00f6\u00dfenordnungen. Mit \u00fcber 30 Jahren Erfahrung garantieren die BioTabs un\u00fcbertroffene Ergebnisse und sorgen f\u00fcr \u00fcppige, \u00fcppige Pflanzen bei minimalem Aufwand. Ver\u00e4ndern Sie Ihr Gartenerlebnis &#8211; steigen Sie noch heute auf BioTabs Slow Release Organic Fertilizer Tablets um und beobachten Sie, wie Ihre Pflanzen gedeihen! Bestellen Sie jetzt und erleben Sie biologischen Anbau leicht gemacht. <\/p>\n<p>Legen Sie BioTabs etwa 5-10 Zentimeter tief in Ihre Blumenerde oder Ihr Coco-Substrat und achten Sie darauf, Ihre Pflanzen entsprechend zu gie\u00dfen.<\/p>\n<p>Diese Tabletten enthalten eine spezielle Mischung aus organischem Stickstoff mit langsamer Freisetzung, Knochenmehld\u00fcnger, Blutmehl, Federmehl, Fischmehl, nat\u00fcrlichen Humins\u00e4uren und n\u00fctzlichen Bodenbakterien. Diese n\u00fctzlichen Mikroorganismen verbessern die Bodenqualit\u00e4t und erm\u00f6glichen eine optimale N\u00e4hrstoffaufnahme, f\u00f6rdern ein gleichm\u00e4\u00dfiges und kr\u00e4ftiges Pflanzenwachstum und minimieren gleichzeitig den N\u00e4hrstoffabfluss. Mit dieser ausgepr\u00e4gten Verschmelzung von D\u00fcngemitteln und bodenverbessernden Bakterien k\u00f6nnen Sie eine robuste Pflanzenentwicklung und eine verbesserte Bodenvitalit\u00e4t erwarten<\/p>\n<h3>BioTabs Handbuch<\/h3>\n<div class=\"_df_book df-lite\" id=\"df_3167\"  _slug=\"biotabs-organic-growing-manual\" data-title=\"biotabs-organic-growing-manual\" wpoptions=\"true\" thumb=\"https:\/\/growerssupply.eu\/wp-content\/uploads\/2024\/02\/manual-organic-cultivation.jpg\" thumbtype=\"\" ><\/div><script class=\"df-shortcode-script\" nowprocket type=\"application\/javascript\">window.option_df_3167 = {\"outline\":[],\"backgroundColor\":\"#ffffff\",\"autoEnableOutline\":\"false\",\"autoEnableThumbnail\":\"false\",\"overwritePDFOutline\":\"false\",\"direction\":\"1\",\"pageSize\":\"0\",\"source\":\"https:\\\/\\\/growerssupply.eu\\\/wp-content\\\/uploads\\\/2024\\\/02\\\/biotabs-organic-growing-manual-english.pdf\",\"wpOptions\":\"true\"}; if(window.DFLIP && window.DFLIP.parseBooks){window.DFLIP.parseBooks();}<\/script>\n","protected":false},"excerpt":{"rendered":"<p><strong>NPK 15-7-8<\/strong><\/p>\n<ul>\n<li>Langsam freisetzende organische D\u00fcngemitteltabletten f\u00fcr Pflanzen.<\/li>\n<li>BioTabs verbessern die Bodenqualit\u00e4t durch mikrobiologische Prozesse und n\u00e4hren gleichzeitig die Pflanzen.<\/li>\n<li>Biologischer Gartenbau wird sowohl Anf\u00e4ngern als auch erfahrenen Z\u00fcchtern leicht gemacht.<\/li>\n<li>Die bioTabs-Tabletten bestehen aus organischem D\u00fcnger mit einem NPK-Verh\u00e4ltnis von 15-7-8 sowie n\u00fctzlichen Bodenbakterien.<\/li>\n<li>Geeignet f\u00fcr den Einsatz in Erde oder Kokos, f\u00fcr Pflanzen im Topf oder direkt im Boden, egal ob drinnen oder drau\u00dfen.<\/li>\n<\/ul>\n<p>&nbsp;<\/p>\n","protected":false},"featured_media":5131,"comment_status":"open","ping_status":"closed","template":"","meta":[],"product_brand":[655],"product_cat":[515],"product_tag":[569,658,448],"class_list":{"0":"post-5774","1":"product","2":"type-product","3":"status-publish","4":"has-post-thumbnail","6":"product_brand-biotabs","7":"product_cat-biotabs-de","8":"product_tag-organisch","9":"product_tag-sale-de","10":"product_tag-duenger","12":"first","13":"outofstock","14":"taxable","15":"shipping-taxable","16":"purchasable","17":"product-type-variable","18":"has-default-attributes"},"jetpack_sharing_enabled":true,"_links":{"self":[{"href":"https:\/\/growerssupply.eu\/de\/wp-json\/wp\/v2\/product\/5774","targetHints":{"allow":["GET"]}}],"collection":[{"href":"https:\/\/growerssupply.eu\/de\/wp-json\/wp\/v2\/product"}],"about":[{"href":"https:\/\/growerssupply.eu\/de\/wp-json\/wp\/v2\/types\/product"}],"replies":[{"embeddable":true,"href":"https:\/\/growerssupply.eu\/de\/wp-json\/wp\/v2\/comments?post=5774"}],"wp:featuredmedia":[{"embeddable":true,"href":"https:\/\/growerssupply.eu\/de\/wp-json\/wp\/v2\/media\/5131"}],"wp:attachment":[{"href":"https:\/\/growerssupply.eu\/de\/wp-json\/wp\/v2\/media?parent=5774"}],"wp:term":[{"taxonomy":"product_brand","embeddable":true,"href":"https:\/\/growerssupply.eu\/de\/wp-json\/wp\/v2\/product_brand?post=5774"},{"taxonomy":"product_cat","embeddable":true,"href":"https:\/\/growerssupply.eu\/de\/wp-json\/wp\/v2\/product_cat?post=5774"},{"taxonomy":"product_tag","embeddable":true,"href":"https:\/\/growerssupply.eu\/de\/wp-json\/wp\/v2\/product_tag?post=5774"}],"curies":[{"name":"wp","href":"https:\/\/api.w.org\/{rel}","templated":true}]}}