{"id":5869,"date":"2024-05-21T16:25:29","date_gmt":"2024-05-21T14:25:29","guid":{"rendered":"https:\/\/growerssupply.eu\/?post_type=product&#038;p=5869"},"modified":"2026-03-15T19:00:13","modified_gmt":"2026-03-15T18:00:13","slug":"photovoltaik-hortione-led-bundle","status":"publish","type":"product","link":"https:\/\/growerssupply.eu\/de\/produkt\/photovoltaik-hortione-led-bundle\/","title":{"rendered":"Photovoltaik &#8211; hortiONE LED Bundle | 2x420W Solar | Grow &#038; Safe"},"content":{"rendered":"<h1>Photovoltaik &#8211; hortiONE LED Bundle | Grow &amp; Safe<\/h1>\n<h3><a href=\"https:\/\/growerssupply.eu\/de\/produkt\/solarunit-800w-balkon-photovoltaikanlage-dah-inklusive-microconverter-integriertes-pv-system\/\" target=\"_blank\" rel=\"noopener\">DAH Solarunit 2x420W-Balkon-Photovoltaikanlage<\/a><br \/>\n+ <a title=\"hortiONE 600\" href=\"https:\/\/growerssupply.eu\/de\/produkt\/hortione-600-led-600%c2%b5mol-s-220w-29%c2%b5mol-j\/\" target=\"_blank\" rel=\"noopener\">hortiONE 600 LED (600\u00b5mol\/s | 220W | 2,9\u00b5mol\/J)<\/a><\/h3>\n<h2>Steigern Sie Ihr Indoor-Grow mit Photovoltaik &#8211; hortiONE LED Bundle: Die perfekte Kombi f\u00fcr maximalen Nutzen!<\/h2>\n<p>Die Integration von Photovoltaik (PV)-Paneelen in Ihr Indoor-Grow-Setup ist ein revolution\u00e4rer Schritt. Hier ist der Grund daf\u00fcr:<\/p>\n<h3>1. Kosteneinsparungen<\/h3>\n<p>Durch die Nutzung von Solarenergie k\u00f6nnen Sie Ihre Stromkosten erheblich senken. Pflanzenlampen und Klimatisierungssysteme k\u00f6nnen im Betrieb teuer sein, aber mit PV-Paneelen nutzen Sie kostenlose Sonnenenergie. Das bedeutet mehr Einsparungen f\u00fcr Sie!<\/p>\n<h3>2. Umweltfreundlich<\/h3>\n<p>Solarenergie ist sauber und erneuerbar. Indem Sie PV-Paneele einbauen, reduzieren Sie Ihren Kohlenstoff-Fu\u00dfabdruck und f\u00f6rdern einen ges\u00fcnderen Planeten. Ihre Pflanzen werden gedeihen, und die Umwelt wird es auch!<\/p>\n<h3>3. Energieunabh\u00e4ngigkeit<\/h3>\n<p>Verlassen Sie sich weniger auf das Stromnetz und mehr auf Ihren Solarstrom. Diese Unabh\u00e4ngigkeit bedeutet weniger Sorgen \u00fcber Stromausf\u00e4lle und steigende Energiepreise. Ihr Grow-Setup bleibt das ganze Jahr \u00fcber stabil und produktiv.<\/p>\n<h3>4. Gesteigerte Effizienz<\/h3>\n<p>Moderne PV-Systeme sind hocheffizient und wandeln das Sonnenlicht mit minimalem Verlust in Strom um. Diese Effizienz stellt sicher, dass Ihre Wachstumsbeleuchtung und andere Ger\u00e4te optimal funktionieren, was zu einem besseren Pflanzenwachstum und h\u00f6heren Ertr\u00e4gen f\u00fchrt.<\/p>\n<h3>5. Steuerliche Anreize und Rabatte<\/h3>\n<p>Viele Regionen bieten Steuergutschriften und Rabatte f\u00fcr die Installation von Sonnenkollektoren. Diese Anreize k\u00f6nnen die Anfangsinvestitionen erheblich reduzieren, so dass es erschwinglicher wird, Ihre Anbaufl\u00e4che mit PV-Technologie zu erweitern.<\/p>\n<h3>6. Langfristige Investitionen<\/h3>\n<p>Solarmodule haben eine lange Lebensdauer, die oft mehr als 25 Jahre betr\u00e4gt. Diese Langlebigkeit bedeutet, dass Sie jahrzehntelang von niedrigeren Energiekosten profitieren werden, was es zu einer klugen langfristigen Investition f\u00fcr jeden engagierten Z\u00fcchter macht.<\/p>\n<h3>7. Skalierbarkeit<\/h3>\n<p>Wenn Ihr Betrieb expandiert, kann auch Ihre PV-Anlage mitwachsen. F\u00fcgen Sie weitere Paneele hinzu, um den steigenden Energiebedarf zu decken, ohne sich \u00fcber eskalierende Stromrechnungen Gedanken machen zu m\u00fcssen.<\/p>\n<h3>8. Verbesserte Kontrolle und \u00dcberwachung<\/h3>\n<p>Viele PV-Anlagen sind mit modernen \u00dcberwachungsinstrumenten ausgestattet. Damit k\u00f6nnen Sie die Energieproduktion und den Energieverbrauch in Echtzeit verfolgen, was Ihnen eine bessere Kontrolle \u00fcber Ihre Wachstumsumgebung erm\u00f6glicht und sicherstellt, dass alles reibungslos l\u00e4uft.<\/p>\n<p>R\u00fcsten Sie Ihr Indoor-Grow-Setup noch heute mit Photovoltaik-Paneelen auf und genie\u00dfen Sie diese bemerkenswerten Vorteile. Ein Gewinn f\u00fcr Ihre Pflanzen, Ihren Geldbeutel und den Planeten!<\/p>\n<p>&nbsp;<\/p>\n<p><a title=\"SolarUnit von DAH Solar\" href=\"https:\/\/www.dahsolarpv.com\/the-world-s-first-integrated-pv-system-solarunit_n141\" target=\"_blank\" rel=\"noopener\">Mehr \u00fcber SolarUnit von DAH<\/a><\/p>\n","protected":false},"excerpt":{"rendered":"<h2>DAH Solarunit 2x420W Balkonsolaranlage<\/h2>\n<ul>\n<li>2x 420W Solarmodul<\/li>\n<li>Eingebauter Mikro-Wechselrichter<\/li>\n<li>ECU-Einheit: Fern\u00fcberwachung per App<\/li>\n<li>VDE-konform<\/li>\n<\/ul>\n<h3>+ hortiONE 600 LED<\/h3>\n<p>&nbsp;<\/p>\n","protected":false},"featured_media":5871,"comment_status":"open","ping_status":"closed","template":"","meta":[],"product_brand":[],"product_cat":[433,459,404],"product_tag":[435,436,437,432],"class_list":{"0":"post-5869","1":"product","2":"type-product","3":"status-publish","4":"has-post-thumbnail","6":"product_cat-solar-pv","7":"product_cat-hortione-de","8":"product_cat-growbox-komplettset","9":"product_tag-balkon","10":"product_tag-pv-de","11":"product_tag-fotovoltaik","12":"product_tag-solar-de","13":"pa_consumption-800w-de","15":"first","16":"instock","17":"sale","18":"taxable","19":"shipping-taxable","20":"purchasable","21":"product-type-easy_product_bundle"},"jetpack_sharing_enabled":true,"_links":{"self":[{"href":"https:\/\/growerssupply.eu\/de\/wp-json\/wp\/v2\/product\/5869","targetHints":{"allow":["GET"]}}],"collection":[{"href":"https:\/\/growerssupply.eu\/de\/wp-json\/wp\/v2\/product"}],"about":[{"href":"https:\/\/growerssupply.eu\/de\/wp-json\/wp\/v2\/types\/product"}],"replies":[{"embeddable":true,"href":"https:\/\/growerssupply.eu\/de\/wp-json\/wp\/v2\/comments?post=5869"}],"wp:featuredmedia":[{"embeddable":true,"href":"https:\/\/growerssupply.eu\/de\/wp-json\/wp\/v2\/media\/5871"}],"wp:attachment":[{"href":"https:\/\/growerssupply.eu\/de\/wp-json\/wp\/v2\/media?parent=5869"}],"wp:term":[{"taxonomy":"product_brand","embeddable":true,"href":"https:\/\/growerssupply.eu\/de\/wp-json\/wp\/v2\/product_brand?post=5869"},{"taxonomy":"product_cat","embeddable":true,"href":"https:\/\/growerssupply.eu\/de\/wp-json\/wp\/v2\/product_cat?post=5869"},{"taxonomy":"product_tag","embeddable":true,"href":"https:\/\/growerssupply.eu\/de\/wp-json\/wp\/v2\/product_tag?post=5869"}],"curies":[{"name":"wp","href":"https:\/\/api.w.org\/{rel}","templated":true}]}}