{"id":5874,"date":"2024-03-06T11:40:44","date_gmt":"2024-03-06T10:40:44","guid":{"rendered":"https:\/\/growerssupply.eu\/product\/plant-bag-78-liters-black-with-grips-root-pouch\/"},"modified":"2025-03-12T21:10:50","modified_gmt":"2025-03-12T20:10:50","slug":"stofftopf-78-liter-schwarz-root-pouch","status":"publish","type":"product","link":"https:\/\/growerssupply.eu\/de\/produkt\/stofftopf-78-liter-schwarz-root-pouch\/","title":{"rendered":"Stofftopf 78 Liter | Schwarz | Mit Grifftasche f\u00fcr Wurzeln | root pouch"},"content":{"rendered":"<h2>Stofftopf 78 Liter in Schwarz mit Griffen von Root Pouch<\/h2>\n<p><strong>Der Riese unter den gro\u00dfen Stofft\u00f6pfen!<\/strong><\/p>\n<p>Stofft\u00f6pfe sind derzeit sehr angesagt, und die &#8222;Root Pouch&#8220; geh\u00f6ren zu den besten auf dem Markt. Die Griffe erleichtern den Transport, wenn der Topf mit Erde und Wasser gef\u00fcllt ist. Er hat eine durchl\u00e4ssige Struktur, die Staun\u00e4sse verhindert und das Wurzelwachstum f\u00f6rdert. Der Pflanzsack trocknet gleichm\u00e4\u00dfig von allen Seiten und k\u00fchlt im Sommer automatisch ab. Dieser Pflanzsack ist perfekt f\u00fcr gr\u00f6\u00dfere Pflanzen geeignet. Die &#8222;Root Pouch&#8220; Produkte sind UV-best\u00e4ndig, BPA-frei und ungiftig, was f\u00fcr Sie und Ihre Pflanzen sicher ist.<\/p>\n<p>Root Pouches sind die einzigen Stofft\u00f6pfe, die aus einer speziellen und geheimen Mischung aus recycelten Natur- und PET-Fasern hergestellt werden. Dadurch haben sie noch bessere Eigenschaften f\u00fcr die Wurzeln und das Bodenleben.<\/p>\n<h3>Produktinformationen<\/h3>\n<ul>\n<li><strong>Abmessungen:<\/strong> ca. 50 cm Durchmesser, ca. 40 cm H\u00f6he<\/li>\n<li><strong>Material:<\/strong> schwarzer, fester Stoff mit 260 g\/m\u00b2 Grammatur<\/li>\n<li>Geeignet f\u00fcr Erd- und Containerkultur<\/li>\n<li>Waschmaschinenfest, wiederverwendbar, leicht und unzerbrechlich<\/li>\n<li>Trocknet gleichm\u00e4\u00dfig von allen Seiten und verhindert Staun\u00e4sse<\/li>\n<li>Verhindert h\u00e4ufige Fehler von Hobbyg\u00e4rtnern<\/li>\n<li>Gemischtes Gewebe aus Natur- und PET-Fasern (100 % Recyclingmaterial)<\/li>\n<li>Perfektes Luft-Wasser-Verh\u00e4ltnis im Substrat<\/li>\n<li>F\u00f6rdert ein vitales und fein verzweigtes Wurzelsystem (ohne Ringwurzeln)<\/li>\n<li>Geeignet f\u00fcr alle Substrate und Anbausysteme<\/li>\n<li>Verbesserte Drainage<\/li>\n<li><strong>Lebensdauer:<\/strong> 4 &#8211; 5 Jahre<\/li>\n<li>UV-best\u00e4ndig, BPA-frei, ungiftig<\/li>\n<li>Frostsicher<\/li>\n<li>Klima-regulierend (k\u00fchlend im Sommer \/ isolierend im Winter)<\/li>\n<\/ul>\n<h3>Lieferumfang<\/h3>\n<ul>\n<li>1x Stofftopf Root Pouch 78L schwarz (mit Griffen)<\/li>\n<\/ul>\n","protected":false},"excerpt":{"rendered":"<ul>\n<li>78-Liter-Stofftopf \/ Gewebetopf aus Recyclingmaterial<br \/>\ngeeignet f\u00fcr alle Substrate und Anbausysteme<br \/>\nDurchmesser: 50cm<\/li>\n<\/ul>\n","protected":false},"featured_media":5305,"comment_status":"closed","ping_status":"closed","template":"","meta":[],"product_brand":[],"product_cat":[528,529],"product_tag":[530],"class_list":{"0":"post-5874","1":"product","2":"type-product","3":"status-publish","4":"has-post-thumbnail","6":"product_cat-anzucht","7":"product_cat-root-pouch-de","8":"product_tag-root-pouch-de","10":"first","11":"outofstock","12":"taxable","13":"shipping-taxable","14":"purchasable","15":"product-type-simple"},"jetpack_sharing_enabled":true,"_links":{"self":[{"href":"https:\/\/growerssupply.eu\/de\/wp-json\/wp\/v2\/product\/5874","targetHints":{"allow":["GET"]}}],"collection":[{"href":"https:\/\/growerssupply.eu\/de\/wp-json\/wp\/v2\/product"}],"about":[{"href":"https:\/\/growerssupply.eu\/de\/wp-json\/wp\/v2\/types\/product"}],"replies":[{"embeddable":true,"href":"https:\/\/growerssupply.eu\/de\/wp-json\/wp\/v2\/comments?post=5874"}],"wp:featuredmedia":[{"embeddable":true,"href":"https:\/\/growerssupply.eu\/de\/wp-json\/wp\/v2\/media\/5305"}],"wp:attachment":[{"href":"https:\/\/growerssupply.eu\/de\/wp-json\/wp\/v2\/media?parent=5874"}],"wp:term":[{"taxonomy":"product_brand","embeddable":true,"href":"https:\/\/growerssupply.eu\/de\/wp-json\/wp\/v2\/product_brand?post=5874"},{"taxonomy":"product_cat","embeddable":true,"href":"https:\/\/growerssupply.eu\/de\/wp-json\/wp\/v2\/product_cat?post=5874"},{"taxonomy":"product_tag","embeddable":true,"href":"https:\/\/growerssupply.eu\/de\/wp-json\/wp\/v2\/product_tag?post=5874"}],"curies":[{"name":"wp","href":"https:\/\/api.w.org\/{rel}","templated":true}]}}