{"id":5908,"date":"2024-03-06T11:40:40","date_gmt":"2024-03-06T10:40:40","guid":{"rendered":"https:\/\/growerssupply.eu\/product\/stofftopf-39-liter-schwarz-mit-griffen-root-pouch\/"},"modified":"2024-03-06T11:40:40","modified_gmt":"2024-03-06T10:40:40","slug":"stofftopf-39-liter-schwarz-mit-griffen-root-pouch","status":"publish","type":"product","link":"https:\/\/growerssupply.eu\/de\/produkt\/stofftopf-39-liter-schwarz-mit-griffen-root-pouch\/","title":{"rendered":"Stofftopf 39 Liter | Schwarz | Mit Griffen | Root Pouch"},"content":{"rendered":"<h2>Pflanzentasche 39 Liter mit Griffen aus Wurzeltasche<\/h2>\n<p>Dieser <strong>Pflanzsack<\/strong> ist umweltfreundlich und besteht zu 100 % aus recycelten Materialien. Dieser Pflanzensack ist umweltfreundlich und besteht zu 100 % aus recycelten Materialien. Dadurch trocknet er gleichm\u00e4\u00dfig von allen Seiten, k\u00fchlt sich im Sommer ab und f\u00f6rdert das Wurzelwachstum. Im Substrat entsteht ein perfektes Klima f\u00fcr Pilze und Bakterien, das Ihren Pflanzen zugute kommt. Dank der beiden Griffe ist er sehr leicht zu transportieren, was bei einem so gro\u00dfen Volumen sehr praktisch ist. Da die Pflanzens\u00e4cke faltbar sind, k\u00f6nnen Sie sie nach Gebrauch platzsparend verstauen. Au\u00dferdem ist er waschmaschinentauglich, so dass Sie ihn einfach reinigen und wiederverwenden k\u00f6nnen. Die Pflanzenbeutel sind UV-best\u00e4ndig, BPA-frei und ungiftig, was sie f\u00fcr Sie sicher macht.<\/p>\n<p>Die Root Pouches sind die einzigen Stofft\u00f6pfe, die aus einer speziellen und geheimen Mischung aus Recycling-Natur- und Tierfasern hergestellt werden. Dadurch haben sie noch bessere Eigenschaften f\u00fcr die Wurzeln und das Bodenleben.<\/p>\n<h3>Produktinformation<\/h3>\n<ul>\n<li>Durchmesser: 40 cm, H\u00f6he: 30 cm<\/li>\n<li>schwarzer, stabiler Pflanzsack mit 260 g\/m\u00b2 Grammatur<\/li>\n<li>Geeignet f\u00fcr Boden- und Containerkultur<\/li>\n<li>Waschmaschinenfest, wiederverwendbar, leicht und unzerbrechlich<\/li>\n<li>trocknet gleichm\u00e4\u00dfig von allen Seiten und verhindert Staun\u00e4sse<\/li>\n<li>verhindert den Hauptfehler von Hobbyg\u00e4rtnern<\/li>\n<li>Mischgewebe aus Natur- und Tierfasern (100% Recyclingmaterial)<\/li>\n<li>perfektes Luft-Wasser-Verh\u00e4ltnis im Substrat<\/li>\n<li>f\u00f6rdert ein vitales und fein verzweigtes Wurzelsystem (ohne Ringwurzeln)<\/li>\n<li>Geeignet f\u00fcr alle Substrate und Kultursysteme<\/li>\n<li>verbesserte Entw\u00e4sserung<\/li>\n<li>Lebenserwartung: 4 &#8211; 5 Jahre<\/li>\n<li>UV-best\u00e4ndig, bpa-frei, ungiftig<\/li>\n<li style=\"box-sizing: Border-Box;\">Frostsicher<\/li>\n<li style=\"box-sizing: Border-Box;\">Klimaregulierend (K\u00fchlung im Sommer\/Isolierung im Winter)<\/li>\n<\/ul>\n<h3>Lieferumfang<\/h3>\n<ul>\n<li>1x Pflanzbeutel 39L schwarz mit Griffen aus Wurzelbeutel<\/li>\n<\/ul>\n","protected":false},"excerpt":{"rendered":"<ul>\n<li>Pflanzensack 39 Liter aus Recyclingmaterial<\/li>\n<li>ideal f\u00fcr gro\u00dfe Pflanzen &#8211; geeignet f\u00fcr alle Substrate und Anbausysteme<\/li>\n<li>Durchmesser: 40 cm<\/li>\n<\/ul>\n","protected":false},"featured_media":5305,"comment_status":"closed","ping_status":"closed","template":"","meta":[],"product_brand":[668],"product_cat":[528,529],"product_tag":[530],"class_list":{"0":"post-5908","1":"product","2":"type-product","3":"status-publish","4":"has-post-thumbnail","6":"product_brand-root-pouch","7":"product_cat-anzucht","8":"product_cat-root-pouch-de","9":"product_tag-root-pouch-de","11":"first","12":"outofstock","13":"sale","14":"taxable","15":"shipping-taxable","16":"purchasable","17":"product-type-simple"},"jetpack_sharing_enabled":true,"_links":{"self":[{"href":"https:\/\/growerssupply.eu\/de\/wp-json\/wp\/v2\/product\/5908","targetHints":{"allow":["GET"]}}],"collection":[{"href":"https:\/\/growerssupply.eu\/de\/wp-json\/wp\/v2\/product"}],"about":[{"href":"https:\/\/growerssupply.eu\/de\/wp-json\/wp\/v2\/types\/product"}],"replies":[{"embeddable":true,"href":"https:\/\/growerssupply.eu\/de\/wp-json\/wp\/v2\/comments?post=5908"}],"wp:featuredmedia":[{"embeddable":true,"href":"https:\/\/growerssupply.eu\/de\/wp-json\/wp\/v2\/media\/5305"}],"wp:attachment":[{"href":"https:\/\/growerssupply.eu\/de\/wp-json\/wp\/v2\/media?parent=5908"}],"wp:term":[{"taxonomy":"product_brand","embeddable":true,"href":"https:\/\/growerssupply.eu\/de\/wp-json\/wp\/v2\/product_brand?post=5908"},{"taxonomy":"product_cat","embeddable":true,"href":"https:\/\/growerssupply.eu\/de\/wp-json\/wp\/v2\/product_cat?post=5908"},{"taxonomy":"product_tag","embeddable":true,"href":"https:\/\/growerssupply.eu\/de\/wp-json\/wp\/v2\/product_tag?post=5908"}],"curies":[{"name":"wp","href":"https:\/\/api.w.org\/{rel}","templated":true}]}}