{"id":6028,"date":"2024-05-31T21:37:50","date_gmt":"2024-05-31T19:37:50","guid":{"rendered":"https:\/\/growerssupply.eu\/?post_type=product&#038;p=6028"},"modified":"2024-05-31T21:37:50","modified_gmt":"2024-05-31T19:37:50","slug":"solar-balkonhalterung-fuer-runde-gelaender-pv-halterung","status":"publish","type":"product","link":"https:\/\/growerssupply.eu\/de\/produkt\/solar-balkonhalterung-fuer-runde-gelaender-pv-halterung\/","title":{"rendered":"Solar Balkonhalterung f\u00fcr runde Gel\u00e4nder | PV Halterung"},"content":{"rendered":"<h3>BALKONHALTERUNG (f\u00fcr runde Gel\u00e4nder)<\/h3>\n<ul>\n<li><strong>Einfache Montage:<\/strong> Ideal f\u00fcr Mieter, da keine Bohrungen erforderlich sind \u2013 wird direkt am Gel\u00e4nder befestigt.<\/li>\n<li><strong>Komplett-Set:<\/strong> Alle ben\u00f6tigten Einzelteile sind im Set enthalten.<\/li>\n<li><strong>Hohe Widerstandsf\u00e4higkeit:<\/strong> H\u00e4lt dank robustem Material allen Wetterbedingungen stand.<\/li>\n<li><strong>Material:<\/strong> Eloxiertes Aluminium &amp; Edelstahl \u2013 korrosionsfrei, sicher &amp; robust.<\/li>\n<li><strong>Erh\u00f6hte Energieausbeute:<\/strong> Positioniert das Solarpanel f\u00fcr maximale Sonneneinstrahlung.<\/li>\n<li><strong>Flexibel verstellbar:<\/strong> Flach oder mit einem Neigungswinkel von 10-30\u00b0 einstellbar.<\/li>\n<\/ul>\n","protected":false},"excerpt":{"rendered":"<p>Einfache Solarhalterung f\u00fcr den Balkon<\/p>\n","protected":false},"featured_media":6071,"comment_status":"open","ping_status":"closed","template":"","meta":[],"product_brand":[],"product_cat":[433],"product_tag":[],"class_list":{"0":"post-6028","1":"product","2":"type-product","3":"status-publish","4":"has-post-thumbnail","6":"product_cat-solar-pv","8":"first","9":"instock","10":"taxable","11":"shipping-taxable","12":"purchasable","13":"product-type-simple"},"jetpack_sharing_enabled":true,"_links":{"self":[{"href":"https:\/\/growerssupply.eu\/de\/wp-json\/wp\/v2\/product\/6028","targetHints":{"allow":["GET"]}}],"collection":[{"href":"https:\/\/growerssupply.eu\/de\/wp-json\/wp\/v2\/product"}],"about":[{"href":"https:\/\/growerssupply.eu\/de\/wp-json\/wp\/v2\/types\/product"}],"replies":[{"embeddable":true,"href":"https:\/\/growerssupply.eu\/de\/wp-json\/wp\/v2\/comments?post=6028"}],"wp:featuredmedia":[{"embeddable":true,"href":"https:\/\/growerssupply.eu\/de\/wp-json\/wp\/v2\/media\/6071"}],"wp:attachment":[{"href":"https:\/\/growerssupply.eu\/de\/wp-json\/wp\/v2\/media?parent=6028"}],"wp:term":[{"taxonomy":"product_brand","embeddable":true,"href":"https:\/\/growerssupply.eu\/de\/wp-json\/wp\/v2\/product_brand?post=6028"},{"taxonomy":"product_cat","embeddable":true,"href":"https:\/\/growerssupply.eu\/de\/wp-json\/wp\/v2\/product_cat?post=6028"},{"taxonomy":"product_tag","embeddable":true,"href":"https:\/\/growerssupply.eu\/de\/wp-json\/wp\/v2\/product_tag?post=6028"}],"curies":[{"name":"wp","href":"https:\/\/api.w.org\/{rel}","templated":true}]}}